{"id":20141,"date":"2026-04-14T09:42:06","date_gmt":"2026-04-14T12:42:06","guid":{"rendered":"https:\/\/casadaescavadeira.com.br\/produto\/cubo-giro-jmf250-ccfuracao-430x12d26mm-t15-dp238mm\/"},"modified":"2026-04-14T09:48:33","modified_gmt":"2026-04-14T12:48:33","slug":"cubo-giro-jmf250-ccfuracao-430x12d26mm-t15-dp238mm","status":"publish","type":"product","link":"https:\/\/casadaescavadeira.com.br\/pt\/produto\/cubo-giro-jmf250-ccfuracao-430x12d26mm-t15-dp238mm\/","title":{"rendered":"CUBO GIRO JMF250 CCFURA\u00c7\u00c3O 430X12D26MM, T=15, DP=238MM"},"content":{"rendered":"","protected":false},"excerpt":{"rendered":"<p class=\"MsoNormal\"><strong>Bem-vindo \u00e0 Loja Oficial da CASA DA ESCAVADEIRA!<\/strong><\/p>\n<p>&nbsp;<\/p>\n<p class=\"MsoNormal\">Temos uma ampla variedade de pe\u00e7as hidr\u00e1ulicas para sua escavadeira e mini escavadeira, trabalhamos com: Acoplamentos, Bombas Hidr\u00e1ulicas, Motoredutores Hidr\u00e1ulicos de tra\u00e7\u00e3o e giro, Veda\u00e7\u00f5es, V\u00e1lvulas e sensores el\u00e9tricos.<\/p>\n<p>&nbsp;<\/p>\n<p>&nbsp;<\/p>\n<div class=\"MsoNormal\" style=\"text-align: center;\" align=\"center\">\n<hr align=\"center\" size=\"2\" width=\"100%\" \/>\n<\/div>\n<p class=\"MsoNormal\"><strong>Descri\u00e7\u00e3o do Produto:<\/strong><\/p>\n<p>&nbsp;<\/p>\n<p>&nbsp;<\/p>\n<p class=\"MsoNormal\">\u00a0Cubo do Giro JMF250<\/p>\n<p class=\"MsoNormal\">Grupo: JMF250<\/p>\n<p class=\"MsoNormal\">DChassis: 430 mm<\/p>\n<p class=\"MsoNormal\">Di\u00e2metro da Roda (DRODA): 430 mm<\/p>\n<p class=\"MsoNormal\">Di\u00e2metro do Pinh\u00e3o (DPINHAO): 12D26 mm<\/p>\n<p class=\"MsoNormal\">Espessura do Chassi (PCHSSIS): 15 mm<\/p>\n<p class=\"MsoNormal\">Profundidade da Roda (PROODA): 15 mm<\/p>\n<p>&nbsp;<\/p>\n<p>&nbsp;<\/p>\n<p>&nbsp;<\/p>\n<p class=\"MsoNormal\">Compatibilidade com M\u00e1quinas:<\/p>\n<p class=\"MsoNormal\">M\u00e1quinas Volvo: EC360B;\u00a0EC330B;\u00a0EC380D<\/p>\n<p class=\"MsoNormal\">TAG Volvo: 14512787<\/p>\n<p>&nbsp;<\/p>\n<p>&nbsp;<\/p>\n<p class=\"MsoNormal\">Descri\u00e7\u00e3o do Produto:<\/p>\n<p class=\"MsoNormal\">O Cubo do Giro JMF250 \u00e9 uma pe\u00e7a fundamental para garantir o funcionamento adequado das m\u00e1quinas pesadas. Com um design robusto e dimens\u00f5es precisas, este cubo \u00e9 projetado para oferecer desempenho superior e resist\u00eancia em opera\u00e7\u00f5es exigentes.<\/p>\n<p class=\"MsoNormal\">Benef\u00edcios:<\/p>\n<p class=\"MsoNormal\">Alta Durabilidade: Fabricado com materiais de qualidade para suportar as demandas do trabalho em campo.<\/p>\n<p class=\"MsoNormal\">Efici\u00eancia Operacional: Proporciona um giro eficiente, aumentando a produtividade das m\u00e1quinas.<\/p>\n<p class=\"MsoNormal\">Instala\u00e7\u00e3o Pr\u00e1tica: Desenvolvido para uma instala\u00e7\u00e3o r\u00e1pida, reduzindo o tempo de inatividade.<\/p>\n<p class=\"MsoNormal\">Aproveite a oportunidade de adquirir o Cubo do Giro JMF250 e mantenha suas m\u00e1quinas operando com m\u00e1xima efici\u00eancia. Para mais informa\u00e7\u00f5es e aquisi\u00e7\u00e3o, entre em contato conosco!<\/p>\n<p>&nbsp;<\/p>\n<p>&nbsp;<\/p>\n<div class=\"MsoNormal\" style=\"text-align: center;\" align=\"center\">\n<hr align=\"center\" size=\"2\" width=\"100%\" \/>\n<\/div>\n<p class=\"MsoNormal\"><strong>D\u00favidas Frequentes:<\/strong><\/p>\n<p class=\"MsoNormal\"><strong>1. Como calcular o frete?<\/strong><\/p>\n<ul style=\"margin-top: 0cm;\" type=\"disc\">\n<li class=\"MsoNormal\">Basta inserir seu CEP no campo de frete e as melhores op\u00e7\u00f5es de envio e pre\u00e7os ser\u00e3o informadas.<\/li>\n<\/ul>\n<p class=\"MsoNormal\"><strong>2. A mercadoria est\u00e1 dispon\u00edvel para pronta entrega?<\/strong><\/p>\n<ul style=\"margin-top: 0cm;\" type=\"disc\">\n<li class=\"MsoNormal\">Sim, exceto se o an\u00fancio mencionar prazo de produ\u00e7\u00e3o, todas as mercadorias s\u00e3o para pronta entrega.<\/li>\n<\/ul>\n<p class=\"MsoNormal\"><strong>3. O produto acompanha nota fiscal?<\/strong><\/p>\n<ul style=\"margin-top: 0cm;\" type=\"disc\">\n<li class=\"MsoNormal\">Sim, todos os itens acompanham nota fiscal e garantia.<\/li>\n<\/ul>\n<p class=\"MsoNormal\"><strong>4. Necessita de mais unidades, componentes espec\u00edficos ou encontrou pre\u00e7o melhor?<\/strong><\/p>\n<ul style=\"margin-top: 0cm;\" type=\"disc\">\n<li class=\"MsoNormal\">Envie-nos uma mensagem na se\u00e7\u00e3o de perguntas! Somos distribuidores de pe\u00e7as para escavadeiras e mini escavadeiras, com valores e condi\u00e7\u00f5es especiais para revendedores e fornecedores de pe\u00e7as.<\/li>\n<\/ul>","protected":false},"featured_media":20143,"comment_status":"open","ping_status":"closed","template":"","meta":{"_acf_changed":false,"om_disable_all_campaigns":false,"_monsterinsights_skip_tracking":false,"_monsterinsights_sitenote_active":false,"_monsterinsights_sitenote_note":"","_monsterinsights_sitenote_category":0,"_uf_show_specific_survey":0,"_uf_disable_surveys":false},"product_brand":[],"product_cat":[1205,605],"product_tag":[2839],"class_list":{"0":"post-20141","1":"product","2":"type-product","3":"status-publish","4":"has-post-thumbnail","6":"product_cat-jmf-series-hyundai-motoredutor-de-giro","7":"product_cat-motoredutor-de-giro","8":"product_tag-2839","9":"pa_marca-volvo","11":"first","12":"instock","13":"shipping-taxable","14":"product-type-simple"},"acf":[],"aioseo_notices":[],"_links":{"self":[{"href":"https:\/\/casadaescavadeira.com.br\/pt\/wp-json\/wp\/v2\/product\/20141","targetHints":{"allow":["GET"]}}],"collection":[{"href":"https:\/\/casadaescavadeira.com.br\/pt\/wp-json\/wp\/v2\/product"}],"about":[{"href":"https:\/\/casadaescavadeira.com.br\/pt\/wp-json\/wp\/v2\/types\/product"}],"replies":[{"embeddable":true,"href":"https:\/\/casadaescavadeira.com.br\/pt\/wp-json\/wp\/v2\/comments?post=20141"}],"wp:featuredmedia":[{"embeddable":true,"href":"https:\/\/casadaescavadeira.com.br\/pt\/wp-json\/wp\/v2\/media\/20143"}],"wp:attachment":[{"href":"https:\/\/casadaescavadeira.com.br\/pt\/wp-json\/wp\/v2\/media?parent=20141"}],"wp:term":[{"taxonomy":"product_brand","embeddable":true,"href":"https:\/\/casadaescavadeira.com.br\/pt\/wp-json\/wp\/v2\/product_brand?post=20141"},{"taxonomy":"product_cat","embeddable":true,"href":"https:\/\/casadaescavadeira.com.br\/pt\/wp-json\/wp\/v2\/product_cat?post=20141"},{"taxonomy":"product_tag","embeddable":true,"href":"https:\/\/casadaescavadeira.com.br\/pt\/wp-json\/wp\/v2\/product_tag?post=20141"}],"curies":[{"name":"wp","href":"https:\/\/api.w.org\/{rel}","templated":true}]}}