{"id":19637,"date":"2025-12-04T10:10:08","date_gmt":"2025-12-04T13:10:08","guid":{"rendered":"https:\/\/casadaescavadeira.com.br\/produto\/cubo-do-giro-m5x180chb-ccfuracao-400x14d17-6mm-t15\/"},"modified":"2025-12-04T10:17:06","modified_gmt":"2025-12-04T13:17:06","slug":"cubo-do-giro-m5x180chb-ccfuracao-400x14d17-6mm-t15","status":"publish","type":"product","link":"https:\/\/casadaescavadeira.com.br\/pt\/produto\/cubo-do-giro-m5x180chb-ccfuracao-400x14d17-6mm-t15\/","title":{"rendered":"CUBO DO GIRO M5X180CHB CCFURA\u00c7\u00c3O 400X14D17.6MM, T=15"},"content":{"rendered":"","protected":false},"excerpt":{"rendered":"<p class=\"MsoNormal\"><strong>Bem-vindo \u00e0 Loja Oficial da CASA DA ESCAVADEIRA!<\/strong><\/p>\n<p class=\"MsoNormal\">Temos uma ampla variedade de pe\u00e7as hidr\u00e1ulicas para sua escavadeira e mini escavadeira, trabalhamos com: Acoplamentos, Bombas Hidr\u00e1ulicas, Motoredutores Hidr\u00e1ulicos de tra\u00e7\u00e3o e giro, Veda\u00e7\u00f5es, V\u00e1lvulas e sensores el\u00e9tricos.<\/p>\n<div class=\"MsoNormal\" style=\"text-align: center;\" align=\"center\">\n<hr align=\"center\" size=\"2\" width=\"100%\" \/>\n<\/div>\n<p class=\"MsoNormal\"><strong>Descri\u00e7\u00e3o do Produto:<\/strong><\/p>\n<p class=\"MsoNormal\"><strong>Cubo do Giro M5X180CHB (Sem Motor)<\/strong><\/p>\n<p class=\"MsoNormal\"><strong>\u00a0<\/strong><\/p>\n<p class=\"MsoNormal\"><strong>Descri\u00e7\u00e3o: O Cubo do Giro M5X180CHB \u00e9 um componente essencial para garantir o movimento suave e eficiente das m\u00e1quinas de escava\u00e7\u00e3o. Com uma constru\u00e7\u00e3o robusta e design avan\u00e7ado, este cubo \u00e9 ideal para aplica\u00e7\u00f5es pesadas.<\/strong><\/p>\n<p class=\"MsoNormal\"><strong>\u00a0<\/strong><\/p>\n<p class=\"MsoNormal\"><strong>\u00a0<\/strong><\/p>\n<p class=\"MsoNormal\"><strong>Especifica\u00e7\u00f5es T\u00e9cnicas:<\/strong><\/p>\n<p class=\"MsoNormal\"><strong>Modelos Compat\u00edveis: M5X180CHB<\/strong><\/p>\n<p class=\"MsoNormal\"><strong>DChassis (Di\u00e2metro do Chassis): 400 mm<\/strong><\/p>\n<p class=\"MsoNormal\"><strong>DRoda (Di\u00e2metro da Roda): 210 mm<\/strong><\/p>\n<p class=\"MsoNormal\"><strong>Fura\u00e7\u00e3o: 14D17.6 mm<\/strong><\/p>\n<p class=\"MsoNormal\"><strong>T (Espessura): 15 mm<\/strong><\/p>\n<p class=\"MsoNormal\"><strong>\u00a0<\/strong><\/p>\n<p class=\"MsoNormal\"><strong>\u00a0<\/strong><\/p>\n<p class=\"MsoNormal\"><strong>Compatibilidade com M\u00e1quinas:<\/strong><\/p>\n<p class=\"MsoNormal\"><strong>M\u00e1quinas Hyundai: XE225BR, XE215C, XE235C<\/strong><\/p>\n<p class=\"MsoNormal\"><strong>M\u00e1quinas SANY: SY235-8<\/strong><\/p>\n<p class=\"MsoNormal\"><strong>M\u00e1quinas Liu Gong: LG240<\/strong><\/p>\n<p class=\"MsoNormal\"><strong>\u00a0<\/strong><\/p>\n<p class=\"MsoNormal\"><strong>\u00a0<\/strong><\/p>\n<p class=\"MsoNormal\"><strong>\u00a0<\/strong><\/p>\n<div class=\"MsoNormal\" style=\"text-align: center;\" align=\"center\">\n<hr align=\"center\" size=\"2\" width=\"100%\" \/>\n<\/div>\n<p class=\"MsoNormal\"><strong>D\u00favidas Frequentes:<\/strong><\/p>\n<p class=\"MsoNormal\"><strong>1. Como calcular o frete?<\/strong><\/p>\n<ul style=\"margin-top: 0cm;\" type=\"disc\">\n<li class=\"MsoNormal\">Basta inserir seu CEP no campo de frete e as melhores op\u00e7\u00f5es de envio e pre\u00e7os ser\u00e3o informadas.<\/li>\n<\/ul>\n<p class=\"MsoNormal\"><strong>2. A mercadoria est\u00e1 dispon\u00edvel para pronta entrega?<\/strong><\/p>\n<ul style=\"margin-top: 0cm;\" type=\"disc\">\n<li class=\"MsoNormal\">Sim, exceto se o an\u00fancio mencionar prazo de produ\u00e7\u00e3o, todas as mercadorias s\u00e3o para pronta entrega.<\/li>\n<\/ul>\n<p class=\"MsoNormal\"><strong>3. O produto acompanha nota fiscal?<\/strong><\/p>\n<ul style=\"margin-top: 0cm;\" type=\"disc\">\n<li class=\"MsoNormal\">Sim, todos os itens acompanham nota fiscal e garantia.<\/li>\n<\/ul>\n<p class=\"MsoNormal\"><strong>4. Necessita de mais unidades, componentes espec\u00edficos ou encontrou pre\u00e7o melhor?<\/strong><\/p>\n<ul style=\"margin-top: 0cm;\" type=\"disc\">\n<li class=\"MsoNormal\">Envie-nos uma mensagem na se\u00e7\u00e3o de perguntas! Somos distribuidores de pe\u00e7as para escavadeiras e mini escavadeiras, com valores e condi\u00e7\u00f5es especiais para revendedores e fornecedores de pe\u00e7as.<\/li>\n<li class=\"MsoNormal\"><strong>HOR\u00c1RIO DE ATENDIMENTO:<br \/>\n&#8211; De segunda a sexta-feira das 8h \u00e0s 17:30h.<\/strong><\/li>\n<\/ul>\n<p class=\"MsoNormal\">","protected":false},"featured_media":19639,"comment_status":"open","ping_status":"closed","template":"","meta":{"_acf_changed":false,"om_disable_all_campaigns":false,"_monsterinsights_skip_tracking":false,"_monsterinsights_sitenote_active":false,"_monsterinsights_sitenote_note":"","_monsterinsights_sitenote_category":0,"_uf_show_specific_survey":0,"_uf_disable_surveys":false},"product_brand":[],"product_cat":[1203,605],"product_tag":[],"class_list":{"0":"post-19637","1":"product","2":"type-product","3":"status-publish","4":"has-post-thumbnail","6":"product_cat-m5x-series-kawasaki-motoredutor-de-giro","7":"product_cat-motoredutor-de-giro","8":"pa_marca-hyundai","9":"pa_marca-liugong","10":"pa_marca-sany","12":"first","13":"instock","14":"shipping-taxable","15":"product-type-simple"},"acf":[],"aioseo_notices":[],"_links":{"self":[{"href":"https:\/\/casadaescavadeira.com.br\/pt\/wp-json\/wp\/v2\/product\/19637","targetHints":{"allow":["GET"]}}],"collection":[{"href":"https:\/\/casadaescavadeira.com.br\/pt\/wp-json\/wp\/v2\/product"}],"about":[{"href":"https:\/\/casadaescavadeira.com.br\/pt\/wp-json\/wp\/v2\/types\/product"}],"replies":[{"embeddable":true,"href":"https:\/\/casadaescavadeira.com.br\/pt\/wp-json\/wp\/v2\/comments?post=19637"}],"wp:featuredmedia":[{"embeddable":true,"href":"https:\/\/casadaescavadeira.com.br\/pt\/wp-json\/wp\/v2\/media\/19639"}],"wp:attachment":[{"href":"https:\/\/casadaescavadeira.com.br\/pt\/wp-json\/wp\/v2\/media?parent=19637"}],"wp:term":[{"taxonomy":"product_brand","embeddable":true,"href":"https:\/\/casadaescavadeira.com.br\/pt\/wp-json\/wp\/v2\/product_brand?post=19637"},{"taxonomy":"product_cat","embeddable":true,"href":"https:\/\/casadaescavadeira.com.br\/pt\/wp-json\/wp\/v2\/product_cat?post=19637"},{"taxonomy":"product_tag","embeddable":true,"href":"https:\/\/casadaescavadeira.com.br\/pt\/wp-json\/wp\/v2\/product_tag?post=19637"}],"curies":[{"name":"wp","href":"https:\/\/api.w.org\/{rel}","templated":true}]}}