{"id":19259,"date":"2025-04-15T16:48:07","date_gmt":"2025-04-15T19:48:07","guid":{"rendered":"https:\/\/casadaescavadeira.com.br\/produto\/rotor-da-bomba-hidraulica-hpv118-d1-110mm-l1-8550-mm\/"},"modified":"2025-04-15T17:05:13","modified_gmt":"2025-04-15T20:05:13","slug":"rotor-da-bomba-hidraulica-hpv118-d1-110mm-l1-8550-mm","status":"publish","type":"product","link":"https:\/\/casadaescavadeira.com.br\/pt\/produto\/rotor-da-bomba-hidraulica-hpv118-d1-110mm-l1-8550-mm\/","title":{"rendered":"ROTOR DA BOMBA HIDR\u00c1ULICA HPV118 (D1 = 110mm, L1 = 85,50 mm)"},"content":{"rendered":"","protected":false},"excerpt":{"rendered":"<p class=\"MsoNormal\">Bem-vindo \u00e0 Loja Oficial da CASA DA ESCAVADEIRA!<\/p>\n<p class=\"MsoNormal\">Temos uma ampla variedade de pe\u00e7as hidr\u00e1ulicas para sua escavadeira e mini escavadeira. Trabalhamos com: Acoplamentos, Bombas Hidr\u00e1ulicas, Motoredutores Hidr\u00e1ulicos de Tra\u00e7\u00e3o e Giro, Veda\u00e7\u00f5es, V\u00e1lvulas e Sensores El\u00e9tricos.<\/p>\n<div class=\"MsoNormal\" style=\"text-align: center;\" align=\"center\">\n<hr align=\"center\" size=\"2\" width=\"100%\" \/>\n<\/div>\n<p class=\"MsoNormal\">\u00a0Este \u00e9 um componente essencial para garantir a efici\u00eancia e o desempenho da sua escavadeira. Produzida com materiais de alta qualidade, oferece durabilidade, precis\u00e3o e resist\u00eancia em opera\u00e7\u00f5es pesadas. Compat\u00edvel com diversos modelos de m\u00e1quinas, proporciona f\u00e1cil instala\u00e7\u00e3o e desempenho superior em ambientes exigentes.<\/p>\n<p class=\"MsoNormal\">Optar pelo nosso produto de alta qualidade \u00e9 investir na longevidade e na performance m\u00e1xima da sua m\u00e1quina. Na Casa da Escavadeira, oferecemos componentes testados e aprovados para diversas marcas e modelos, assegurando a melhor performance em cada opera\u00e7\u00e3o.<\/p>\n<p>&nbsp;<\/p>\n<p class=\"MsoNormal\"><strong>Especifica\u00e7\u00f5es:<\/strong><\/p>\n<p class=\"MsoNormal\">\n<p class=\"MsoNormal\"><strong>D1(MM) = <\/strong>110<\/p>\n<p class=\"MsoNormal\"><strong>D2(MM) = <\/strong>26<\/p>\n<p class=\"MsoNormal\"><strong>D3(MM) = <\/strong>35<\/p>\n<p>&nbsp;<\/p>\n<p>&nbsp;<\/p>\n<p class=\"MsoNormal\"><strong>L1(MM) =<\/strong> 85.50<\/p>\n<p class=\"MsoNormal\"><strong>N (CAV.PISTOES)<\/strong> = 7<\/p>\n<p>&nbsp;<\/p>\n<p>&nbsp;<\/p>\n<p class=\"MsoNormal\"><strong>Compatibilidade por Marca:<\/strong><\/p>\n<p>&nbsp;<\/p>\n<p>&nbsp;<\/p>\n<ul style=\"margin-top: 0cm;\" type=\"disc\">\n<li class=\"MsoNormal\"><strong>Hitachi:<\/strong> ZX200-3, ZAXIS240-3, ZAXIS270-3, ZAXIS240LC-3, ZAXIS250LC-3, ZAXIS250LCN-3, ZAXIS250H-3, ZAXIS250LCH-3, ZAXIS250K-3, ZAXIS250LCK-3, ZAXIS270LC-3, ZAXIS280LC-3, ZAXIS280LCN-3, ZAXIS280LCH-3, ZAXIS225US-3, ZAXIS200-3, ZAXIS200LC-3, ZAXIS225USLC-3, ZAXIS210H-3, ZAXIS210LCH-3, ZAXIS210K-3, ZAXIS210LCK-3, ZAXIS210LCN-3, ZAXIS240N-3, ZAXIS160LC-3, ZAXIS190W-3, ZAXIS220W-3<\/li>\n<\/ul>\n<ul style=\"margin-top: 0cm;\" type=\"disc\">\n<li class=\"MsoNormal\"><strong>Tag:<\/strong> 2052956<\/li>\n<\/ul>\n<p>&nbsp;<\/p>\n<p>&nbsp;<\/p>\n<p class=\"MsoNormal\">Garantia de Qualidade: Produto testado para oferecer m\u00e1xima efici\u00eancia e resist\u00eancia.<\/p>\n<p class=\"MsoNormal\">Mantenha sua m\u00e1quina em pleno funcionamento com a Casa da Escavadeira!<\/p>\n<p>&nbsp;<\/p>\n<p>&nbsp;<\/p>\n<p class=\"MsoNormal\"><strong>D\u00favidas Frequentes:<\/strong><\/p>\n<p class=\"MsoNormal\"><strong>\u00a0<\/strong><\/p>\n<p class=\"MsoNormal\"><strong>1. Como calcular o frete?<\/strong><\/p>\n<ul style=\"margin-top: 0cm;\" type=\"disc\">\n<li class=\"MsoNormal\">Basta inserir seu CEP no campo de frete e as melhores op\u00e7\u00f5es de envio e pre\u00e7os ser\u00e3o informadas.<\/li>\n<\/ul>\n<p class=\"MsoNormal\"><strong>2. A mercadoria est\u00e1 dispon\u00edvel para pronta entrega?<\/strong><\/p>\n<ul style=\"margin-top: 0cm;\" type=\"disc\">\n<li class=\"MsoNormal\">Sim, exceto se o an\u00fancio mencionar prazo de produ\u00e7\u00e3o, todas as mercadorias s\u00e3o para pronta entrega.<\/li>\n<\/ul>\n<p class=\"MsoNormal\"><strong>3. O produto acompanha nota fiscal?<\/strong><\/p>\n<ul style=\"margin-top: 0cm;\" type=\"disc\">\n<li class=\"MsoNormal\">Sim, todos os itens acompanham nota fiscal e garantia.<\/li>\n<\/ul>\n<p class=\"MsoNormal\"><strong>4. Necessita de mais unidades, componentes espec\u00edficos ou encontrou pre\u00e7o melhor?<\/strong><\/p>\n<ul style=\"margin-top: 0cm;\" type=\"disc\">\n<li class=\"MsoNormal\">Envie-nos uma mensagem na se\u00e7\u00e3o de perguntas! Somos distribuidores de pe\u00e7as para escavadeiras e mini escavadeiras, com valores e condi\u00e7\u00f5es especiais para revendedores e fornecedores de pe\u00e7as.<\/li>\n<\/ul>\n<p>&nbsp;<\/p>\n<ul style=\"margin-top: 0cm;\" type=\"disc\">\n<li class=\"MsoNormal\"><strong>HOR\u00c1RIO DE ATENDIMENTO: \u2013 De segunda a sexta-feira das 8h \u00e0s 17:30h.<\/strong><\/li>\n<\/ul>","protected":false},"featured_media":19260,"comment_status":"open","ping_status":"closed","template":"","meta":{"_acf_changed":false,"om_disable_all_campaigns":false,"_monsterinsights_skip_tracking":false,"_monsterinsights_sitenote_active":false,"_monsterinsights_sitenote_note":"","_monsterinsights_sitenote_category":0,"_uf_show_specific_survey":0,"_uf_disable_surveys":false},"product_brand":[],"product_cat":[1179,39],"product_tag":[2525],"class_list":{"0":"post-19259","1":"product","2":"type-product","3":"status-publish","4":"has-post-thumbnail","6":"product_cat-hpv-series-hitachi-bomba-hidraulica-pecas","7":"product_cat-bomba-hidraulica-pecas","8":"product_tag-2525","9":"pa_marca-fiat-hitachi","11":"first","12":"instock","13":"shipping-taxable","14":"product-type-simple"},"acf":[],"aioseo_notices":[],"_links":{"self":[{"href":"https:\/\/casadaescavadeira.com.br\/pt\/wp-json\/wp\/v2\/product\/19259","targetHints":{"allow":["GET"]}}],"collection":[{"href":"https:\/\/casadaescavadeira.com.br\/pt\/wp-json\/wp\/v2\/product"}],"about":[{"href":"https:\/\/casadaescavadeira.com.br\/pt\/wp-json\/wp\/v2\/types\/product"}],"replies":[{"embeddable":true,"href":"https:\/\/casadaescavadeira.com.br\/pt\/wp-json\/wp\/v2\/comments?post=19259"}],"wp:featuredmedia":[{"embeddable":true,"href":"https:\/\/casadaescavadeira.com.br\/pt\/wp-json\/wp\/v2\/media\/19260"}],"wp:attachment":[{"href":"https:\/\/casadaescavadeira.com.br\/pt\/wp-json\/wp\/v2\/media?parent=19259"}],"wp:term":[{"taxonomy":"product_brand","embeddable":true,"href":"https:\/\/casadaescavadeira.com.br\/pt\/wp-json\/wp\/v2\/product_brand?post=19259"},{"taxonomy":"product_cat","embeddable":true,"href":"https:\/\/casadaescavadeira.com.br\/pt\/wp-json\/wp\/v2\/product_cat?post=19259"},{"taxonomy":"product_tag","embeddable":true,"href":"https:\/\/casadaescavadeira.com.br\/pt\/wp-json\/wp\/v2\/product_tag?post=19259"}],"curies":[{"name":"wp","href":"https:\/\/api.w.org\/{rel}","templated":true}]}}