{"id":19203,"date":"2025-04-09T10:20:12","date_gmt":"2025-04-09T13:20:12","guid":{"rendered":"https:\/\/casadaescavadeira.com.br\/produto\/bola-guia-da-bomba-hidraulica-hpv95-d1-62mm-l1-2450mm\/"},"modified":"2025-04-09T10:54:08","modified_gmt":"2025-04-09T13:54:08","slug":"bola-guia-da-bomba-hidraulica-hpv95-d1-62mm-l1-2450mm","status":"publish","type":"product","link":"https:\/\/casadaescavadeira.com.br\/pt\/produto\/bola-guia-da-bomba-hidraulica-hpv95-d1-62mm-l1-2450mm\/","title":{"rendered":"BOLA GUIA DA BOMBA HIDR\u00c1ULICA HPV95 (D1= 62MM, L1= 24,50MM)"},"content":{"rendered":"","protected":false},"excerpt":{"rendered":"<p class=\"MsoNormal\">Bem-vindo \u00e0 Loja Oficial da CASA DA ESCAVADEIRA!<\/p>\n<p>&nbsp;<\/p>\n<p class=\"MsoNormal\">Temos uma ampla variedade de pe\u00e7as hidr\u00e1ulicas para sua escavadeira e mini escavadeira. Trabalhamos com: Acoplamentos, Bombas Hidr\u00e1ulicas, Motoredutores Hidr\u00e1ulicos de Tra\u00e7\u00e3o e Giro, Veda\u00e7\u00f5es, V\u00e1lvulas e Sensores El\u00e9tricos.<\/p>\n<p>&nbsp;<\/p>\n<div class=\"MsoNormal\" style=\"text-align: center;\" align=\"center\">\n<hr align=\"center\" size=\"2\" width=\"100%\" \/>\n<\/div>\n<p class=\"MsoNormal\">\u00a0Este \u00e9 um componente essencial para garantir a efici\u00eancia e o desempenho da sua escavadeira. Produzida com materiais de alta qualidade, oferece durabilidade, precis\u00e3o e resist\u00eancia em opera\u00e7\u00f5es pesadas. Compat\u00edvel com diversos modelos de m\u00e1quinas, proporciona f\u00e1cil instala\u00e7\u00e3o e desempenho superior em ambientes exigentes.<\/p>\n<p>&nbsp;<\/p>\n<p class=\"MsoNormal\">Optar pelo nosso produto de alta qualidade \u00e9 investir na longevidade e na performance m\u00e1xima da sua m\u00e1quina. Na Casa da Escavadeira, oferecemos componentes testados e aprovados para diversas marcas e modelos, assegurando a melhor performance em cada opera\u00e7\u00e3o.<\/p>\n<p>&nbsp;<\/p>\n<p>&nbsp;<\/p>\n<p class=\"MsoNormal\"><strong>BOLA GUIA DA BOMBA HIDR\u00c1ULICA HPV95 (D1= 62MM, L1= 24,50MM)<\/strong><\/p>\n<p class=\"MsoNormal\"><strong>\u00a0<\/strong><\/p>\n<p class=\"MsoNormal\"><strong>D1(MM) = 62<\/strong><\/p>\n<p class=\"MsoNormal\"><strong>D2(MM) = 38.34<\/strong><\/p>\n<p class=\"MsoNormal\"><strong>D3(MM) = 54<\/strong><\/p>\n<p class=\"MsoNormal\"><strong>\u00a0<\/strong><\/p>\n<p class=\"MsoNormal\"><strong>L1(MM) = 24.5<\/strong><\/p>\n<p class=\"MsoNormal\"><strong>Z(MM) = 23<\/strong><\/p>\n<p class=\"MsoNormal\"><strong>\u00a0<\/strong><\/p>\n<p class=\"MsoNormal\"><strong>Compatibilidade por Marca:<\/strong><\/p>\n<ul style=\"margin-top: 0cm;\" type=\"disc\">\n<li class=\"MsoNormal\"><strong>Komatsu:<\/strong> PC100-6; PC100L-6; PC1100-6; PC1100LC-6; PC1100SP-6; PC110R-1; PC120-6; PC120-6Z-W; PC120-6Z; PC120LC-6; PC120LC-6E0; PC1250-7; PC1250-8; PC1250-8R; PC1250LC-7; PC1250LC-8; PC1250SP-7; PC1250SP-8; PC1250SP-8R; PC128US-1; PC128US-2-EU; PC128US-2-N; PC128UU-1; PC128UU-2; PC130-6; PC130-7; PC138USLC-2; PC138USLC-8; PC158US-2-W1; PC158USLC-2-W1; PC1800-6; PC200-6-A; PC200-6H-A; PC200-6Z; PC200-7; PC200-8; PC2000-8; PC200CA-6-C1; PC200CA-6-U1; PC200CA-6; PC200LC-6-A; PC200LC-6H-A; PC200LC-6Z; PC200LC-7-US; PC200LC-7; PC200LC-8; PC210-6; PC210LC-6; PC220-6; PC220-6Z; PC220-7; PC220-8; PC220LC-6; PC220LC-6Z; PC220LC-7; PC220LC-8; D155A-6; D275A-5; D275A-5D; D275A-5R; D275AX-5; D61EX-12; D61P-12; D61PX-12; D65EX-12; D65EX-12H; D65EX-12U; D65EX-15; D65EX-15E0; D65PX-12; D65PX-12U; D65PX-15; D65PX-15E0; D65WX-15; D65WX-15E0; D85EX-15; D85EX-15E0; D85MS-15; D85PX-15; D85PX-15E0<\/li>\n<li class=\"MsoNormal\"><strong>Tag:<\/strong> 708-2L-23351<\/li>\n<\/ul>\n<p>&nbsp;<\/p>\n<p>&nbsp;<\/p>\n<p class=\"MsoNormal\">Garantia de Qualidade: Produto testado para oferecer m\u00e1xima efici\u00eancia e resist\u00eancia.<\/p>\n<p class=\"MsoNormal\">Mantenha sua m\u00e1quina em pleno funcionamento com a Casa da Escavadeira!<\/p>\n<p>&nbsp;<\/p>\n<p>&nbsp;<\/p>\n<p class=\"MsoNormal\"><strong>D\u00favidas Frequentes:<\/strong><\/p>\n<p class=\"MsoNormal\"><strong>1. Como calcular o frete?<\/strong><\/p>\n<ul style=\"margin-top: 0cm;\" type=\"disc\">\n<li class=\"MsoNormal\">Basta inserir seu CEP no campo de frete e as melhores op\u00e7\u00f5es de envio e pre\u00e7os ser\u00e3o informadas.<\/li>\n<\/ul>\n<p class=\"MsoNormal\"><strong>2. A mercadoria est\u00e1 dispon\u00edvel para pronta entrega?<\/strong><\/p>\n<ul style=\"margin-top: 0cm;\" type=\"disc\">\n<li class=\"MsoNormal\">Sim, exceto se o an\u00fancio mencionar prazo de produ\u00e7\u00e3o, todas as mercadorias s\u00e3o para pronta entrega.<\/li>\n<\/ul>\n<p class=\"MsoNormal\"><strong>3. O produto acompanha nota fiscal?<\/strong><\/p>\n<ul style=\"margin-top: 0cm;\" type=\"disc\">\n<li class=\"MsoNormal\">Sim, todos os itens acompanham nota fiscal e garantia.<\/li>\n<\/ul>\n<p class=\"MsoNormal\"><strong>4. Necessita de mais unidades, componentes espec\u00edficos ou encontrou pre\u00e7o melhor?<\/strong><\/p>\n<ul style=\"margin-top: 0cm;\" type=\"disc\">\n<li class=\"MsoNormal\">Envie-nos uma mensagem na se\u00e7\u00e3o de perguntas! Somos distribuidores de pe\u00e7as para escavadeiras e mini escavadeiras, com valores e condi\u00e7\u00f5es especiais para revendedores e fornecedores de pe\u00e7as.<\/li>\n<\/ul>\n<p>&nbsp;<\/p>\n<ul style=\"margin-top: 0cm;\" type=\"disc\">\n<li class=\"MsoNormal\"><strong>HOR\u00c1RIO DE ATENDIMENTO: \u2013 De segunda a sexta-feira das 8h \u00e0s 17:30h.<\/strong><\/li>\n<\/ul>","protected":false},"featured_media":19205,"comment_status":"open","ping_status":"closed","template":"","meta":{"_acf_changed":false,"om_disable_all_campaigns":false,"_monsterinsights_skip_tracking":false,"_monsterinsights_sitenote_active":false,"_monsterinsights_sitenote_note":"","_monsterinsights_sitenote_category":0,"_uf_show_specific_survey":0,"_uf_disable_surveys":false},"product_brand":[],"product_cat":[1179,39],"product_tag":[1650],"class_list":{"0":"post-19203","1":"product","2":"type-product","3":"status-publish","4":"has-post-thumbnail","6":"product_cat-hpv-series-hitachi-bomba-hidraulica-pecas","7":"product_cat-bomba-hidraulica-pecas","8":"product_tag-708-2l-23351","9":"pa_marca-komatsu","11":"first","12":"instock","13":"shipping-taxable","14":"product-type-simple"},"acf":[],"aioseo_notices":[],"_links":{"self":[{"href":"https:\/\/casadaescavadeira.com.br\/pt\/wp-json\/wp\/v2\/product\/19203","targetHints":{"allow":["GET"]}}],"collection":[{"href":"https:\/\/casadaescavadeira.com.br\/pt\/wp-json\/wp\/v2\/product"}],"about":[{"href":"https:\/\/casadaescavadeira.com.br\/pt\/wp-json\/wp\/v2\/types\/product"}],"replies":[{"embeddable":true,"href":"https:\/\/casadaescavadeira.com.br\/pt\/wp-json\/wp\/v2\/comments?post=19203"}],"wp:featuredmedia":[{"embeddable":true,"href":"https:\/\/casadaescavadeira.com.br\/pt\/wp-json\/wp\/v2\/media\/19205"}],"wp:attachment":[{"href":"https:\/\/casadaescavadeira.com.br\/pt\/wp-json\/wp\/v2\/media?parent=19203"}],"wp:term":[{"taxonomy":"product_brand","embeddable":true,"href":"https:\/\/casadaescavadeira.com.br\/pt\/wp-json\/wp\/v2\/product_brand?post=19203"},{"taxonomy":"product_cat","embeddable":true,"href":"https:\/\/casadaescavadeira.com.br\/pt\/wp-json\/wp\/v2\/product_cat?post=19203"},{"taxonomy":"product_tag","embeddable":true,"href":"https:\/\/casadaescavadeira.com.br\/pt\/wp-json\/wp\/v2\/product_tag?post=19203"}],"curies":[{"name":"wp","href":"https:\/\/api.w.org\/{rel}","templated":true}]}}