{"id":19161,"date":"2025-04-04T16:59:40","date_gmt":"2025-04-04T19:59:40","guid":{"rendered":"https:\/\/casadaescavadeira.com.br\/produto\/motor-de-giro-m5x130-06-rosca-ccfuracao-302x14d15mm-z19\/"},"modified":"2026-04-23T09:47:27","modified_gmt":"2026-04-23T12:47:27","slug":"motor-de-giro-m5x130-06-rosca-ccfuracao-302x14d15mm-z19","status":"publish","type":"product","link":"https:\/\/casadaescavadeira.com.br\/pt\/produto\/motor-de-giro-m5x130-06-rosca-ccfuracao-302x14d15mm-z19\/","title":{"rendered":"CUBO DE GIRO M5X130-06 ROSCA CCFURA\u00c7\u00c3O 360X11D22MM, T=13"},"content":{"rendered":"","protected":false},"excerpt":{"rendered":"<p class=\"MsoNormal\"><strong>Bem-vindo \u00e0 Loja Oficial da CASA DA ESCAVADEIRA!<\/strong><\/p>\n<p class=\"MsoNormal\"><strong>\u00a0<\/strong><\/p>\n<p class=\"MsoNormal\">\u00a0<\/p>\n<p class=\"MsoNormal\">Temos uma ampla variedade de pe\u00e7as hidr\u00e1ulicas para sua escavadeira e mini escavadeira. Trabalhamos com: <strong>Acoplamentos, Bombas Hidr\u00e1ulicas, Motoredutores Hidr\u00e1ulicos de Tra\u00e7\u00e3o e Giro, Veda\u00e7\u00f5es, V\u00e1lvulas e Sensores El\u00e9tricos.<\/strong><\/p>\n<p class=\"MsoNormal\"><strong>\u00a0<\/strong><\/p>\n<p class=\"MsoNormal\">\u00a0<\/p>\n<div class=\"MsoNormal\" align=\"center\" style=\"text-align: center\">\n<hr align=\"center\" size=\"2\" width=\"100%\" \/><\/div>\n<p class=\"MsoNormal\"><strong>Descri\u00e7\u00e3o do Produto:<\/strong><\/p>\n<p class=\"MsoNormal\">\u00a0<\/p>\n<p class=\"MsoNormal\">O\u00a0<strong>CUBO DE GIRO M5X130-06 ROSCA CCFURA\u00c7\u00c3O 360X11D22MM, T=13\u00a0<\/strong>\u00e9 um componente de alta qualidade, projetado para oferecer <strong>durabilidade, precis\u00e3o e desempenho superior<\/strong> em m\u00e1quinas pesadas. Compat\u00edvel com diversos modelos de escavadeiras, este item proporciona f\u00e1cil instala\u00e7\u00e3o e excelente resist\u00eancia em ambientes de trabalho exigentes.<br \/><!-- [if !supportLineBreakNewLine]--><br \/><!--[endif]--><\/p>\n<p class=\"MsoNormal\">\u00a0<\/p>\n<p class=\"MsoNormal\">Optar por motores de giro e tra\u00e7\u00e3o de alta qualidade \u00e9 investir na longevidade e no desempenho m\u00e1ximo da sua m\u00e1quina. Na Casa da Escavadeira, oferecemos componentes testados e aprovados para diversas marcas e modelos, assegurando a melhor performance em cada opera\u00e7\u00e3o.<\/p>\n<p class=\"MsoNormal\">\u00a0<\/p>\n<p class=\"MsoNormal\">\u00a0<\/p>\n<p class=\"MsoNormal\">\u00a0<\/p>\n<p class=\"MsoNormal\">\u00a0<\/p>\n<p class=\"MsoNormal\"><strong>Dimens\u00f5es:<\/strong><\/p>\n<p class=\"MsoNormal\"><strong>\u00a0<\/strong><\/p>\n<p class=\"MsoNormal\"><strong>Di\u00e2metro do Chassis: <\/strong>360 mm<\/p>\n<p class=\"MsoNormal\"><strong>Di\u00e2metro da Roda: <\/strong>180 mm<\/p>\n<p class=\"MsoNormal\"><strong>Padr\u00e3o de Fura\u00e7\u00e3o: <\/strong>11 furos de 22 mm<\/p>\n<p class=\"MsoNormal\"><strong>N\u00famero de Estrias: <\/strong>13<\/p>\n<p class=\"MsoNormal\">\u00a0<\/p>\n<p class=\"MsoNormal\">\u00a0<\/p>\n<p class=\"MsoNormal\">\u00a0<\/p>\n<p class=\"MsoNormal\"><strong>Compatibilidade por Marca:<\/strong><\/p>\n<p class=\"MsoNormal\"><strong>\u00a0<\/strong><\/p>\n<p class=\"MsoNormal\">\u00a0<\/p>\n<ul style=\"margin-top: 0cm\" type=\"disc\">\n<li class=\"MsoNormal\"><strong>Hyundai:<\/strong> DH150-7<\/li>\n<li class=\"MsoNormal\"><strong>Tag:<\/strong> 401-00003<\/li>\n<\/ul>\n<p class=\"MsoNormal\">\u00a0<\/p>\n<p class=\"MsoNormal\">\u00a0<\/p>\n<p class=\"MsoNormal\">\u00a0<\/p>\n<p class=\"MsoNormal\">\u00a0<\/p>\n<p class=\"MsoNormal\"><strong>Garantia de Qualidade<\/strong>: Produto testado para oferecer m\u00e1xima efici\u00eancia e resist\u00eancia.<\/p>\n<p class=\"MsoNormal\">\u00a0<\/p>\n<p class=\"MsoNormal\"><strong>Mantenha sua m\u00e1quina em pleno funcionamento com o CUBO DE GIRO M5X130-06 ROSCA CCFURA\u00c7\u00c3O 360X11D22MM, T=13!<\/strong><\/p>\n<p class=\"MsoNormal\"><strong><\/p>\n<p>D\u00favidas Frequentes:<\/strong><\/p>\n<p class=\"MsoNormal\">\u00a0<\/p>\n<p class=\"MsoNormal\"><strong>1. Como calcular o frete?<\/strong><\/p>\n<ul style=\"margin-top: 0cm\" type=\"disc\">\n<li class=\"MsoNormal\">Basta inserir seu CEP no campo de frete e as melhores op\u00e7\u00f5es de envio e pre\u00e7os ser\u00e3o informadas.<\/li>\n<\/ul>\n<p class=\"MsoNormal\"><strong>2. A mercadoria est\u00e1 dispon\u00edvel para pronta entrega?<\/strong><\/p>\n<ul style=\"margin-top: 0cm\" type=\"disc\">\n<li class=\"MsoNormal\">Sim, exceto se o an\u00fancio mencionar prazo de produ\u00e7\u00e3o, todas as mercadorias s\u00e3o para pronta entrega.<\/li>\n<\/ul>\n<p class=\"MsoNormal\"><strong>3. O produto acompanha nota fiscal?<\/strong><\/p>\n<ul style=\"margin-top: 0cm\" type=\"disc\">\n<li class=\"MsoNormal\">Sim, todos os itens acompanham nota fiscal e garantia.<\/li>\n<\/ul>\n<p class=\"MsoNormal\"><strong>4. Necessita de mais unidades, componentes espec\u00edficos ou encontrou pre\u00e7o melhor?<\/strong><\/p>\n<ul style=\"margin-top: 0cm\" type=\"disc\">\n<li class=\"MsoNormal\">Envie-nos uma mensagem na se\u00e7\u00e3o de perguntas! Somos distribuidores de pe\u00e7as para escavadeiras e mini escavadeiras, com valores e condi\u00e7\u00f5es especiais para revendedores e fornecedores de pe\u00e7as.<\/li>\n<li class=\"MsoNormal\"><\/li>\n<li class=\"MsoNormal\"><strong>HOR\u00c1RIO DE ATENDIMENTO: \u2013 De segunda a sexta-feira das 8h \u00e0s 17:30h.<\/strong><\/li>\n<\/ul>\n","protected":false},"featured_media":19163,"comment_status":"open","ping_status":"closed","template":"","meta":{"_acf_changed":false,"om_disable_all_campaigns":false,"_monsterinsights_skip_tracking":false,"_monsterinsights_sitenote_active":false,"_monsterinsights_sitenote_note":"","_monsterinsights_sitenote_category":0,"_uf_show_specific_survey":0,"_uf_disable_surveys":false},"product_brand":[],"product_cat":[19],"product_tag":[2459],"class_list":{"0":"post-19161","1":"product","2":"type-product","3":"status-publish","4":"has-post-thumbnail","6":"product_cat-bombas-hidraulicas","7":"product_tag-401-00003","8":"pa_marca-hyundai","10":"first","11":"outofstock","12":"shipping-taxable","13":"purchasable","14":"product-type-simple"},"acf":[],"aioseo_notices":[],"_links":{"self":[{"href":"https:\/\/casadaescavadeira.com.br\/pt\/wp-json\/wp\/v2\/product\/19161","targetHints":{"allow":["GET"]}}],"collection":[{"href":"https:\/\/casadaescavadeira.com.br\/pt\/wp-json\/wp\/v2\/product"}],"about":[{"href":"https:\/\/casadaescavadeira.com.br\/pt\/wp-json\/wp\/v2\/types\/product"}],"replies":[{"embeddable":true,"href":"https:\/\/casadaescavadeira.com.br\/pt\/wp-json\/wp\/v2\/comments?post=19161"}],"wp:featuredmedia":[{"embeddable":true,"href":"https:\/\/casadaescavadeira.com.br\/pt\/wp-json\/wp\/v2\/media\/19163"}],"wp:attachment":[{"href":"https:\/\/casadaescavadeira.com.br\/pt\/wp-json\/wp\/v2\/media?parent=19161"}],"wp:term":[{"taxonomy":"product_brand","embeddable":true,"href":"https:\/\/casadaescavadeira.com.br\/pt\/wp-json\/wp\/v2\/product_brand?post=19161"},{"taxonomy":"product_cat","embeddable":true,"href":"https:\/\/casadaescavadeira.com.br\/pt\/wp-json\/wp\/v2\/product_cat?post=19161"},{"taxonomy":"product_tag","embeddable":true,"href":"https:\/\/casadaescavadeira.com.br\/pt\/wp-json\/wp\/v2\/product_tag?post=19161"}],"curies":[{"name":"wp","href":"https:\/\/api.w.org\/{rel}","templated":true}]}}