{"id":19105,"date":"2025-03-28T09:27:32","date_gmt":"2025-03-28T12:27:32","guid":{"rendered":"https:\/\/casadaescavadeira.com.br\/?post_type=product&#038;p=19105"},"modified":"2025-04-02T10:23:46","modified_gmt":"2025-04-02T13:23:46","slug":"motor-tracao-jmv147-ztm40-dchassis300x30-droda402x30m16","status":"publish","type":"product","link":"https:\/\/casadaescavadeira.com.br\/pt\/produto\/motor-tracao-jmv147-ztm40-dchassis300x30-droda402x30m16\/","title":{"rendered":"MOTOR TRA\u00c7\u00c3O JMV147\/ZTM40 (DCHASSIS=300X30, DRODA=402X30M16)"},"content":{"rendered":"","protected":false},"excerpt":{"rendered":"<p style=\"font-weight: 400;\"><strong>Bem-vindo \u00e0 Loja Oficial da CASA DA ESCAVADEIRA!<\/strong><\/p>\n<p style=\"font-weight: 400;\"><strong>\u00a0<\/strong><\/p>\n<p style=\"font-weight: 400; padding-left: 40px;\">\n<p style=\"font-weight: 400;\">Temos uma ampla variedade de pe\u00e7as hidr\u00e1ulicas para sua escavadeira e mini escavadeira. Trabalhamos com:\u00a0<strong>Acoplamentos, Bombas Hidr\u00e1ulicas, Motoredutores Hidr\u00e1ulicos de Tra\u00e7\u00e3o e Giro, Veda\u00e7\u00f5es, V\u00e1lvulas e Sensores El\u00e9tricos.<\/strong><\/p>\n<p style=\"font-weight: 400;\"><strong>\u00a0<\/strong><\/p>\n<p style=\"font-weight: 400;\">\n<p style=\"font-weight: 400;\"><strong>Descri\u00e7\u00e3o do Produto:<\/strong><\/p>\n<p style=\"font-weight: 400;\"><strong>\u00a0<\/strong><\/p>\n<p style=\"font-weight: 400;\"><strong>\u00a0<\/strong><\/p>\n<p style=\"font-weight: 400;\">O\u00a0<strong>MOTOR TRA\u00c7\u00c3O JMV147\/ZTM40 (DCHASSIS=300X30, DRODA=402X30M16)\u00a0<\/strong>\u00e9 um componente de alta qualidade, projetado para oferecer\u00a0<strong>durabilidade, precis\u00e3o e desempenho superior<\/strong>\u00a0em m\u00e1quinas pesadas. Compat\u00edvel com diversos modelos de escavadeiras, este item proporciona f\u00e1cil instala\u00e7\u00e3o e excelente resist\u00eancia em ambientes de trabalho exigentes.<\/p>\n<p style=\"font-weight: 400;\">\n<p style=\"font-weight: 400;\">\nOptar por motores de giro e tra\u00e7\u00e3o de alta qualidade \u00e9 investir na longevidade e no desempenho m\u00e1ximo da sua m\u00e1quina. Na Casa da Escavadeira, oferecemos componentes testados e aprovados para diversas marcas e modelos, assegurando a melhor performance em cada opera\u00e7\u00e3o.<\/p>\n<p style=\"font-weight: 400;\">\n<p style=\"font-weight: 400;\">\n<p style=\"font-weight: 400;\">\n<p style=\"font-weight: 400;\"><strong>Especifica\u00e7\u00f5es T\u00e9cnicas:<\/strong><\/p>\n<p style=\"font-weight: 400;\">\n<p style=\"font-weight: 400;\"><strong>Modelos Compat\u00edveis:\u00a0<\/strong>JMV147 \/ ZTM40<\/p>\n<p style=\"font-weight: 400;\"><strong>DCHASSIS:\u00a0<\/strong>300 x 30M16<\/p>\n<p style=\"font-weight: 400;\"><strong>DRODA:\u00a0<\/strong>402 x (22+8)M16<\/p>\n<p style=\"font-weight: 400;\"><strong>PCHSSIS:\u00a0<\/strong>30M16<\/p>\n<p style=\"font-weight: 400;\"><strong>PROODA:\u00a0<\/strong>30M16<\/p>\n<p style=\"font-weight: 400;\">\n<p style=\"font-weight: 400;\">\n<p style=\"font-weight: 400;\">\n<p style=\"font-weight: 400;\"><strong>Compatibilidade por Marca:<\/strong><\/p>\n<ul style=\"font-weight: 400;\">\n<li><strong>Volvo:<\/strong>\u00a0EC160B; EC180B; EC140B; EC240B; EC210B; EC210<\/li>\n<li><strong>Tag:<\/strong>\u00a0VOE 14535473; VOE14535473; SA 1143-01270; SA1143-01270; VOE 14524184; VOE14524184; VOE 14533651; VOE14533651<\/li>\n<\/ul>\n<p style=\"font-weight: 400;\">\n<p style=\"font-weight: 400;\">\n<ul style=\"font-weight: 400;\">\n<li><strong>Hyundai:<\/strong>\u00a0R200; R210LC-7; R225-7; R250-7; R220-9S<\/li>\n<li><strong>Tag:<\/strong>\u00a031N6-40050; 31N6-40051; 31N6-40051BG<\/li>\n<\/ul>\n<p style=\"font-weight: 400;\">\n<p style=\"font-weight: 400;\">\n<ul style=\"font-weight: 400;\">\n<li><strong>Liu Gong:<\/strong>\u00a0LG920D; LG922D; LG925D<\/li>\n<\/ul>\n<p style=\"font-weight: 400;\">\n<p style=\"font-weight: 400;\">\n<ul style=\"font-weight: 400;\">\n<li><strong>JCB:<\/strong>\u00a0JS200; JS210; JS220; JS240<\/li>\n<li><strong>Tag:<\/strong>\u00a0332K1192<\/li>\n<\/ul>\n<p style=\"font-weight: 400;\">\n<ul style=\"font-weight: 400;\">\n<li><strong>Sany:<\/strong>\u00a0SY215; SY235<\/li>\n<\/ul>\n<p style=\"font-weight: 400;\">\n<p style=\"font-weight: 400;\">\n<p style=\"font-weight: 400;\">\n<p style=\"font-weight: 400;\">\n<p style=\"font-weight: 400;\"><strong>Garantia de Qualidade<\/strong>: Produto testado para oferecer m\u00e1xima efici\u00eancia e resist\u00eancia.<\/p>\n<p style=\"font-weight: 400;\">\n<p style=\"font-weight: 400;\"><strong>Mantenha sua m\u00e1quina em pleno funcionamento com o MOTOR TRA\u00c7\u00c3O JMV147\/ZTM40 (DCHASSIS=300X30, DRODA=402X30M16)!<\/strong><\/p>\n<p style=\"font-weight: 400;\"><strong><\/p>\n<p>D\u00favidas Frequentes:<\/strong><\/p>\n<ol>\n<li style=\"font-weight: 400;\"><strong> Como calcular o frete?<\/strong><\/li>\n<\/ol>\n<ul style=\"font-weight: 400;\">\n<li>Basta inserir seu CEP no campo de frete e as melhores op\u00e7\u00f5es de envio e pre\u00e7os ser\u00e3o informadas.<\/li>\n<\/ul>\n<ol start=\"2\">\n<li style=\"font-weight: 400;\"><strong> A mercadoria est\u00e1 dispon\u00edvel para pronta entrega?<\/strong><\/li>\n<\/ol>\n<ul style=\"font-weight: 400;\">\n<li>Sim, exceto se o an\u00fancio mencionar prazo de produ\u00e7\u00e3o, todas as mercadorias s\u00e3o para pronta entrega.<\/li>\n<\/ul>\n<ol start=\"3\">\n<li style=\"font-weight: 400;\"><strong> O produto acompanha nota fiscal?<\/strong><\/li>\n<\/ol>\n<ul style=\"font-weight: 400;\">\n<li>Sim, todos os itens acompanham nota fiscal e garantia.<\/li>\n<\/ul>\n<ol start=\"4\">\n<li style=\"font-weight: 400;\"><strong> Necessita de mais unidades, componentes espec\u00edficos ou encontrou pre\u00e7o melhor?<\/strong><\/li>\n<\/ol>\n<ul style=\"font-weight: 400;\">\n<li>Envie-nos uma mensagem na se\u00e7\u00e3o de perguntas! Somos distribuidores de pe\u00e7as para escavadeiras e mini escavadeiras, com valores e condi\u00e7\u00f5es especiais para revendedores e fornecedores de pe\u00e7as.<\/li>\n<li><strong>HOR\u00c1RIO DE ATENDIMENTO: \u2013 De segunda a sexta-feira das 8h \u00e0s 17:30h.<\/strong><\/li>\n<\/ul>","protected":false},"featured_media":19107,"comment_status":"open","ping_status":"closed","template":"","meta":{"_acf_changed":false,"om_disable_all_campaigns":false,"_monsterinsights_skip_tracking":false,"_monsterinsights_sitenote_active":false,"_monsterinsights_sitenote_note":"","_monsterinsights_sitenote_category":0,"_uf_show_specific_survey":0,"_uf_disable_surveys":false},"product_brand":[],"product_cat":[1201,192],"product_tag":[2470,962,966,2469],"class_list":{"0":"post-19105","1":"product","2":"type-product","3":"status-publish","4":"has-post-thumbnail","6":"product_cat-jmv-series-hyundai-motoredutor-de-tracao","7":"product_cat-motoredutor-de-tracao","8":"product_tag-31n6-40050-31n6-40051-31n6-40051bg","9":"product_tag-332k1192","10":"product_tag-voe-14533651","11":"product_tag-voe-14535473-voe14535473-sa-1143-01270-sa1143-01270-voe-14524184-voe14524184-voe-14533651-voe14533651","12":"pa_marca-hyundai","13":"pa_marca-jcb","14":"pa_marca-liugong","15":"pa_marca-sany","16":"pa_marca-volvo","18":"first","19":"instock","20":"shipping-taxable","21":"product-type-simple"},"acf":[],"aioseo_notices":[],"_links":{"self":[{"href":"https:\/\/casadaescavadeira.com.br\/pt\/wp-json\/wp\/v2\/product\/19105","targetHints":{"allow":["GET"]}}],"collection":[{"href":"https:\/\/casadaescavadeira.com.br\/pt\/wp-json\/wp\/v2\/product"}],"about":[{"href":"https:\/\/casadaescavadeira.com.br\/pt\/wp-json\/wp\/v2\/types\/product"}],"replies":[{"embeddable":true,"href":"https:\/\/casadaescavadeira.com.br\/pt\/wp-json\/wp\/v2\/comments?post=19105"}],"wp:featuredmedia":[{"embeddable":true,"href":"https:\/\/casadaescavadeira.com.br\/pt\/wp-json\/wp\/v2\/media\/19107"}],"wp:attachment":[{"href":"https:\/\/casadaescavadeira.com.br\/pt\/wp-json\/wp\/v2\/media?parent=19105"}],"wp:term":[{"taxonomy":"product_brand","embeddable":true,"href":"https:\/\/casadaescavadeira.com.br\/pt\/wp-json\/wp\/v2\/product_brand?post=19105"},{"taxonomy":"product_cat","embeddable":true,"href":"https:\/\/casadaescavadeira.com.br\/pt\/wp-json\/wp\/v2\/product_cat?post=19105"},{"taxonomy":"product_tag","embeddable":true,"href":"https:\/\/casadaescavadeira.com.br\/pt\/wp-json\/wp\/v2\/product_tag?post=19105"}],"curies":[{"name":"wp","href":"https:\/\/api.w.org\/{rel}","templated":true}]}}