{"id":19027,"date":"2025-03-17T10:02:28","date_gmt":"2025-03-17T13:02:28","guid":{"rendered":"https:\/\/casadaescavadeira.com.br\/produto\/motor-de-tracao-tm03a-cc165x29m12-cr190x92m12\/"},"modified":"2025-05-12T08:56:50","modified_gmt":"2025-05-12T11:56:50","slug":"motor-de-tracao-tm03a-cc165x29m12-cr190x92m12","status":"publish","type":"product","link":"https:\/\/casadaescavadeira.com.br\/pt\/produto\/motor-de-tracao-tm03a-cc165x29m12-cr190x92m12\/","title":{"rendered":"MOTOR DE TRA\u00c7\u00c3O TM03A (CC=165X(2+9)M12, CR=190X(9+2)M12)"},"content":{"rendered":"","protected":false},"excerpt":{"rendered":"<p class=\"MsoNormal\"><strong>Bem-vindo \u00e0 Loja Oficial da CASA DA ESCAVADEIRA!<\/strong><\/p>\n<p class=\"MsoNormal\"><strong>\u00a0<\/strong><\/p>\n<p class=\"MsoNormal\">Temos uma ampla variedade de pe\u00e7as hidr\u00e1ulicas para sua escavadeira e mini escavadeira. Trabalhamos com: <strong>Acoplamentos, Bombas Hidr\u00e1ulicas, Motoredutores Hidr\u00e1ulicos de Tra\u00e7\u00e3o e Giro, Veda\u00e7\u00f5es, V\u00e1lvulas e Sensores El\u00e9tricos.<\/strong><\/p>\n<p class=\"MsoNormal\"><strong>\u00a0<\/strong><\/p>\n<div class=\"MsoNormal\" style=\"text-align: center;\" align=\"center\">\n<hr align=\"center\" size=\"2\" width=\"100%\" \/>\n<\/div>\n<p class=\"MsoNormal\"><strong>Descri\u00e7\u00e3o do Produto:<\/strong><\/p>\n<p class=\"MsoNormal\">O <strong>MOTOR DE TRA\u00c7\u00c3O TM03A (CC=165X(2+9)M12, CR=190X(9+2)M12) <\/strong>\u00e9 um componente de alta qualidade, projetado para oferecer <strong>durabilidade, precis\u00e3o e desempenho superior<\/strong> em m\u00e1quinas pesadas. Compat\u00edvel com diversos modelos de escavadeiras, este item proporciona f\u00e1cil instala\u00e7\u00e3o e excelente resist\u00eancia em ambientes de trabalho exigentes.<br \/>\n<!-- [if !supportLineBreakNewLine]--><br \/>\n<!--[endif]--><\/p>\n<p class=\"MsoNormal\">Optar por motores de giro e tra\u00e7\u00e3o de alta qualidade \u00e9 investir na longevidade e no desempenho m\u00e1ximo da sua m\u00e1quina. Na Casa da Escavadeira, oferecemos componentes testados e aprovados para diversas marcas e modelos, assegurando a melhor performance em cada opera\u00e7\u00e3o.<\/p>\n<p>&nbsp;<\/p>\n<p>&nbsp;<\/p>\n<p class=\"MsoNormal\"><strong>Especifica\u00e7\u00f5es T\u00e9cnicas:<\/strong><\/p>\n<p class=\"MsoNormal\"><strong>Chassi:<\/strong> 165 mm<\/p>\n<p class=\"MsoNormal\"><strong>Roda Dentada:<\/strong> 190 mm<\/p>\n<p class=\"MsoNormal\"><strong>Furos:<\/strong> 9 furos no chassi e 9 furos na roda dentada<\/p>\n<p class=\"MsoNormal\"><strong>Instala\u00e7\u00e3o:<\/strong> Compat\u00edvel com perfis de furos M12.<\/p>\n<p>D\u00favidas Frequentes:<\/p>\n<p class=\"MsoNormal\"><strong>1. Como calcular o frete?<\/strong><\/p>\n<ul style=\"margin-top: 0cm;\" type=\"disc\">\n<li class=\"MsoNormal\">Basta inserir seu CEP no campo de frete e as melhores op\u00e7\u00f5es de envio e pre\u00e7os ser\u00e3o informadas.<\/li>\n<\/ul>\n<p class=\"MsoNormal\"><strong>2. A mercadoria est\u00e1 dispon\u00edvel para pronta entrega?<\/strong><\/p>\n<ul style=\"margin-top: 0cm;\" type=\"disc\">\n<li class=\"MsoNormal\">Sim, exceto se o an\u00fancio mencionar prazo de produ\u00e7\u00e3o, todas as mercadorias s\u00e3o para pronta entrega.<\/li>\n<\/ul>\n<p class=\"MsoNormal\"><strong>3. O produto acompanha nota fiscal?<\/strong><\/p>\n<ul style=\"margin-top: 0cm;\" type=\"disc\">\n<li class=\"MsoNormal\">Sim, todos os itens acompanham nota fiscal e garantia.<\/li>\n<\/ul>\n<p class=\"MsoNormal\"><strong>4. Necessita de mais unidades, componentes espec\u00edficos ou encontrou pre\u00e7o melhor?<\/strong><\/p>\n<ul style=\"margin-top: 0cm;\" type=\"disc\">\n<li class=\"MsoNormal\">Envie-nos uma mensagem na se\u00e7\u00e3o de perguntas! Somos distribuidores de pe\u00e7as para escavadeiras e mini escavadeiras, com valores e condi\u00e7\u00f5es especiais para revendedores e fornecedores de pe\u00e7as.<\/li>\n<li class=\"MsoNormal\"><strong>HOR\u00c1RIO DE ATENDIMENTO: \u2013 De segunda a sexta-feira das 8h \u00e0s 17:30h.<\/strong><\/li>\n<\/ul>\n","protected":false},"featured_media":19030,"comment_status":"open","ping_status":"closed","template":"","meta":{"_acf_changed":false,"om_disable_all_campaigns":false,"_monsterinsights_skip_tracking":false,"_monsterinsights_sitenote_active":false,"_monsterinsights_sitenote_note":"","_monsterinsights_sitenote_category":0,"_uf_show_specific_survey":0,"_uf_disable_surveys":false},"product_brand":[],"product_cat":[192,1199],"product_tag":[2430],"class_list":{"0":"post-19027","1":"product","2":"type-product","3":"status-publish","4":"has-post-thumbnail","6":"product_cat-motoredutor-de-tracao","7":"product_cat-tm-series-doosan-motoredutor-de-tracao","8":"product_tag-tm03a","10":"first","11":"instock","12":"shipping-taxable","13":"product-type-simple"},"acf":[],"aioseo_notices":[],"_links":{"self":[{"href":"https:\/\/casadaescavadeira.com.br\/pt\/wp-json\/wp\/v2\/product\/19027","targetHints":{"allow":["GET"]}}],"collection":[{"href":"https:\/\/casadaescavadeira.com.br\/pt\/wp-json\/wp\/v2\/product"}],"about":[{"href":"https:\/\/casadaescavadeira.com.br\/pt\/wp-json\/wp\/v2\/types\/product"}],"replies":[{"embeddable":true,"href":"https:\/\/casadaescavadeira.com.br\/pt\/wp-json\/wp\/v2\/comments?post=19027"}],"wp:featuredmedia":[{"embeddable":true,"href":"https:\/\/casadaescavadeira.com.br\/pt\/wp-json\/wp\/v2\/media\/19030"}],"wp:attachment":[{"href":"https:\/\/casadaescavadeira.com.br\/pt\/wp-json\/wp\/v2\/media?parent=19027"}],"wp:term":[{"taxonomy":"product_brand","embeddable":true,"href":"https:\/\/casadaescavadeira.com.br\/pt\/wp-json\/wp\/v2\/product_brand?post=19027"},{"taxonomy":"product_cat","embeddable":true,"href":"https:\/\/casadaescavadeira.com.br\/pt\/wp-json\/wp\/v2\/product_cat?post=19027"},{"taxonomy":"product_tag","embeddable":true,"href":"https:\/\/casadaescavadeira.com.br\/pt\/wp-json\/wp\/v2\/product_tag?post=19027"}],"curies":[{"name":"wp","href":"https:\/\/api.w.org\/{rel}","templated":true}]}}