{"id":19022,"date":"2025-03-14T17:05:53","date_gmt":"2025-03-14T20:05:53","guid":{"rendered":"https:\/\/casadaescavadeira.com.br\/produto\/pino-do-joystick-volvo-1010-furo-7-1mm-tambor-31mm\/"},"modified":"2025-03-14T17:12:53","modified_gmt":"2025-03-14T20:12:53","slug":"pino-do-joystick-volvo-1010-furo-7-1mm-tambor-31mm","status":"publish","type":"product","link":"https:\/\/casadaescavadeira.com.br\/pt\/produto\/pino-do-joystick-volvo-1010-furo-7-1mm-tambor-31mm\/","title":{"rendered":"PINO DO JOYSTICK VOLVO (10*10, FURO 7.1MM, TAMBOR 31MM)"},"content":{"rendered":"","protected":false},"excerpt":{"rendered":"<p class=\"MsoNormal\"><strong>Bem-vindo \u00e0 Loja Oficial da CASA DA ESCAVADEIRA!<\/strong><\/p>\n<p class=\"MsoNormal\">Temos uma ampla variedade de pe\u00e7as hidr\u00e1ulicas para sua escavadeira e mini escavadeira, trabalhamos com: Acoplamentos, Bombas Hidr\u00e1ulicas, Motoredutores Hidr\u00e1ulicos de tra\u00e7\u00e3o e giro, Veda\u00e7\u00f5es, V\u00e1lvulas e sensores el\u00e9tricos.<\/p>\n<div class=\"MsoNormal\" style=\"text-align: center;\" align=\"center\">\n<hr align=\"center\" size=\"2\" width=\"100%\" \/>\n<\/div>\n<p class=\"MsoNormal\"><strong>Descri\u00e7\u00e3o do Produto:<\/strong><\/p>\n<p class=\"MsoNormal\">O <strong>Pino de Joystick Volvo EC210<\/strong> \u00e9 um componente essencial para garantir o correto funcionamento do controle de opera\u00e7\u00e3o da escavadeira. Fabricado com materiais de alta resist\u00eancia, proporciona <strong>precis\u00e3o no manuseio<\/strong> e <strong>durabilidade<\/strong> em ambientes de trabalho intensos.<\/p>\n<p class=\"MsoNormal\"><strong>Especifica\u00e7\u00f5es T\u00e9cnicas:<\/strong><\/p>\n<ul style=\"margin-top: 0cm;\" type=\"disc\">\n<li class=\"MsoNormal\"><strong>Aplica\u00e7\u00e3o:<\/strong> Volvo EC210<\/li>\n<li class=\"MsoNormal\"><strong>Dimens\u00f5es:<\/strong>\n<ul style=\"margin-top: 0cm;\" type=\"circle\">\n<li class=\"MsoNormal\">Furo: 7,1 mm<\/li>\n<li class=\"MsoNormal\">Tamanho: 10 x 10 mm<\/li>\n<li class=\"MsoNormal\">Di\u00e2metro do Tambor: 31 mm<\/li>\n<\/ul>\n<\/li>\n<li class=\"MsoNormal\"><strong>Modelo:<\/strong> Pino de Joystick<\/li>\n<\/ul>\n<p class=\"MsoNormal\">\u00a0<strong>Compat\u00edvel com Volvo EC210<\/strong>, esse pino garante um ajuste perfeito e maior efici\u00eancia no controle de sua m\u00e1quina.<\/p>\n<p class=\"MsoNormal\"><strong>Garanta j\u00e1 o seu e mantenha sua escavadeira em pleno funcionamento!<\/strong><\/p>\n<p class=\"MsoNormal\"><strong>\u00a0<\/strong><\/p>\n<p class=\"MsoNormal\"><strong>\u00a0<\/strong><\/p>\n<div class=\"MsoNormal\" style=\"text-align: center;\" align=\"center\">\n<hr align=\"center\" size=\"2\" width=\"100%\" \/>\n<\/div>\n<p class=\"MsoNormal\"><strong>D\u00favidas Frequentes:<\/strong><\/p>\n<p class=\"MsoNormal\"><strong>1. Como calcular o frete?<\/strong><\/p>\n<ul style=\"margin-top: 0cm;\" type=\"disc\">\n<li class=\"MsoNormal\">Basta inserir seu CEP no campo de frete e as melhores op\u00e7\u00f5es de envio e pre\u00e7os ser\u00e3o informadas.<\/li>\n<\/ul>\n<p class=\"MsoNormal\"><strong>2. A mercadoria est\u00e1 dispon\u00edvel para pronta entrega?<\/strong><\/p>\n<ul style=\"margin-top: 0cm;\" type=\"disc\">\n<li class=\"MsoNormal\">Sim, exceto se o an\u00fancio mencionar prazo de produ\u00e7\u00e3o, todas as mercadorias s\u00e3o para pronta entrega.<\/li>\n<\/ul>\n<p class=\"MsoNormal\"><strong>3. O produto acompanha nota fiscal?<\/strong><\/p>\n<ul style=\"margin-top: 0cm;\" type=\"disc\">\n<li class=\"MsoNormal\">Sim, todos os itens acompanham nota fiscal e garantia.<\/li>\n<\/ul>\n<p class=\"MsoNormal\"><strong>4. Necessita de mais unidades, componentes espec\u00edficos ou encontrou pre\u00e7o melhor?<\/strong><\/p>\n<ul style=\"margin-top: 0cm;\" type=\"disc\">\n<li class=\"MsoNormal\">Envie-nos uma mensagem na se\u00e7\u00e3o de perguntas! Somos distribuidores de pe\u00e7as para escavadeiras e mini escavadeiras, com valores e condi\u00e7\u00f5es especiais para revendedores e fornecedores de pe\u00e7as.<\/li>\n<li class=\"MsoNormal\"><strong>HOR\u00c1RIO DE ATENDIMENTO:<br \/>\n&#8211; De segunda a sexta-feira das 8h \u00e0s 17:30h.<\/strong><\/li>\n<\/ul>","protected":false},"featured_media":19024,"comment_status":"open","ping_status":"closed","template":"","meta":{"_acf_changed":false,"om_disable_all_campaigns":false,"_monsterinsights_skip_tracking":false,"_monsterinsights_sitenote_active":false,"_monsterinsights_sitenote_note":"","_monsterinsights_sitenote_category":0,"_uf_show_specific_survey":0,"_uf_disable_surveys":false},"product_brand":[],"product_cat":[38],"product_tag":[],"class_list":{"0":"post-19022","1":"product","2":"type-product","3":"status-publish","4":"has-post-thumbnail","6":"product_cat-partes-e-pecas","7":"pa_marca-volvo","9":"first","10":"instock","11":"shipping-taxable","12":"product-type-simple"},"acf":[],"aioseo_notices":[],"_links":{"self":[{"href":"https:\/\/casadaescavadeira.com.br\/pt\/wp-json\/wp\/v2\/product\/19022","targetHints":{"allow":["GET"]}}],"collection":[{"href":"https:\/\/casadaescavadeira.com.br\/pt\/wp-json\/wp\/v2\/product"}],"about":[{"href":"https:\/\/casadaescavadeira.com.br\/pt\/wp-json\/wp\/v2\/types\/product"}],"replies":[{"embeddable":true,"href":"https:\/\/casadaescavadeira.com.br\/pt\/wp-json\/wp\/v2\/comments?post=19022"}],"wp:featuredmedia":[{"embeddable":true,"href":"https:\/\/casadaescavadeira.com.br\/pt\/wp-json\/wp\/v2\/media\/19024"}],"wp:attachment":[{"href":"https:\/\/casadaescavadeira.com.br\/pt\/wp-json\/wp\/v2\/media?parent=19022"}],"wp:term":[{"taxonomy":"product_brand","embeddable":true,"href":"https:\/\/casadaescavadeira.com.br\/pt\/wp-json\/wp\/v2\/product_brand?post=19022"},{"taxonomy":"product_cat","embeddable":true,"href":"https:\/\/casadaescavadeira.com.br\/pt\/wp-json\/wp\/v2\/product_cat?post=19022"},{"taxonomy":"product_tag","embeddable":true,"href":"https:\/\/casadaescavadeira.com.br\/pt\/wp-json\/wp\/v2\/product_tag?post=19022"}],"curies":[{"name":"wp","href":"https:\/\/api.w.org\/{rel}","templated":true}]}}