{"id":18996,"date":"2025-03-11T08:26:49","date_gmt":"2025-03-11T11:26:49","guid":{"rendered":"https:\/\/casadaescavadeira.com.br\/produto\/conjunto-de-9-pistoes-com-sapata-do-motor-giro-m5x130\/"},"modified":"2025-12-12T08:26:17","modified_gmt":"2025-12-12T11:26:17","slug":"conjunto-de-9-pistoes-com-sapata-do-motor-giro-m5x130","status":"publish","type":"product","link":"https:\/\/casadaescavadeira.com.br\/pt\/produto\/conjunto-de-9-pistoes-com-sapata-do-motor-giro-m5x130\/","title":{"rendered":"CONJUNTO DE 9 PIST\u00d5ES COM SAPATA DO MOTOR GIRO M5X130"},"content":{"rendered":"","protected":false},"excerpt":{"rendered":"<p class=\"MsoNormal\">Bem-vindo \u00e0 Loja Oficial da CASA DA ESCAVADEIRA!<\/p>\n<p class=\"MsoNormal\">Temos uma ampla variedade de pe\u00e7as hidr\u00e1ulicas para sua escavadeira e mini escavadeira. Trabalhamos com: Acoplamentos, Bombas Hidr\u00e1ulicas, Motoredutores Hidr\u00e1ulicos de Tra\u00e7\u00e3o e Giro, Veda\u00e7\u00f5es, V\u00e1lvulas e Sensores El\u00e9tricos.<\/p>\n<div class=\"MsoNormal\" style=\"text-align: center;\" align=\"center\">\n<hr align=\"center\" size=\"2\" width=\"100%\" \/>\n<\/div>\n<p class=\"MsoNormal\">\u00a0Este \u00e9 um componente essencial para garantir a efici\u00eancia e o desempenho da sua escavadeira. Produzida com materiais de alta qualidade, oferece durabilidade, precis\u00e3o e resist\u00eancia em opera\u00e7\u00f5es pesadas. Compat\u00edvel com diversos modelos de m\u00e1quinas, proporciona f\u00e1cil instala\u00e7\u00e3o e desempenho superior em ambientes exigentes.<\/p>\n<p class=\"MsoNormal\">Optar pelo nosso produto de alta qualidade \u00e9 investir na longevidade e na performance m\u00e1xima da sua m\u00e1quina. Na Casa da Escavadeira, oferecemos componentes testados e aprovados para diversas marcas e modelos, assegurando a melhor performance em cada opera\u00e7\u00e3o.<\/p>\n<p class=\"MsoNormal\"><strong>CONJUNTO DE 9 PIST\u00d5ES COM SAPATA DO MOTOR GIRO M5X130<\/strong><\/p>\n<p class=\"MsoNormal\"><strong>\u00a0<\/strong><\/p>\n<p class=\"MsoNormal\"><strong>\u00a0<\/strong><\/p>\n<p class=\"MsoNormal\"><strong>Dimens\u00f5es:<\/strong><\/p>\n<p class=\"MsoNormal\"><strong>D1: 29,90 mm<\/strong><\/p>\n<p class=\"MsoNormal\"><strong>D2: 21,00 mm<\/strong><\/p>\n<p class=\"MsoNormal\"><strong>D3: 9,00 mm<\/strong><\/p>\n<p class=\"MsoNormal\"><strong>D4: 25,00 mm<\/strong><\/p>\n<p class=\"MsoNormal\"><strong>L1: 73,50 mm<\/strong><\/p>\n<p class=\"MsoNormal\"><strong>L2: 42,50 mm<\/strong><\/p>\n<p class=\"MsoNormal\"><strong>L3: 5,50 mm<\/strong><\/p>\n<p class=\"MsoNormal\"><strong>\u00a0<\/strong><\/p>\n<p class=\"MsoNormal\"><strong>\u00a0<\/strong><\/p>\n<p class=\"MsoNormal\"><strong>Compatibilidade por Marca:<\/strong><\/p>\n<p class=\"MsoNormal\"><strong>\u00a0<\/strong><\/p>\n<p class=\"MsoNormal\"><strong>Volvo: <\/strong>EC210, EC460, EC460B, EC210B, EW170, EW180<\/p>\n<p class=\"MsoNormal\"><strong>Tag: <\/strong>SA 8230-14190; SA8230-14190; VOE 14529770<\/p>\n<p class=\"MsoNormal\"><strong>\u00a0<\/strong><\/p>\n<p class=\"MsoNormal\"><strong>New Holland: <\/strong>E165, E175, E175B, E175C, E215, E215B, E215C, E215LC, E215ME, E235, E245B, E245C<\/p>\n<p class=\"MsoNormal\"><strong>Tag: <\/strong>72209980; YN15V00025S124; 72210004;\u00a0YN15V00025R100<\/p>\n<p class=\"MsoNormal\"><strong>\u00a0<\/strong><\/p>\n<p class=\"MsoNormal\"><strong>Kobelco: <\/strong>SK210-8, SK200-8<\/p>\n<p class=\"MsoNormal\"><strong>Tag: <\/strong>YN15V00025S124<\/p>\n<p>&nbsp;<\/p>\n<p><strong>Caterpillar:\u00a0<\/strong>CAT 323DS; CAT 319DL; CAT 320DL; CAT 319DLN; CAT 323DL; CAT 320DFMRR; CAT 323DLN; CAT 318C; CAT 319D; CAT 319C; CAT 320DFM; CAT 320C; CAT 320D; CAT 323DLN<\/p>\n<p><strong>Tag: <\/strong>173-3472<\/p>\n<p>&nbsp;<\/p>\n<p>&nbsp;<\/p>\n<p>&nbsp;<\/p>\n<p>&nbsp;<\/p>\n<p class=\"MsoNormal\">Garantia de Qualidade: Produto testado para oferecer m\u00e1xima efici\u00eancia e resist\u00eancia.<\/p>\n<p class=\"MsoNormal\">Mantenha sua m\u00e1quina em pleno funcionamento com a Casa da Escavadeira!<\/p>\n<p class=\"MsoNormal\"><strong>D\u00favidas Frequentes:<\/strong><\/p>\n<p class=\"MsoNormal\"><strong>1. Como calcular o frete?<\/strong><\/p>\n<ul style=\"margin-top: 0cm;\" type=\"disc\">\n<li class=\"MsoNormal\">Basta inserir seu CEP no campo de frete e as melhores op\u00e7\u00f5es de envio e pre\u00e7os ser\u00e3o informadas.<\/li>\n<\/ul>\n<p class=\"MsoNormal\"><strong>2. A mercadoria est\u00e1 dispon\u00edvel para pronta entrega?<\/strong><\/p>\n<ul style=\"margin-top: 0cm;\" type=\"disc\">\n<li class=\"MsoNormal\">Sim, exceto se o an\u00fancio mencionar prazo de produ\u00e7\u00e3o, todas as mercadorias s\u00e3o para pronta entrega.<\/li>\n<\/ul>\n<p class=\"MsoNormal\"><strong>3. O produto acompanha nota fiscal?<\/strong><\/p>\n<ul style=\"margin-top: 0cm;\" type=\"disc\">\n<li class=\"MsoNormal\">Sim, todos os itens acompanham nota fiscal e garantia.<\/li>\n<\/ul>\n<p class=\"MsoNormal\"><strong>4. Necessita de mais unidades, componentes espec\u00edficos ou encontrou pre\u00e7o melhor?<\/strong><\/p>\n<ul style=\"margin-top: 0cm;\" type=\"disc\">\n<li class=\"MsoNormal\">Envie-nos uma mensagem na se\u00e7\u00e3o de perguntas! Somos distribuidores de pe\u00e7as para escavadeiras e mini escavadeiras, com valores e condi\u00e7\u00f5es especiais para revendedores e fornecedores de pe\u00e7as.<\/li>\n<li class=\"MsoNormal\"><strong>HOR\u00c1RIO DE ATENDIMENTO: \u2013 De segunda a sexta-feira das 8h \u00e0s 17:30h.<\/strong><\/li>\n<\/ul>","protected":false},"featured_media":18982,"comment_status":"open","ping_status":"closed","template":"","meta":{"_acf_changed":false,"om_disable_all_campaigns":false,"_monsterinsights_skip_tracking":false,"_monsterinsights_sitenote_active":false,"_monsterinsights_sitenote_note":"","_monsterinsights_sitenote_category":0,"_uf_show_specific_survey":0,"_uf_disable_surveys":false},"product_brand":[],"product_cat":[388,387],"product_tag":[2691,2692,1263,1264,1265,1266,2424],"class_list":{"0":"post-18996","1":"product","2":"type-product","3":"status-publish","4":"has-post-thumbnail","6":"product_cat-m5x-series-kawasaki","7":"product_cat-motoredutor-de-giro-pecas","8":"product_tag-173-3472","9":"product_tag-72210004-yn15v00025r100","10":"product_tag-sa-8230-35500","11":"product_tag-sa8230-35500","12":"product_tag-voe-14529776","13":"product_tag-voe14529776","14":"product_tag-voe14594933","15":"pa_marca-caterpillar","16":"pa_marca-new-holland","17":"pa_marca-volvo","19":"first","20":"instock","21":"shipping-taxable","22":"product-type-simple"},"acf":[],"aioseo_notices":[],"_links":{"self":[{"href":"https:\/\/casadaescavadeira.com.br\/pt\/wp-json\/wp\/v2\/product\/18996","targetHints":{"allow":["GET"]}}],"collection":[{"href":"https:\/\/casadaescavadeira.com.br\/pt\/wp-json\/wp\/v2\/product"}],"about":[{"href":"https:\/\/casadaescavadeira.com.br\/pt\/wp-json\/wp\/v2\/types\/product"}],"replies":[{"embeddable":true,"href":"https:\/\/casadaescavadeira.com.br\/pt\/wp-json\/wp\/v2\/comments?post=18996"}],"wp:featuredmedia":[{"embeddable":true,"href":"https:\/\/casadaescavadeira.com.br\/pt\/wp-json\/wp\/v2\/media\/18982"}],"wp:attachment":[{"href":"https:\/\/casadaescavadeira.com.br\/pt\/wp-json\/wp\/v2\/media?parent=18996"}],"wp:term":[{"taxonomy":"product_brand","embeddable":true,"href":"https:\/\/casadaescavadeira.com.br\/pt\/wp-json\/wp\/v2\/product_brand?post=18996"},{"taxonomy":"product_cat","embeddable":true,"href":"https:\/\/casadaescavadeira.com.br\/pt\/wp-json\/wp\/v2\/product_cat?post=18996"},{"taxonomy":"product_tag","embeddable":true,"href":"https:\/\/casadaescavadeira.com.br\/pt\/wp-json\/wp\/v2\/product_tag?post=18996"}],"curies":[{"name":"wp","href":"https:\/\/api.w.org\/{rel}","templated":true}]}}