{"id":18984,"date":"2025-02-28T10:46:47","date_gmt":"2025-02-28T13:46:47","guid":{"rendered":"https:\/\/casadaescavadeira.com.br\/produto\/conjunto-tampa-e-berco-bomba-hidraulica-f3v112dt\/"},"modified":"2026-04-23T09:33:51","modified_gmt":"2026-04-23T12:33:51","slug":"conjunto-tampa-e-berco-bomba-hidraulica-f3v112dt","status":"publish","type":"product","link":"https:\/\/casadaescavadeira.com.br\/pt\/produto\/conjunto-tampa-e-berco-bomba-hidraulica-f3v112dt\/","title":{"rendered":"CONJUNTO TAMPA E BER\u00c7O BOMBA HIDR\u00c1ULICA F3V112DT"},"content":{"rendered":"","protected":false},"excerpt":{"rendered":"<p class=\"MsoNormal\"><strong>Bem-vindo \u00e0 Loja Oficial da CASA DA ESCAVADEIRA!<\/strong><\/p>\n<p class=\"MsoNormal\">\u00a0<\/p>\n<p class=\"MsoNormal\">\u00a0<\/p>\n<p class=\"MsoNormal\">Temos uma ampla variedade de pe\u00e7as hidr\u00e1ulicas para sua escavadeira e mini escavadeira, trabalhamos com: Acoplamentos, Bombas Hidr\u00e1ulicas, Motoredutores Hidr\u00e1ulicos de tra\u00e7\u00e3o e giro, Veda\u00e7\u00f5es, V\u00e1lvulas e sensores el\u00e9tricos.<\/p>\n<p class=\"MsoNormal\">\u00a0<\/p>\n<p class=\"MsoNormal\">\u00a0<\/p>\n<div class=\"MsoNormal\" align=\"center\" style=\"text-align: center\">\n<hr align=\"center\" size=\"2\" width=\"100%\" \/><\/div>\n<p class=\"MsoNormal\"><strong>Descri\u00e7\u00e3o do Produto:<\/strong><\/p>\n<p class=\"MsoNormal\">\u00a0<\/p>\n<p class=\"MsoNormal\">\u00a0<\/p>\n<p class=\"MsoNormal\"><strong>Conjunto Tampa e Ber\u00e7o da Bomba Hidr\u00e1ulica F3V112DT<\/strong><\/p>\n<p class=\"MsoNormal\">\u00a0<\/p>\n<p class=\"MsoNormal\"><strong>\u00a0<\/strong><\/p>\n<div class=\"MsoNormal\" align=\"center\" style=\"text-align: center\">\n<hr align=\"center\" size=\"2\" width=\"100%\" \/><\/div>\n<p class=\"MsoNormal\"><strong>\u00a0<\/strong><\/p>\n<p class=\"MsoNormal\"><strong>Aplica\u00e7\u00f5es<\/strong><\/p>\n<p class=\"MsoNormal\"><strong>\u00a0<\/strong><\/p>\n<p class=\"MsoNormal\"><strong>\u00a0<\/strong><\/p>\n<p class=\"MsoNormal\"><span style=\"font-family: 'Segoe UI Symbol',sans-serif\">\u2714<\/span> <strong>Compat\u00edvel com M\u00e1quinas Volvo<\/strong>:<\/p>\n<ul style=\"margin-top: 0cm\" type=\"disc\">\n<li class=\"MsoNormal\"><strong>EC210, EC240, EC240B, EC210B, EC220D, EW170, EW180<\/strong><br \/><span style=\"font-family: 'Segoe UI Symbol',sans-serif\">\u2714<\/span> <strong>Part Numbers Volvo<\/strong>:<\/li>\n<li class=\"MsoNormal\"><em>SA 8230-08940, SA8230-08940, SA 8230-09800, SA8230-09800, VOE 14750826, VOE14750826<\/em><\/li>\n<\/ul>\n<p class=\"MsoNormal\"><em>\u00a0<\/em><\/p>\n<p class=\"MsoNormal\">\u00a0<\/p>\n<p class=\"MsoNormal\"><span style=\"font-family: 'Segoe UI Symbol',sans-serif\">\u2714<\/span> <strong>Compat\u00edvel com M\u00e1quinas Hyundai<\/strong>:<\/p>\n<ul style=\"margin-top: 0cm\" type=\"disc\">\n<li class=\"MsoNormal\"><strong>R210LC-7, R210LC-7A, R210LC-7H, R210LC-9, R235LCR-9, R250LC-7, R250LC-7A, R250LC-9, R210LC-7 (#98001-), R210LC-7H (#9001-), R210-7, R220LC-7, R220LC-7H<\/strong><br \/><span style=\"font-family: 'Segoe UI Symbol',sans-serif\">\u2714<\/span> <strong>Part Numbers Hyundai<\/strong>:<\/li>\n<li class=\"MsoNormal\"><em>XJBN-00086, XJBN-00069, XJBN-00070<\/em><\/li>\n<\/ul>\n<p class=\"MsoNormal\"><em>\u00a0<\/em><\/p>\n<p class=\"MsoNormal\">\u00a0<\/p>\n<p class=\"MsoNormal\"><span style=\"font-family: 'Segoe UI Symbol',sans-serif\">\u2714<\/span> <strong>Compat\u00edvel com M\u00e1quinas Case<\/strong>:<\/p>\n<ul style=\"margin-top: 0cm\" type=\"disc\">\n<li class=\"MsoNormal\"><strong>CX220, CX220B<\/strong><br \/><span style=\"font-family: 'Segoe UI Symbol',sans-serif\">\u2714<\/span> <strong>Part Numbers Case<\/strong>:<\/li>\n<li class=\"MsoNormal\"><em>72209806, 87333063<\/em><\/li>\n<\/ul>\n<p class=\"MsoNormal\"><em>\u00a0<\/em><\/p>\n<p class=\"MsoNormal\">\u00a0<\/p>\n<p class=\"MsoNormal\"><span style=\"font-family: 'Segoe UI Symbol',sans-serif\">\u2714<\/span> <strong>Compat\u00edvel com M\u00e1quinas New Holland<\/strong>:<\/p>\n<ul style=\"margin-top: 0cm\" type=\"disc\">\n<li class=\"MsoNormal\"><strong>E215ME, E215LC, E215B, E215C, E215LC, E245C<\/strong><br \/><span style=\"font-family: 'Segoe UI Symbol',sans-serif\">\u2714<\/span> <strong>Part Numbers New Holland<\/strong>:<\/li>\n<li class=\"MsoNormal\"><em>72209806, 87333063<\/em><\/li>\n<\/ul>\n<p class=\"MsoNormal\"><em>\u00a0<\/em><\/p>\n<p class=\"MsoNormal\">\u00a0<\/p>\n<p class=\"MsoNormal\">Este conjunto \u00e9 essencial para a manuten\u00e7\u00e3o da bomba hidr\u00e1ulica F3V112DT, garantindo alta durabilidade e compatibilidade com diversas m\u00e1quinas.<\/p>\n<p class=\"MsoNormal\">\u00a0<\/p>\n<p class=\"MsoNormal\">\u00a0<\/p>\n<p class=\"MsoNormal\">\u00a0<\/p>\n<div class=\"MsoNormal\" align=\"center\" style=\"text-align: center\">\n<hr align=\"center\" size=\"2\" width=\"100%\" \/><\/div>\n<p class=\"MsoNormal\"><strong>D\u00favidas Frequentes:<\/strong><\/p>\n<p class=\"MsoNormal\">\u00a0<\/p>\n<p class=\"MsoNormal\"><strong>1. Como calcular o frete?<\/strong><\/p>\n<ul style=\"margin-top: 0cm\" type=\"disc\">\n<li class=\"MsoNormal\">Basta inserir seu CEP no campo de frete e as melhores op\u00e7\u00f5es de envio e pre\u00e7os ser\u00e3o informadas.<\/li>\n<\/ul>\n<p class=\"MsoNormal\"><strong>2. A mercadoria est\u00e1 dispon\u00edvel para pronta entrega?<\/strong><\/p>\n<ul style=\"margin-top: 0cm\" type=\"disc\">\n<li class=\"MsoNormal\">Sim, exceto se o an\u00fancio mencionar prazo de produ\u00e7\u00e3o, todas as mercadorias s\u00e3o para pronta entrega.<\/li>\n<\/ul>\n<p class=\"MsoNormal\"><strong>3. O produto acompanha nota fiscal?<\/strong><\/p>\n<ul style=\"margin-top: 0cm\" type=\"disc\">\n<li class=\"MsoNormal\">Sim, todos os itens acompanham nota fiscal e garantia.<\/li>\n<\/ul>\n<p class=\"MsoNormal\"><strong>4. Necessita de mais unidades, componentes espec\u00edficos ou encontrou pre\u00e7o melhor?<\/strong><\/p>\n<ul style=\"margin-top: 0cm\" type=\"disc\">\n<li class=\"MsoNormal\">Envie-nos uma mensagem na se\u00e7\u00e3o de perguntas! Somos distribuidores de pe\u00e7as para escavadeiras e mini escavadeiras, com valores e condi\u00e7\u00f5es especiais para revendedores e fornecedores de pe\u00e7as.<\/li>\n<li class=\"MsoNormal\"><strong>HOR\u00c1RIO DE ATENDIMENTO:<br \/>&#8211; De segunda a sexta-feira das 8h \u00e0s 17:30h.<\/strong><\/li>\n<\/ul>","protected":false},"featured_media":18985,"comment_status":"open","ping_status":"closed","template":"","meta":{"_acf_changed":false,"om_disable_all_campaigns":false,"_monsterinsights_skip_tracking":false,"_monsterinsights_sitenote_active":false,"_monsterinsights_sitenote_note":"","_monsterinsights_sitenote_category":0,"_uf_show_specific_survey":0,"_uf_disable_surveys":false},"product_brand":[],"product_cat":[19],"product_tag":[96,97,1069,1071,1070,1072,1073,1074,1076,2423,1075],"class_list":{"0":"post-18984","1":"product","2":"type-product","3":"status-publish","4":"has-post-thumbnail","6":"product_cat-bombas-hidraulicas","7":"product_tag-96","8":"product_tag-97","9":"product_tag-sa-8230-08940","10":"product_tag-sa-8230-09800","11":"product_tag-sa8230-08940","12":"product_tag-sa8230-09800","13":"product_tag-voe-14750826","14":"product_tag-voe14750826","15":"product_tag-xjbn-00069","16":"product_tag-xjbn-00070","17":"product_tag-xjbn-00086","18":"pa_marca-case","19":"pa_marca-hyundai","20":"pa_marca-new-holland","21":"pa_marca-volvo","23":"first","24":"instock","25":"shipping-taxable","26":"purchasable","27":"product-type-simple"},"acf":[],"aioseo_notices":[],"_links":{"self":[{"href":"https:\/\/casadaescavadeira.com.br\/pt\/wp-json\/wp\/v2\/product\/18984","targetHints":{"allow":["GET"]}}],"collection":[{"href":"https:\/\/casadaescavadeira.com.br\/pt\/wp-json\/wp\/v2\/product"}],"about":[{"href":"https:\/\/casadaescavadeira.com.br\/pt\/wp-json\/wp\/v2\/types\/product"}],"replies":[{"embeddable":true,"href":"https:\/\/casadaescavadeira.com.br\/pt\/wp-json\/wp\/v2\/comments?post=18984"}],"wp:featuredmedia":[{"embeddable":true,"href":"https:\/\/casadaescavadeira.com.br\/pt\/wp-json\/wp\/v2\/media\/18985"}],"wp:attachment":[{"href":"https:\/\/casadaescavadeira.com.br\/pt\/wp-json\/wp\/v2\/media?parent=18984"}],"wp:term":[{"taxonomy":"product_brand","embeddable":true,"href":"https:\/\/casadaescavadeira.com.br\/pt\/wp-json\/wp\/v2\/product_brand?post=18984"},{"taxonomy":"product_cat","embeddable":true,"href":"https:\/\/casadaescavadeira.com.br\/pt\/wp-json\/wp\/v2\/product_cat?post=18984"},{"taxonomy":"product_tag","embeddable":true,"href":"https:\/\/casadaescavadeira.com.br\/pt\/wp-json\/wp\/v2\/product_tag?post=18984"}],"curies":[{"name":"wp","href":"https:\/\/api.w.org\/{rel}","templated":true}]}}