{"id":18837,"date":"2024-12-17T11:13:00","date_gmt":"2024-12-17T14:13:00","guid":{"rendered":"https:\/\/casadaescavadeira.com.br\/produto\/pino-pedal-new-holland-10x10-furo34mm-tambor22mm\/"},"modified":"2025-03-28T17:33:36","modified_gmt":"2025-03-28T20:33:36","slug":"pino-pedal-new-holland-10x10-furo34mm-tambor22mm","status":"publish","type":"product","link":"https:\/\/casadaescavadeira.com.br\/pt\/produto\/pino-pedal-new-holland-10x10-furo34mm-tambor22mm\/","title":{"rendered":"PINO PEDAL NEW HOLLAND (10X10, FURO=34MM, TAMBOR=22MM)"},"content":{"rendered":"","protected":false},"excerpt":{"rendered":"<p>Bem-vindo \u00e0 Loja Oficial da CASA DA ESCAVADEIRA!<\/p>\n<p>Temos uma ampla variedade de pe\u00e7as hidr\u00e1ulicas para sua escavadeira e mini escavadeira. Trabalhamos com: Acoplamentos, Bombas Hidr\u00e1ulicas, Motoredutores Hidr\u00e1ulicos de Tra\u00e7\u00e3o e Giro, Veda\u00e7\u00f5es, V\u00e1lvulas e Sensores El\u00e9tricos.<\/p>\n<p>Este \u00e9 um componente essencial para garantir a efici\u00eancia e o desempenho da sua escavadeira. Produzida com materiais de alta qualidade, oferece durabilidade, precis\u00e3o e resist\u00eancia em opera\u00e7\u00f5es pesadas. Compat\u00edvel com diversos modelos de m\u00e1quinas, proporciona f\u00e1cil instala\u00e7\u00e3o e desempenho superior em ambientes exigentes.<\/p>\n<p>Optar pelo nosso produto de alta qualidade \u00e9 investir na longevidade e na performance m\u00e1xima da sua m\u00e1quina. Na Casa da Escavadeira, oferecemos componentes testados e aprovados para diversas marcas e modelos, assegurando a melhor performance em cada opera\u00e7\u00e3o.<\/p>\n<p><strong>PINO PEDAL NEW HOLLAND (10X10, FURO=34MM, TAMBOR=22MM)<\/strong><\/p>\n<p><strong>\u00a0<\/strong><\/p>\n<p><strong>Dimens\u00f5es:<\/strong><\/p>\n<p><strong>\u00a0<\/strong><\/p>\n<p><strong>Furo: <\/strong>34 mm<\/p>\n<p><strong>Tambor: <\/strong>22 mm<\/p>\n<p><strong>Se\u00e7\u00e3o: <\/strong>10 x 10 mm<\/p>\n<p><strong>\u00a0<\/strong><\/p>\n<p><strong>Compatibilidade por Marca:<\/strong><\/p>\n<ul>\n<li><strong>New Holland:<\/strong> E135B; E175B; E175C; E215B; E385B; E485B; E235BSR; E215C; E245B; E245C<\/li>\n<\/ul>\n<p><strong>Tag:<\/strong> YN30V00105R150<\/p>\n<ul>\n<li><strong>Kobelco:<\/strong> 140SR; 140SR-3; 200-8; 230SR-3; 260SR-3; 75SR Acera; ED150; ED150-2; ED160 Blade; ED195-8; SK140SRLC; SK170-8; SK210-8; SK210D-8; SK210DLC-8; SK210LC-8; SK215RLC; SK235SR-1E; SK235SR-2; SK235SRLC-2; SK260; SK260-9; SK295-8; SK295-9; SK350-8; SK350-9; SK485-8; SK485LC-9; SK850<\/li>\n<li><strong>Tag:<\/strong> YN30V00105R150<\/li>\n<\/ul>\n<p>Garantia de Qualidade: Produto testado para oferecer m\u00e1xima efici\u00eancia e resist\u00eancia.<\/p>\n<p>Mantenha sua m\u00e1quina em pleno funcionamento com a Casa da Escavadeira!<\/p>\n<p><strong>D\u00favidas Frequentes:<\/strong><\/p>\n<ol>\n<li><strong> Como calcular o frete?<\/strong><\/li>\n<\/ol>\n<ul>\n<li>Basta inserir seu CEP no campo de frete e as melhores op\u00e7\u00f5es de envio e pre\u00e7os ser\u00e3o informadas.<\/li>\n<\/ul>\n<ol start=\"2\">\n<li><strong> A mercadoria est\u00e1 dispon\u00edvel para pronta entrega?<\/strong><\/li>\n<\/ol>\n<ul>\n<li>Sim, exceto se o an\u00fancio mencionar prazo de produ\u00e7\u00e3o, todas as mercadorias s\u00e3o para pronta entrega.<\/li>\n<\/ul>\n<ol start=\"3\">\n<li><strong> O produto acompanha nota fiscal?<\/strong><\/li>\n<\/ol>\n<ul>\n<li>Sim, todos os itens acompanham nota fiscal e garantia.<\/li>\n<\/ul>\n<ol start=\"4\">\n<li><strong> Necessita de mais unidades, componentes espec\u00edficos ou encontrou pre\u00e7o melhor?<\/strong><\/li>\n<\/ol>\n<ul>\n<li>Envie-nos uma mensagem na se\u00e7\u00e3o de perguntas! Somos distribuidores de pe\u00e7as para escavadeiras e mini escavadeiras, com valores e condi\u00e7\u00f5es especiais para revendedores e fornecedores de pe\u00e7as.<\/li>\n<li><strong>HOR\u00c1RIO DE ATENDIMENTO: \u2013 De segunda a sexta-feira das 8h \u00e0s 17:30h.<\/strong><\/li>\n<\/ul>","protected":false},"featured_media":18839,"comment_status":"open","ping_status":"closed","template":"","meta":{"_acf_changed":false,"om_disable_all_campaigns":false,"_monsterinsights_skip_tracking":false,"_monsterinsights_sitenote_active":false,"_monsterinsights_sitenote_note":"","_monsterinsights_sitenote_category":0,"_uf_show_specific_survey":0,"_uf_disable_surveys":false},"product_brand":[],"product_cat":[82],"product_tag":[2364],"class_list":{"0":"post-18837","1":"product","2":"type-product","3":"status-publish","4":"has-post-thumbnail","6":"product_cat-vedacoes","7":"product_tag-yn30v00105r150","8":"pa_marca-kobelco","9":"pa_marca-new-holland","11":"first","12":"instock","13":"shipping-taxable","14":"product-type-simple"},"acf":[],"aioseo_notices":[],"_links":{"self":[{"href":"https:\/\/casadaescavadeira.com.br\/pt\/wp-json\/wp\/v2\/product\/18837","targetHints":{"allow":["GET"]}}],"collection":[{"href":"https:\/\/casadaescavadeira.com.br\/pt\/wp-json\/wp\/v2\/product"}],"about":[{"href":"https:\/\/casadaescavadeira.com.br\/pt\/wp-json\/wp\/v2\/types\/product"}],"replies":[{"embeddable":true,"href":"https:\/\/casadaescavadeira.com.br\/pt\/wp-json\/wp\/v2\/comments?post=18837"}],"wp:featuredmedia":[{"embeddable":true,"href":"https:\/\/casadaescavadeira.com.br\/pt\/wp-json\/wp\/v2\/media\/18839"}],"wp:attachment":[{"href":"https:\/\/casadaescavadeira.com.br\/pt\/wp-json\/wp\/v2\/media?parent=18837"}],"wp:term":[{"taxonomy":"product_brand","embeddable":true,"href":"https:\/\/casadaescavadeira.com.br\/pt\/wp-json\/wp\/v2\/product_brand?post=18837"},{"taxonomy":"product_cat","embeddable":true,"href":"https:\/\/casadaescavadeira.com.br\/pt\/wp-json\/wp\/v2\/product_cat?post=18837"},{"taxonomy":"product_tag","embeddable":true,"href":"https:\/\/casadaescavadeira.com.br\/pt\/wp-json\/wp\/v2\/product_tag?post=18837"}],"curies":[{"name":"wp","href":"https:\/\/api.w.org\/{rel}","templated":true}]}}