{"id":18742,"date":"2024-11-29T09:06:09","date_gmt":"2024-11-29T12:06:09","guid":{"rendered":"https:\/\/casadaescavadeira.com.br\/produto\/bomba-engrenagem-volvo-ec330b-ec360b-c-25-16cc-14561971\/"},"modified":"2025-04-29T11:53:19","modified_gmt":"2025-04-29T14:53:19","slug":"bomba-engrenagem-volvo-ec330b-ec360b-c-25-16cc-14561971","status":"publish","type":"product","link":"https:\/\/casadaescavadeira.com.br\/pt\/produto\/bomba-engrenagem-volvo-ec330b-ec360b-c-25-16cc-14561971\/","title":{"rendered":"BOMBA ENGRENAGEM VOLVO (14561971)"},"content":{"rendered":"<p>Bem-vindo \u00e0 Loja Oficial da CASA DA ESCAVADEIRA!<\/p>\n<p>&nbsp;<\/p>\n<p>&nbsp;<\/p>\n<p>Temos uma ampla variedade de pe\u00e7as hidr\u00e1ulicas para sua escavadeira e mini escavadeira. Trabalhamos com: Acoplamentos, Bombas Hidr\u00e1ulicas, Motoredutores Hidr\u00e1ulicos de Tra\u00e7\u00e3o e Giro, Veda\u00e7\u00f5es, V\u00e1lvulas e Sensores El\u00e9tricos.<\/p>\n<p>&nbsp;<\/p>\n<p>&nbsp;<\/p>\n<p>Este \u00e9 um componente essencial para garantir a efici\u00eancia e o desempenho da sua escavadeira. Produzida com materiais de alta qualidade, oferece durabilidade, precis\u00e3o e resist\u00eancia em opera\u00e7\u00f5es pesadas. Compat\u00edvel com diversos modelos de m\u00e1quinas, proporciona f\u00e1cil instala\u00e7\u00e3o e desempenho superior em ambientes exigentes.<\/p>\n<p>&nbsp;<\/p>\n<p>Optar pelo nosso produto de alta qualidade \u00e9 investir na longevidade e na performance m\u00e1xima da sua m\u00e1quina. Na Casa da Escavadeira, oferecemos componentes testados e aprovados para diversas marcas e modelos, assegurando a melhor performance em cada opera\u00e7\u00e3o.<\/p>\n<p>&nbsp;<\/p>\n<p>&nbsp;<\/p>\n<p><strong>Especifica\u00e7\u00f5es:<\/strong><\/p>\n<p><strong>\u00a0<\/strong><\/p>\n<p><strong>P (CARCA\u00c7A) \u00a0= <\/strong>2<\/p>\n<p>&nbsp;<\/p>\n<p><strong>Z (DENTES) = <\/strong>13<\/p>\n<p>&nbsp;<\/p>\n<p><strong>GALONAGEM = <\/strong>25CC\/16CC<\/p>\n<p>&nbsp;<\/p>\n<p><strong>SA\u00cdDAS<\/strong> = 2<\/p>\n<p>&nbsp;<\/p>\n<p>&nbsp;<\/p>\n<p><strong>Compatibilidade por Marca:<\/strong><\/p>\n<ul>\n<li><strong>Volvo:<\/strong> EC330B; EC360B; EC360C<\/li>\n<li><strong>Tag:<\/strong> VOE14561971<\/li>\n<\/ul>\n<p>&nbsp;<\/p>\n<p>&nbsp;<\/p>\n<p>Garantia de Qualidade: Produto testado para oferecer m\u00e1xima efici\u00eancia e resist\u00eancia.<\/p>\n<p>&nbsp;<\/p>\n<p>Mantenha sua m\u00e1quina em pleno funcionamento com a Casa da Escavadeira!<\/p>\n<p>&nbsp;<\/p>\n<p>&nbsp;<\/p>\n<p><strong>D\u00favidas Frequentes:<\/strong><\/p>\n<ol>\n<li><strong> Como calcular o frete?<\/strong><\/li>\n<\/ol>\n<ul>\n<li>Basta inserir seu CEP no campo de frete e as melhores op\u00e7\u00f5es de envio e pre\u00e7os ser\u00e3o informadas.<\/li>\n<\/ul>\n<ol start=\"2\">\n<li><strong> A mercadoria est\u00e1 dispon\u00edvel para pronta entrega?<\/strong><\/li>\n<\/ol>\n<ul>\n<li>Sim, exceto se o an\u00fancio mencionar prazo de produ\u00e7\u00e3o, todas as mercadorias s\u00e3o para pronta entrega.<\/li>\n<\/ul>\n<ol start=\"3\">\n<li><strong> O produto acompanha nota fiscal?<\/strong><\/li>\n<\/ol>\n<ul>\n<li>Sim, todos os itens acompanham nota fiscal e garantia.<\/li>\n<\/ul>\n<ol start=\"4\">\n<li><strong> Necessita de mais unidades, componentes espec\u00edficos ou encontrou pre\u00e7o melhor?<\/strong><\/li>\n<\/ol>\n<ul>\n<li>Envie-nos uma mensagem na se\u00e7\u00e3o de perguntas! Somos distribuidores de pe\u00e7as para escavadeiras e mini escavadeiras, com valores e condi\u00e7\u00f5es especiais para revendedores e fornecedores de pe\u00e7as.<\/li>\n<\/ul>\n<p>&nbsp;<\/p>\n<ul>\n<li><strong>HOR\u00c1RIO DE ATENDIMENTO: \u2013 De segunda a sexta-feira das 8h \u00e0s 17:30h.<\/strong><\/li>\n<\/ul>","protected":false},"excerpt":{"rendered":"<p>Bem-vindo \u00e0 Loja Oficial da CASA DA ESCAVADEIRA! &nbsp; &nbsp; Temos uma ampla variedade de pe\u00e7as hidr\u00e1ulicas para sua escavadeira e mini escavadeira. Trabalhamos com: Acoplamentos, Bombas Hidr\u00e1ulicas, Motoredutores Hidr\u00e1ulicos de Tra\u00e7\u00e3o e Giro, Veda\u00e7\u00f5es, V\u00e1lvulas e Sensores El\u00e9tricos. &nbsp; &nbsp; Este \u00e9 um componente essencial para garantir a efici\u00eancia e o desempenho da sua [&hellip;]<\/p>\n","protected":false},"featured_media":18748,"comment_status":"open","ping_status":"closed","template":"","meta":{"_acf_changed":false,"om_disable_all_campaigns":false,"_monsterinsights_skip_tracking":false,"_monsterinsights_sitenote_active":false,"_monsterinsights_sitenote_note":"","_monsterinsights_sitenote_category":0,"_uf_show_specific_survey":0,"_uf_disable_surveys":false},"product_brand":[],"product_cat":[39],"product_tag":[],"class_list":{"0":"post-18742","1":"product","2":"type-product","3":"status-publish","4":"has-post-thumbnail","6":"product_cat-bomba-hidraulica-pecas","7":"pa_marca-volvo","9":"first","10":"instock","11":"shipping-taxable","12":"product-type-simple"},"acf":[],"aioseo_notices":[],"_links":{"self":[{"href":"https:\/\/casadaescavadeira.com.br\/pt\/wp-json\/wp\/v2\/product\/18742","targetHints":{"allow":["GET"]}}],"collection":[{"href":"https:\/\/casadaescavadeira.com.br\/pt\/wp-json\/wp\/v2\/product"}],"about":[{"href":"https:\/\/casadaescavadeira.com.br\/pt\/wp-json\/wp\/v2\/types\/product"}],"replies":[{"embeddable":true,"href":"https:\/\/casadaescavadeira.com.br\/pt\/wp-json\/wp\/v2\/comments?post=18742"}],"wp:featuredmedia":[{"embeddable":true,"href":"https:\/\/casadaescavadeira.com.br\/pt\/wp-json\/wp\/v2\/media\/18748"}],"wp:attachment":[{"href":"https:\/\/casadaescavadeira.com.br\/pt\/wp-json\/wp\/v2\/media?parent=18742"}],"wp:term":[{"taxonomy":"product_brand","embeddable":true,"href":"https:\/\/casadaescavadeira.com.br\/pt\/wp-json\/wp\/v2\/product_brand?post=18742"},{"taxonomy":"product_cat","embeddable":true,"href":"https:\/\/casadaescavadeira.com.br\/pt\/wp-json\/wp\/v2\/product_cat?post=18742"},{"taxonomy":"product_tag","embeddable":true,"href":"https:\/\/casadaescavadeira.com.br\/pt\/wp-json\/wp\/v2\/product_tag?post=18742"}],"curies":[{"name":"wp","href":"https:\/\/api.w.org\/{rel}","templated":true}]}}