{"id":18645,"date":"2024-11-13T14:27:28","date_gmt":"2024-11-13T17:27:28","guid":{"rendered":"https:\/\/casadaescavadeira.com.br\/produto\/regulador-k3v63-9cos-hyundai-r140-s-bloco-eppr\/"},"modified":"2025-05-08T10:54:44","modified_gmt":"2025-05-08T13:54:44","slug":"regulador-k3v63-9cos-hyundai-r140-s-bloco-eppr","status":"publish","type":"product","link":"https:\/\/casadaescavadeira.com.br\/pt\/produto\/regulador-k3v63-9cos-hyundai-r140-s-bloco-eppr\/","title":{"rendered":"REGULADOR K3V63 9COS HYUNDAI R140 (S\/BLOCO EPPR)"},"content":{"rendered":"","protected":false},"excerpt":{"rendered":"<p class=\"MsoNormal\"><strong>Bem-vindo \u00e0 Loja Oficial da CASA DA ESCAVADEIRA!<\/strong><\/p>\n<p class=\"MsoNormal\">Temos uma ampla variedade de pe\u00e7as hidr\u00e1ulicas para sua escavadeira e mini escavadeira, trabalhamos com: Acoplamentos, Bombas Hidr\u00e1ulicas, Motoredutores Hidr\u00e1ulicos de tra\u00e7\u00e3o e giro, Veda\u00e7\u00f5es, V\u00e1lvulas e sensores el\u00e9tricos.<\/p>\n<div class=\"MsoNormal\" style=\"text-align: center;\" align=\"center\">\n<hr align=\"center\" size=\"2\" width=\"100%\" \/>\n<\/div>\n<p class=\"MsoNormal\"><strong>Descri\u00e7\u00e3o do Produto:<\/strong><\/p>\n<p class=\"MsoNormal\">Regulador da Bomba Hidr\u00e1ulica K3V63DT-9COS (4P) Sem V\u00e1lvula El\u00e9trica<\/p>\n<p class=\"MsoNormal\">Especifica\u00e7\u00f5es T\u00e9cnicas:<\/p>\n<p class=\"MsoNormal\">Modelo da V\u00e1lvula: K3V63DT-9COS<\/p>\n<p class=\"MsoNormal\">Solenoide: N\u00e3o possui v\u00e1lvula el\u00e9trica (solenoide)<\/p>\n<p class=\"MsoNormal\">Compatibilidade:<\/p>\n<p class=\"MsoNormal\">M\u00e1quinas Hyundai: R140<\/p>\n<p class=\"MsoNormal\">Aplica\u00e7\u00f5es e Benef\u00edcios:<\/p>\n<p class=\"MsoNormal\">O Regulador da Bomba Hidr\u00e1ulica K3V63DT-9COS \u00e9 ideal para opera\u00e7\u00f5es que exigem precis\u00e3o e efici\u00eancia na regula\u00e7\u00e3o da vaz\u00e3o hidr\u00e1ulica em escavadeiras. Compat\u00edvel com o modelo Hyundai R140, este regulador proporciona ajuste de press\u00e3o adequado, resultando em um sistema hidr\u00e1ulico est\u00e1vel e eficiente para equipamentos de m\u00e9dio porte.<\/p>\n<div class=\"MsoNormal\" style=\"text-align: center;\" align=\"center\">\n<hr align=\"center\" size=\"2\" width=\"100%\" \/>\n<\/div>\n<p class=\"MsoNormal\"><strong>D\u00favidas Frequentes:<\/strong><\/p>\n<p class=\"MsoNormal\"><strong>1. Como calcular o frete?<\/strong><\/p>\n<ul style=\"margin-top: 0cm;\" type=\"disc\">\n<li class=\"MsoNormal\">Basta inserir seu CEP no campo de frete e as melhores op\u00e7\u00f5es de envio e pre\u00e7os ser\u00e3o informadas.<\/li>\n<\/ul>\n<p class=\"MsoNormal\"><strong>2. A mercadoria est\u00e1 dispon\u00edvel para pronta entrega?<\/strong><\/p>\n<ul style=\"margin-top: 0cm;\" type=\"disc\">\n<li class=\"MsoNormal\">Sim, exceto se o an\u00fancio mencionar prazo de produ\u00e7\u00e3o, todas as mercadorias s\u00e3o para pronta entrega.<\/li>\n<\/ul>\n<p class=\"MsoNormal\"><strong>3. O produto acompanha nota fiscal?<\/strong><\/p>\n<ul style=\"margin-top: 0cm;\" type=\"disc\">\n<li class=\"MsoNormal\">Sim, todos os itens acompanham nota fiscal e garantia.<\/li>\n<\/ul>\n<p class=\"MsoNormal\"><strong>4. Necessita de mais unidades, componentes espec\u00edficos ou encontrou pre\u00e7o melhor?<\/strong><\/p>\n<ul style=\"margin-top: 0cm;\" type=\"disc\">\n<li class=\"MsoNormal\">Envie-nos uma mensagem na se\u00e7\u00e3o de perguntas! Somos distribuidores de pe\u00e7as para escavadeiras e mini escavadeiras, com valores e condi\u00e7\u00f5es especiais para revendedores e fornecedores de pe\u00e7as.<\/li>\n<li class=\"MsoNormal\"><strong>HOR\u00c1RIO DE ATENDIMENTO:<br \/>\n&#8211; De segunda a sexta-feira das 8h \u00e0s 17:30h.<\/strong><\/li>\n<\/ul>\n<p class=\"MsoNormal\">","protected":false},"featured_media":18651,"comment_status":"open","ping_status":"closed","template":"","meta":{"_acf_changed":false,"om_disable_all_campaigns":false,"_monsterinsights_skip_tracking":false,"_monsterinsights_sitenote_active":false,"_monsterinsights_sitenote_note":"","_monsterinsights_sitenote_category":0,"_uf_show_specific_survey":0,"_uf_disable_surveys":false},"product_brand":[],"product_cat":[78,38,39],"product_tag":[],"class_list":{"0":"post-18645","1":"product","2":"type-product","3":"status-publish","4":"has-post-thumbnail","6":"product_cat-k3v-series-kawasaki","7":"product_cat-partes-e-pecas","8":"product_cat-bomba-hidraulica-pecas","9":"pa_marca-hyundai","11":"first","12":"instock","13":"shipping-taxable","14":"product-type-simple"},"acf":[],"aioseo_notices":[],"_links":{"self":[{"href":"https:\/\/casadaescavadeira.com.br\/pt\/wp-json\/wp\/v2\/product\/18645","targetHints":{"allow":["GET"]}}],"collection":[{"href":"https:\/\/casadaescavadeira.com.br\/pt\/wp-json\/wp\/v2\/product"}],"about":[{"href":"https:\/\/casadaescavadeira.com.br\/pt\/wp-json\/wp\/v2\/types\/product"}],"replies":[{"embeddable":true,"href":"https:\/\/casadaescavadeira.com.br\/pt\/wp-json\/wp\/v2\/comments?post=18645"}],"wp:featuredmedia":[{"embeddable":true,"href":"https:\/\/casadaescavadeira.com.br\/pt\/wp-json\/wp\/v2\/media\/18651"}],"wp:attachment":[{"href":"https:\/\/casadaescavadeira.com.br\/pt\/wp-json\/wp\/v2\/media?parent=18645"}],"wp:term":[{"taxonomy":"product_brand","embeddable":true,"href":"https:\/\/casadaescavadeira.com.br\/pt\/wp-json\/wp\/v2\/product_brand?post=18645"},{"taxonomy":"product_cat","embeddable":true,"href":"https:\/\/casadaescavadeira.com.br\/pt\/wp-json\/wp\/v2\/product_cat?post=18645"},{"taxonomy":"product_tag","embeddable":true,"href":"https:\/\/casadaescavadeira.com.br\/pt\/wp-json\/wp\/v2\/product_tag?post=18645"}],"curies":[{"name":"wp","href":"https:\/\/api.w.org\/{rel}","templated":true}]}}