{"id":18164,"date":"2024-08-12T17:12:19","date_gmt":"2024-08-12T20:12:19","guid":{"rendered":"https:\/\/casadaescavadeira.com.br\/produto\/sem%20categoria\/kit-de-adaptacao-bomba-hidraulica-a8vo80-para-dx180\/"},"modified":"2025-06-27T11:13:12","modified_gmt":"2025-06-27T14:13:12","slug":"kit-de-adaptacao-bomba-hidraulica-a8vo80-para-dx180","status":"publish","type":"product","link":"https:\/\/casadaescavadeira.com.br\/pt\/produto\/kit-de-adaptacao-bomba-hidraulica-a8vo80-para-dx180\/","title":{"rendered":"KIT DE ADAPTA\u00c7\u00c3O BOMBA HIDR\u00c1ULICA A8VO80 PARA (DX180)."},"content":{"rendered":"","protected":false},"excerpt":{"rendered":"<p>Apresentamos o kit de adapta\u00e7\u00e3o para substitui\u00e7\u00e3o da bomba K1012643 (A8VO80) da escavadeira Doosan modelo DX180LC. Fabricada entre os anos de 2008 e 2013, a escavadeira pesa 17,7 toneladas e \u00e9 renomada por sua confiabilidade e desempenho, tornando-se uma escolha popular desde seu lan\u00e7amento.<\/p>\n<p>Apesar de sua excelente performance, as escavadeiras mais antigas, como a DX180LC, enfrentam problemas com o desgaste das bombas hidr\u00e1ulicas. Essas bombas antigas, com tecnologia ultrapassada, s\u00e3o dif\u00edceis de encontrar e, quando dispon\u00edveis, possuem um custo elevado. Al\u00e9m disso, o desgaste das pe\u00e7as internas e da estrutura das bombas tornam muitas vezes a recupera\u00e7\u00e3o invi\u00e1vel.<\/p>\n<p>Para solucionar esses problemas, a Casa da Escavadeira desenvolveu um kit de adapta\u00e7\u00e3o que permite a instala\u00e7\u00e3o de uma bomba moderna e eficiente para substitui\u00e7\u00e3o da K1012643 (A8VO80). Nosso kit inclui:<\/p>\n<p>\u2022 Bomba Hidr\u00e1ulica compat\u00edvel com o projeto original: mas com alta efici\u00eancia e desempenho superior.<\/p>\n<p>\u2022 Adaptadores, Flanges, Acoplamento Flex\u00edvel, Mangueiras e Conex\u00f5es: Componentes personalizados para garantir a compatibilidade perfeita com a estrutura original da m\u00e1quina.<\/p>\n<p>Nosso kit foi projetado para ser instalado sem a necessidade de modifica\u00e7\u00f5es significativas na estrutura da escavadeira. O processo de instala\u00e7\u00e3o inclui os seguintes passos:<\/p>\n<p>1. Remo\u00e7\u00e3o da Bomba Antiga: Desmontagem cuidadosa da bomba hidr\u00e1ulica desgastada.<\/p>\n<p>2. Prepara\u00e7\u00e3o da Escavadeira: Limpeza do sistema hidr\u00e1ulico, substitui\u00e7\u00e3o do \u00f3leo e filtros para garantir o perfeito\u00a0 \u00a0 funcionamento da adapta\u00e7\u00e3o.<\/p>\n<p>3. Instala\u00e7\u00e3o dos Adaptadores: Coloca\u00e7\u00e3o dos adaptadores, flanges, mangueiras e conex\u00f5es espec\u00edficas para a nova bomba.<\/p>\n<p>4. Montagem da Nova Bomba: Fixa\u00e7\u00e3o e sangramento da bomba moderna.<\/p>\n<p>5. Testes de Funcionamento: Verifica\u00e7\u00e3o do desempenho e ajuste fino do sistema hidr\u00e1ulico.<\/p>\n<p>Al\u00e9m do kit de adapta\u00e7\u00e3o completo para substitui\u00e7\u00e3o da bomba K1012643 (A8VO80) da escavadeira Doosan modelo DX180LC\u00a0 e manual de instala\u00e7\u00e3o a Casa da Escavadeira oferece todo o suporte para auxiliar a sua adapta\u00e7\u00e3o\u00a0 atrav\u00e9s da nossa diferenciada assist\u00eancia t\u00e9cnica.<\/p>\n<p class=\"MsoNormal\"><strong>D\u00favidas Frequentes:<\/strong><\/p>\n<p class=\"MsoNormal\"><strong>1. Como calcular o frete?<\/strong><\/p>\n<ul style=\"margin-top: 0cm;\" type=\"disc\">\n<li class=\"MsoNormal\">Basta inserir seu CEP no campo de frete e as melhores op\u00e7\u00f5es de envio e pre\u00e7os ser\u00e3o informadas.<\/li>\n<\/ul>\n<p class=\"MsoNormal\"><strong>2. A mercadoria est\u00e1 dispon\u00edvel para pronta entrega?<\/strong><\/p>\n<ul style=\"margin-top: 0cm;\" type=\"disc\">\n<li class=\"MsoNormal\">Sim, exceto se o an\u00fancio mencionar prazo de produ\u00e7\u00e3o, todas as mercadorias s\u00e3o para pronta entrega.<\/li>\n<\/ul>\n<p class=\"MsoNormal\"><strong>3. O produto acompanha nota fiscal?<\/strong><\/p>\n<ul style=\"margin-top: 0cm;\" type=\"disc\">\n<li class=\"MsoNormal\">Sim, todos os itens acompanham nota fiscal e garantia.<\/li>\n<\/ul>\n<p class=\"MsoNormal\"><strong>4. Necessita de mais unidades, componentes espec\u00edficos ou encontrou pre\u00e7o melhor?<\/strong><\/p>\n<ul style=\"margin-top: 0cm;\" type=\"disc\">\n<li class=\"MsoNormal\">Envie-nos uma mensagem na se\u00e7\u00e3o de perguntas! Somos distribuidores de pe\u00e7as para escavadeiras e mini escavadeiras, com valores e condi\u00e7\u00f5es especiais para revendedores e fornecedores de pe\u00e7as.<\/li>\n<li class=\"MsoNormal\"><strong>HOR\u00c1RIO DE ATENDIMENTO:<br \/>\n&#8211; De segunda a sexta-feira das 8h \u00e0s 17:30h.<\/strong><\/li>\n<\/ul>","protected":false},"featured_media":18165,"comment_status":"open","ping_status":"closed","template":"","meta":{"_acf_changed":false,"om_disable_all_campaigns":false,"_monsterinsights_skip_tracking":false,"_monsterinsights_sitenote_active":false,"_monsterinsights_sitenote_note":"","_monsterinsights_sitenote_category":0,"_uf_show_specific_survey":0,"_uf_disable_surveys":false},"product_brand":[],"product_cat":[1168,19],"product_tag":[],"class_list":{"0":"post-18164","1":"product","2":"type-product","3":"status-publish","4":"has-post-thumbnail","6":"product_cat-a8vo-series-rexroth","7":"product_cat-bombas-hidraulicas","8":"pa_marca-doosan","10":"first","11":"outofstock","12":"shipping-taxable","13":"product-type-simple"},"acf":[],"aioseo_notices":[],"_links":{"self":[{"href":"https:\/\/casadaescavadeira.com.br\/pt\/wp-json\/wp\/v2\/product\/18164","targetHints":{"allow":["GET"]}}],"collection":[{"href":"https:\/\/casadaescavadeira.com.br\/pt\/wp-json\/wp\/v2\/product"}],"about":[{"href":"https:\/\/casadaescavadeira.com.br\/pt\/wp-json\/wp\/v2\/types\/product"}],"replies":[{"embeddable":true,"href":"https:\/\/casadaescavadeira.com.br\/pt\/wp-json\/wp\/v2\/comments?post=18164"}],"wp:featuredmedia":[{"embeddable":true,"href":"https:\/\/casadaescavadeira.com.br\/pt\/wp-json\/wp\/v2\/media\/18165"}],"wp:attachment":[{"href":"https:\/\/casadaescavadeira.com.br\/pt\/wp-json\/wp\/v2\/media?parent=18164"}],"wp:term":[{"taxonomy":"product_brand","embeddable":true,"href":"https:\/\/casadaescavadeira.com.br\/pt\/wp-json\/wp\/v2\/product_brand?post=18164"},{"taxonomy":"product_cat","embeddable":true,"href":"https:\/\/casadaescavadeira.com.br\/pt\/wp-json\/wp\/v2\/product_cat?post=18164"},{"taxonomy":"product_tag","embeddable":true,"href":"https:\/\/casadaescavadeira.com.br\/pt\/wp-json\/wp\/v2\/product_tag?post=18164"}],"curies":[{"name":"wp","href":"https:\/\/api.w.org\/{rel}","templated":true}]}}