{"id":18064,"date":"2024-08-01T14:30:02","date_gmt":"2024-08-01T17:30:02","guid":{"rendered":"https:\/\/casadaescavadeira.com.br\/produto\/sem%20categoria\/sensor-eletrico-de-pressao-baixa-sany-50bar-sy135-sy215\/"},"modified":"2025-06-27T11:13:10","modified_gmt":"2025-06-27T14:13:10","slug":"sensor-eletrico-de-pressao-baixa-sany-50bar-sy135-sy215","status":"publish","type":"product","link":"https:\/\/casadaescavadeira.com.br\/pt\/produto\/sensor-eletrico-de-pressao-baixa-sany-50bar-sy135-sy215\/","title":{"rendered":"SENSOR EL\u00c9TRICO DE PRESS\u00c3O BAIXA SANY 50BAR."},"content":{"rendered":"","protected":false},"excerpt":{"rendered":"<p style=\"font-weight: 400;\">Bem-vindo \u00e0 Loja Oficial da CASA DA ESCAVADEIRA!<\/p>\n<p style=\"font-weight: 400;\">Temos uma ampla variedade de pe\u00e7as hidr\u00e1ulicas para sua escavadeira e mini escavadeira. Trabalhamos com: Acoplamentos, Bombas Hidr\u00e1ulicas, Motoredutores Hidr\u00e1ulicos de Tra\u00e7\u00e3o e Giro, Veda\u00e7\u00f5es, V\u00e1lvulas e Sensores El\u00e9tricos.<\/p>\n<p style=\"font-weight: 400;\">\u00a0Este \u00e9 um componente essencial para garantir a efici\u00eancia e o desempenho da sua escavadeira. Produzida com materiais de alta qualidade, oferece durabilidade, precis\u00e3o e resist\u00eancia em opera\u00e7\u00f5es pesadas. Compat\u00edvel com diversos modelos de m\u00e1quinas, proporciona f\u00e1cil instala\u00e7\u00e3o e desempenho superior em ambientes exigentes.<\/p>\n<p style=\"font-weight: 400;\">Optar pelo nosso produto de alta qualidade \u00e9 investir na longevidade e na performance m\u00e1xima da sua m\u00e1quina. Na Casa da Escavadeira, oferecemos componentes testados e aprovados para diversas marcas e modelos, assegurando a melhor performance em cada opera\u00e7\u00e3o.<\/p>\n<p style=\"font-weight: 400;\"><strong>SENSOR EL\u00c9TRICO DE PRESS\u00c3O BAIXA SANY 50BAR<\/strong><\/p>\n<p style=\"font-weight: 400;\"><strong>\u00a0<\/strong><strong>Especifica\u00e7\u00f5es:<\/strong><\/p>\n<p style=\"font-weight: 400;\"><strong>Press\u00e3o:\u00a0<\/strong>50BAR \/ 5MPA<\/p>\n<p style=\"font-weight: 400;\"><strong>Compatibilidade por Marca:<\/strong><\/p>\n<ul style=\"font-weight: 400;\">\n<li><strong>Sany:<\/strong>\u00a0SY135, SY215, SY265, SY235, SY335, SY365<\/li>\n<li><strong>Tag:<\/strong>\u00a060114798<\/li>\n<\/ul>\n<p style=\"font-weight: 400;\">Garantia de Qualidade: Produto testado para oferecer m\u00e1xima efici\u00eancia e resist\u00eancia.<\/p>\n<p style=\"font-weight: 400;\">Mantenha sua m\u00e1quina em pleno funcionamento com a Casa da Escavadeira!<\/p>\n<p style=\"font-weight: 400;\"><strong>D\u00favidas Frequentes:<\/strong><\/p>\n<ol>\n<li style=\"font-weight: 400;\"><strong> Como calcular o frete?<\/strong><\/li>\n<\/ol>\n<ul style=\"font-weight: 400;\">\n<li>Basta inserir seu CEP no campo de frete e as melhores op\u00e7\u00f5es de envio e pre\u00e7os ser\u00e3o informadas.<\/li>\n<\/ul>\n<ol start=\"2\">\n<li style=\"font-weight: 400;\"><strong> A mercadoria est\u00e1 dispon\u00edvel para pronta entrega?<\/strong><\/li>\n<\/ol>\n<ul style=\"font-weight: 400;\">\n<li>Sim, exceto se o an\u00fancio mencionar prazo de produ\u00e7\u00e3o, todas as mercadorias s\u00e3o para pronta entrega.<\/li>\n<\/ul>\n<ol start=\"3\">\n<li style=\"font-weight: 400;\"><strong> O produto acompanha nota fiscal?<\/strong><\/li>\n<\/ol>\n<ul style=\"font-weight: 400;\">\n<li>Sim, todos os itens acompanham nota fiscal e garantia.<\/li>\n<\/ul>\n<ol start=\"4\">\n<li style=\"font-weight: 400;\"><strong> Necessita de mais unidades, componentes espec\u00edficos ou encontrou pre\u00e7o melhor?<\/strong><\/li>\n<\/ol>\n<ul style=\"font-weight: 400;\">\n<li>Envie-nos uma mensagem na se\u00e7\u00e3o de perguntas! Somos distribuidores de pe\u00e7as para escavadeiras e mini escavadeiras, com valores e condi\u00e7\u00f5es especiais para revendedores e fornecedores de pe\u00e7as.<\/li>\n<li><strong>HOR\u00c1RIO DE ATENDIMENTO: \u2013 De segunda a sexta-feira das 8h \u00e0s 17:30h.<\/strong><\/li>\n<\/ul>","protected":false},"featured_media":18066,"comment_status":"open","ping_status":"closed","template":"","meta":{"_acf_changed":false,"om_disable_all_campaigns":false,"_monsterinsights_skip_tracking":false,"_monsterinsights_sitenote_active":false,"_monsterinsights_sitenote_note":"","_monsterinsights_sitenote_category":0,"_uf_show_specific_survey":0,"_uf_disable_surveys":false},"product_brand":[],"product_cat":[648,406],"product_tag":[2257],"class_list":{"0":"post-18064","1":"product","2":"type-product","3":"status-publish","4":"has-post-thumbnail","6":"product_cat-sensores","7":"product_cat-valvulas-eletricas-e-sensores","8":"product_tag-2257","9":"pa_marca-sany","11":"first","12":"instock","13":"shipping-taxable","14":"product-type-simple"},"acf":[],"aioseo_notices":[],"_links":{"self":[{"href":"https:\/\/casadaescavadeira.com.br\/pt\/wp-json\/wp\/v2\/product\/18064","targetHints":{"allow":["GET"]}}],"collection":[{"href":"https:\/\/casadaescavadeira.com.br\/pt\/wp-json\/wp\/v2\/product"}],"about":[{"href":"https:\/\/casadaescavadeira.com.br\/pt\/wp-json\/wp\/v2\/types\/product"}],"replies":[{"embeddable":true,"href":"https:\/\/casadaescavadeira.com.br\/pt\/wp-json\/wp\/v2\/comments?post=18064"}],"wp:featuredmedia":[{"embeddable":true,"href":"https:\/\/casadaescavadeira.com.br\/pt\/wp-json\/wp\/v2\/media\/18066"}],"wp:attachment":[{"href":"https:\/\/casadaescavadeira.com.br\/pt\/wp-json\/wp\/v2\/media?parent=18064"}],"wp:term":[{"taxonomy":"product_brand","embeddable":true,"href":"https:\/\/casadaescavadeira.com.br\/pt\/wp-json\/wp\/v2\/product_brand?post=18064"},{"taxonomy":"product_cat","embeddable":true,"href":"https:\/\/casadaescavadeira.com.br\/pt\/wp-json\/wp\/v2\/product_cat?post=18064"},{"taxonomy":"product_tag","embeddable":true,"href":"https:\/\/casadaescavadeira.com.br\/pt\/wp-json\/wp\/v2\/product_tag?post=18064"}],"curies":[{"name":"wp","href":"https:\/\/api.w.org\/{rel}","templated":true}]}}