{"id":17934,"date":"2024-04-06T10:09:49","date_gmt":"2024-04-06T13:09:49","guid":{"rendered":"https:\/\/casadaescavadeira.com.br\/?post_type=product&#038;p=17934"},"modified":"2025-07-22T16:00:12","modified_gmt":"2025-07-22T19:00:12","slug":"disco-de-retencao-gm35vl","status":"publish","type":"product","link":"https:\/\/casadaescavadeira.com.br\/pt\/produto\/disco-de-retencao-gm35vl\/","title":{"rendered":"DISCO DE RETEN\u00c7\u00c3O GM35VL E TSM140 DOOSAN"},"content":{"rendered":"<p>Disco de reten\u00e7\u00e3o s\u00e3o pe\u00e7as de a\u00e7o carbono exclusivas para motores hidr\u00e1ulicos GM35VL ou equivalentes.<\/p>","protected":false},"excerpt":{"rendered":"<p>Disco de reten\u00e7\u00e3o s\u00e3o pe\u00e7as de a\u00e7o carbono exclusivas para motores hidr\u00e1ulicos GM35VL E TSM140 DOOSAN<\/p>","protected":false},"featured_media":16201,"comment_status":"closed","ping_status":"closed","template":"","meta":{"_acf_changed":false,"om_disable_all_campaigns":false,"_monsterinsights_skip_tracking":false,"_monsterinsights_sitenote_active":false,"_monsterinsights_sitenote_note":"","_monsterinsights_sitenote_category":0,"_uf_show_specific_survey":0,"_uf_disable_surveys":false},"product_brand":[],"product_cat":[1188,38,1162],"product_tag":[2555,1713,617],"class_list":{"0":"post-17934","1":"product","2":"type-product","3":"status-publish","4":"has-post-thumbnail","6":"product_cat-gm-series-natbesco","7":"product_cat-partes-e-pecas","8":"product_cat-pecas-motoredutores-hidraulicos-translacao","9":"product_tag-1-412-00092","10":"product_tag-sa-8230-28890","11":"product_tag-sa8230-28890","12":"pa_marca-doosan","13":"pa_marca-volvo","15":"first","16":"instock","17":"shipping-taxable","18":"product-type-simple"},"acf":[],"aioseo_notices":[],"_links":{"self":[{"href":"https:\/\/casadaescavadeira.com.br\/pt\/wp-json\/wp\/v2\/product\/17934","targetHints":{"allow":["GET"]}}],"collection":[{"href":"https:\/\/casadaescavadeira.com.br\/pt\/wp-json\/wp\/v2\/product"}],"about":[{"href":"https:\/\/casadaescavadeira.com.br\/pt\/wp-json\/wp\/v2\/types\/product"}],"replies":[{"embeddable":true,"href":"https:\/\/casadaescavadeira.com.br\/pt\/wp-json\/wp\/v2\/comments?post=17934"}],"wp:featuredmedia":[{"embeddable":true,"href":"https:\/\/casadaescavadeira.com.br\/pt\/wp-json\/wp\/v2\/media\/16201"}],"wp:attachment":[{"href":"https:\/\/casadaescavadeira.com.br\/pt\/wp-json\/wp\/v2\/media?parent=17934"}],"wp:term":[{"taxonomy":"product_brand","embeddable":true,"href":"https:\/\/casadaescavadeira.com.br\/pt\/wp-json\/wp\/v2\/product_brand?post=17934"},{"taxonomy":"product_cat","embeddable":true,"href":"https:\/\/casadaescavadeira.com.br\/pt\/wp-json\/wp\/v2\/product_cat?post=17934"},{"taxonomy":"product_tag","embeddable":true,"href":"https:\/\/casadaescavadeira.com.br\/pt\/wp-json\/wp\/v2\/product_tag?post=17934"}],"curies":[{"name":"wp","href":"https:\/\/api.w.org\/{rel}","templated":true}]}}