{"id":17884,"date":"2024-03-21T10:14:34","date_gmt":"2024-03-21T13:14:34","guid":{"rendered":"https:\/\/casadaescavadeira.com.br\/?post_type=product&#038;p=17884"},"modified":"2024-11-22T09:56:41","modified_gmt":"2024-11-22T12:56:41","slug":"valvula-eletrica-kwe5k-31-g24c40","status":"publish","type":"product","link":"https:\/\/casadaescavadeira.com.br\/pt\/produto\/valvula-eletrica-kwe5k-31-g24c40\/","title":{"rendered":"V\u00c1LVULA EL\u00c9TRICA KWE5K-31\/G24C40"},"content":{"rendered":"<p>V\u00e1lvulas solenoide direcionais tipo 31G24C40 s\u00e3o partes de a\u00e7o carbono revestida por uma prote\u00e7\u00e3o pl\u00e1stica aplicadas exclusivamente em escavadeiras da marca New Holland e Case de diversos modelos.<\/p>","protected":false},"excerpt":{"rendered":"<p>V\u00e1lvulas solenoide direcionais tipo 31G24C40 s\u00e3o partes de a\u00e7o carbono revestida por uma prote\u00e7\u00e3o pl\u00e1stica aplicadas exclusivamente em escavadeiras da marca New Holland e Case de diversos modelos.<\/p>","protected":false},"featured_media":17885,"comment_status":"closed","ping_status":"closed","template":"","meta":{"_acf_changed":false,"om_disable_all_campaigns":false,"_monsterinsights_skip_tracking":false,"_monsterinsights_sitenote_active":false,"_monsterinsights_sitenote_note":"","_monsterinsights_sitenote_category":0,"_uf_show_specific_survey":0,"_uf_disable_surveys":false},"product_brand":[],"product_cat":[406,407],"product_tag":[1258,421,2005],"class_list":{"0":"post-17884","1":"product","2":"type-product","3":"status-publish","4":"has-post-thumbnail","6":"product_cat-valvulas-eletricas-e-sensores","7":"product_cat-valvulas-eletricas","8":"product_tag-1258","9":"product_tag-yb35v00003f1","10":"product_tag-yn35v00021f1","11":"pa_marca-kobelco","12":"pa_marca-new-holland","14":"first","15":"instock","16":"shipping-taxable","17":"product-type-simple"},"acf":[],"aioseo_notices":[],"_links":{"self":[{"href":"https:\/\/casadaescavadeira.com.br\/pt\/wp-json\/wp\/v2\/product\/17884","targetHints":{"allow":["GET"]}}],"collection":[{"href":"https:\/\/casadaescavadeira.com.br\/pt\/wp-json\/wp\/v2\/product"}],"about":[{"href":"https:\/\/casadaescavadeira.com.br\/pt\/wp-json\/wp\/v2\/types\/product"}],"replies":[{"embeddable":true,"href":"https:\/\/casadaescavadeira.com.br\/pt\/wp-json\/wp\/v2\/comments?post=17884"}],"wp:featuredmedia":[{"embeddable":true,"href":"https:\/\/casadaescavadeira.com.br\/pt\/wp-json\/wp\/v2\/media\/17885"}],"wp:attachment":[{"href":"https:\/\/casadaescavadeira.com.br\/pt\/wp-json\/wp\/v2\/media?parent=17884"}],"wp:term":[{"taxonomy":"product_brand","embeddable":true,"href":"https:\/\/casadaescavadeira.com.br\/pt\/wp-json\/wp\/v2\/product_brand?post=17884"},{"taxonomy":"product_cat","embeddable":true,"href":"https:\/\/casadaescavadeira.com.br\/pt\/wp-json\/wp\/v2\/product_cat?post=17884"},{"taxonomy":"product_tag","embeddable":true,"href":"https:\/\/casadaescavadeira.com.br\/pt\/wp-json\/wp\/v2\/product_tag?post=17884"}],"curies":[{"name":"wp","href":"https:\/\/api.w.org\/{rel}","templated":true}]}}