{"id":17882,"date":"2024-03-21T10:10:57","date_gmt":"2024-03-21T13:10:57","guid":{"rendered":"https:\/\/casadaescavadeira.com.br\/?post_type=product&#038;p=17882"},"modified":"2024-03-21T10:10:58","modified_gmt":"2024-03-21T13:10:58","slug":"parafuso-de-fixacao-da-bronzina-do-suporte-f3v280dth","status":"publish","type":"product","link":"https:\/\/casadaescavadeira.com.br\/pt\/produto\/parafuso-de-fixacao-da-bronzina-do-suporte-f3v280dth\/","title":{"rendered":"PARAFUSO DE FIXA\u00c7\u00c3O DA BRONZINA DO SUPORTE F3V280DTH"},"content":{"rendered":"<p>Parafuso allem cabe\u00e7a chata M5 com comprimento de 16mm feito de a\u00e7o liga e dureza 10.9 usado para fixa\u00e7\u00e3o da bronzina do suporte de bombas hidr\u00e1ulicas k3v280dth e similares.<\/p>","protected":false},"excerpt":{"rendered":"<p>Parafuso allem cabe\u00e7a chata M5 com comprimento de 16mm feito de a\u00e7o liga e dureza 10.9 usado para fixa\u00e7\u00e3o da bronzina do suporte de bombas hidr\u00e1ulicas k3v280dth e similares.<\/p>","protected":false},"featured_media":17883,"comment_status":"closed","ping_status":"closed","template":"","meta":{"_acf_changed":false,"om_disable_all_campaigns":false,"_monsterinsights_skip_tracking":false,"_monsterinsights_sitenote_active":false,"_monsterinsights_sitenote_note":"","_monsterinsights_sitenote_category":0,"_uf_show_specific_survey":0,"_uf_disable_surveys":false},"product_brand":[],"product_cat":[78,38,39],"product_tag":[],"class_list":{"0":"post-17882","1":"product","2":"type-product","3":"status-publish","4":"has-post-thumbnail","6":"product_cat-k3v-series-kawasaki","7":"product_cat-partes-e-pecas","8":"product_cat-bomba-hidraulica-pecas","10":"first","11":"instock","12":"shipping-taxable","13":"product-type-simple"},"acf":[],"aioseo_notices":[],"_links":{"self":[{"href":"https:\/\/casadaescavadeira.com.br\/pt\/wp-json\/wp\/v2\/product\/17882","targetHints":{"allow":["GET"]}}],"collection":[{"href":"https:\/\/casadaescavadeira.com.br\/pt\/wp-json\/wp\/v2\/product"}],"about":[{"href":"https:\/\/casadaescavadeira.com.br\/pt\/wp-json\/wp\/v2\/types\/product"}],"replies":[{"embeddable":true,"href":"https:\/\/casadaescavadeira.com.br\/pt\/wp-json\/wp\/v2\/comments?post=17882"}],"wp:featuredmedia":[{"embeddable":true,"href":"https:\/\/casadaescavadeira.com.br\/pt\/wp-json\/wp\/v2\/media\/17883"}],"wp:attachment":[{"href":"https:\/\/casadaescavadeira.com.br\/pt\/wp-json\/wp\/v2\/media?parent=17882"}],"wp:term":[{"taxonomy":"product_brand","embeddable":true,"href":"https:\/\/casadaescavadeira.com.br\/pt\/wp-json\/wp\/v2\/product_brand?post=17882"},{"taxonomy":"product_cat","embeddable":true,"href":"https:\/\/casadaescavadeira.com.br\/pt\/wp-json\/wp\/v2\/product_cat?post=17882"},{"taxonomy":"product_tag","embeddable":true,"href":"https:\/\/casadaescavadeira.com.br\/pt\/wp-json\/wp\/v2\/product_tag?post=17882"}],"curies":[{"name":"wp","href":"https:\/\/api.w.org\/{rel}","templated":true}]}}