{"id":17845,"date":"2024-03-08T10:59:31","date_gmt":"2024-03-08T13:59:31","guid":{"rendered":"https:\/\/casadaescavadeira.com.br\/?post_type=product&#038;p=17845"},"modified":"2024-03-08T11:00:44","modified_gmt":"2024-03-08T14:00:44","slug":"eixo-principal-gm35vl-tipo-3","status":"publish","type":"product","link":"https:\/\/casadaescavadeira.com.br\/pt\/produto\/eixo-principal-gm35vl-tipo-3\/","title":{"rendered":"EIXO PRINCIPAL GM35VL TIPO 3"},"content":{"rendered":"<p>Eixo principal GM35VL s\u00e3o partes de a\u00e7o carbono exclusivas para motores hidr\u00e1ulicos do modelo GM35VL ou equivalentes. Aplicados nas escavadeiras da marca Volvo EC210 e similares.<\/p>","protected":false},"excerpt":{"rendered":"<p>Eixo principal GM35VL s\u00e3o partes de a\u00e7o carbono exclusivas para motores hidr\u00e1ulicos do modelo GM35VL ou equivalentes. Aplicados nas escavadeiras da marca Volvo EC210 e similares.<\/p>","protected":false},"featured_media":17846,"comment_status":"closed","ping_status":"closed","template":"","meta":{"_acf_changed":false,"om_disable_all_campaigns":false,"_monsterinsights_skip_tracking":false,"_monsterinsights_sitenote_active":false,"_monsterinsights_sitenote_note":"","_monsterinsights_sitenote_category":0,"_uf_show_specific_survey":0,"_uf_disable_surveys":false},"product_brand":[],"product_cat":[1188,38,1162],"product_tag":[1993,616],"class_list":{"0":"post-17845","1":"product","2":"type-product","3":"status-publish","4":"has-post-thumbnail","6":"product_cat-gm-series-natbesco","7":"product_cat-partes-e-pecas","8":"product_cat-pecas-motoredutores-hidraulicos-translacao","9":"product_tag-sa-8230-33140","10":"product_tag-sa8230-33140","12":"first","13":"instock","14":"shipping-taxable","15":"product-type-simple"},"acf":[],"aioseo_notices":[],"_links":{"self":[{"href":"https:\/\/casadaescavadeira.com.br\/pt\/wp-json\/wp\/v2\/product\/17845","targetHints":{"allow":["GET"]}}],"collection":[{"href":"https:\/\/casadaescavadeira.com.br\/pt\/wp-json\/wp\/v2\/product"}],"about":[{"href":"https:\/\/casadaescavadeira.com.br\/pt\/wp-json\/wp\/v2\/types\/product"}],"replies":[{"embeddable":true,"href":"https:\/\/casadaescavadeira.com.br\/pt\/wp-json\/wp\/v2\/comments?post=17845"}],"wp:featuredmedia":[{"embeddable":true,"href":"https:\/\/casadaescavadeira.com.br\/pt\/wp-json\/wp\/v2\/media\/17846"}],"wp:attachment":[{"href":"https:\/\/casadaescavadeira.com.br\/pt\/wp-json\/wp\/v2\/media?parent=17845"}],"wp:term":[{"taxonomy":"product_brand","embeddable":true,"href":"https:\/\/casadaescavadeira.com.br\/pt\/wp-json\/wp\/v2\/product_brand?post=17845"},{"taxonomy":"product_cat","embeddable":true,"href":"https:\/\/casadaescavadeira.com.br\/pt\/wp-json\/wp\/v2\/product_cat?post=17845"},{"taxonomy":"product_tag","embeddable":true,"href":"https:\/\/casadaescavadeira.com.br\/pt\/wp-json\/wp\/v2\/product_tag?post=17845"}],"curies":[{"name":"wp","href":"https:\/\/api.w.org\/{rel}","templated":true}]}}