{"id":17806,"date":"2024-02-22T12:13:07","date_gmt":"2024-02-22T15:13:07","guid":{"rendered":"https:\/\/casadaescavadeira.com.br\/?post_type=product&#038;p=17806"},"modified":"2024-11-19T15:05:05","modified_gmt":"2024-11-19T18:05:05","slug":"cubo-tracao-gm35vl","status":"publish","type":"product","link":"https:\/\/casadaescavadeira.com.br\/pt\/produto\/cubo-tracao-gm35vl\/","title":{"rendered":"CUBO TRA\u00c7\u00c3O GM35VL"},"content":{"rendered":"<p>Cubo GM35VL um redutor planet\u00e1rio com rela\u00e7\u00e3o de transmiss\u00e3o de 48x e torque m\u00e1ximo de 43200 N.m. Feito de a\u00e7o carbono fundido, usinado e temperado \u00e9 utilizado como redutor de velocidade e transmissor de torque em sistemas de locomo\u00e7\u00e3o de m\u00e1quinas autopropulsadas.<\/p>","protected":false},"excerpt":{"rendered":"<p>Cubo GM35VL um redutor planet\u00e1rio com rela\u00e7\u00e3o de transmiss\u00e3o de 48x e torque m\u00e1ximo de 43200 N.m. Feito de a\u00e7o carbono fundido, usinado e temperado \u00e9 utilizado como redutor de velocidade e transmissor de torque em sistemas de locomo\u00e7\u00e3o de m\u00e1quinas autopropulsadas.<\/p>","protected":false},"featured_media":16201,"comment_status":"closed","ping_status":"closed","template":"","meta":{"_acf_changed":false,"om_disable_all_campaigns":false,"_monsterinsights_skip_tracking":false,"_monsterinsights_sitenote_active":false,"_monsterinsights_sitenote_note":"","_monsterinsights_sitenote_category":0,"_uf_show_specific_survey":0,"_uf_disable_surveys":false},"product_brand":[],"product_cat":[1200,192],"product_tag":[1974,1975],"class_list":{"0":"post-17806","1":"product","2":"type-product","3":"status-publish","4":"has-post-thumbnail","6":"product_cat-gm-series-natbesco-motoredutor-de-tracao","7":"product_cat-motoredutor-de-tracao","8":"product_tag-voe-14528733","9":"product_tag-voe14528733","10":"pa_marca-volvo","12":"first","13":"instock","14":"shipping-taxable","15":"product-type-simple"},"acf":[],"aioseo_notices":[],"_links":{"self":[{"href":"https:\/\/casadaescavadeira.com.br\/pt\/wp-json\/wp\/v2\/product\/17806","targetHints":{"allow":["GET"]}}],"collection":[{"href":"https:\/\/casadaescavadeira.com.br\/pt\/wp-json\/wp\/v2\/product"}],"about":[{"href":"https:\/\/casadaescavadeira.com.br\/pt\/wp-json\/wp\/v2\/types\/product"}],"replies":[{"embeddable":true,"href":"https:\/\/casadaescavadeira.com.br\/pt\/wp-json\/wp\/v2\/comments?post=17806"}],"wp:featuredmedia":[{"embeddable":true,"href":"https:\/\/casadaescavadeira.com.br\/pt\/wp-json\/wp\/v2\/media\/16201"}],"wp:attachment":[{"href":"https:\/\/casadaescavadeira.com.br\/pt\/wp-json\/wp\/v2\/media?parent=17806"}],"wp:term":[{"taxonomy":"product_brand","embeddable":true,"href":"https:\/\/casadaescavadeira.com.br\/pt\/wp-json\/wp\/v2\/product_brand?post=17806"},{"taxonomy":"product_cat","embeddable":true,"href":"https:\/\/casadaescavadeira.com.br\/pt\/wp-json\/wp\/v2\/product_cat?post=17806"},{"taxonomy":"product_tag","embeddable":true,"href":"https:\/\/casadaescavadeira.com.br\/pt\/wp-json\/wp\/v2\/product_tag?post=17806"}],"curies":[{"name":"wp","href":"https:\/\/api.w.org\/{rel}","templated":true}]}}