{"id":17805,"date":"2024-02-22T11:55:52","date_gmt":"2024-02-22T14:55:52","guid":{"rendered":"https:\/\/casadaescavadeira.com.br\/?post_type=product&#038;p=17805"},"modified":"2024-02-22T11:55:52","modified_gmt":"2024-02-22T14:55:52","slug":"cubo-tracao-ftm18vc-68-43-1","status":"publish","type":"product","link":"https:\/\/casadaescavadeira.com.br\/pt\/produto\/cubo-tracao-ftm18vc-68-43-1\/","title":{"rendered":"CUBO TRA\u00c7\u00c3O FTM18VC-68\/43-1"},"content":{"rendered":"<p>Cubo FTM18VC-68\/43-1 \u00e9 redutor planet\u00e1rio com rela\u00e7\u00e3o de transmiss\u00e3o de 53x, torque m\u00e1ximo de 20350 N.m para sistemas de locomo\u00e7\u00e3o de m\u00e1quinas autopropulsadas.<\/p>","protected":false},"excerpt":{"rendered":"<p>Cubo FTM18VC-68\/43-1 \u00e9 redutor planet\u00e1rio com rela\u00e7\u00e3o de transmiss\u00e3o de 53x, torque m\u00e1ximo de 20350 N.m para sistemas de locomo\u00e7\u00e3o de m\u00e1quinas autopropulsadas.<\/p>","protected":false},"featured_media":16201,"comment_status":"closed","ping_status":"closed","template":"","meta":{"_acf_changed":false,"om_disable_all_campaigns":false,"_monsterinsights_skip_tracking":false,"_monsterinsights_sitenote_active":false,"_monsterinsights_sitenote_note":"","_monsterinsights_sitenote_category":0,"_uf_show_specific_survey":0,"_uf_disable_surveys":false},"product_brand":[],"product_cat":[192,1199],"product_tag":[1972,1973],"class_list":{"0":"post-17805","1":"product","2":"type-product","3":"status-publish","4":"has-post-thumbnail","6":"product_cat-motoredutor-de-tracao","7":"product_cat-tm-series-doosan-motoredutor-de-tracao","8":"product_tag-708-2l-24670","9":"product_tag-708-2l-24680","11":"first","12":"instock","13":"shipping-taxable","14":"product-type-simple"},"acf":[],"aioseo_notices":[],"_links":{"self":[{"href":"https:\/\/casadaescavadeira.com.br\/pt\/wp-json\/wp\/v2\/product\/17805","targetHints":{"allow":["GET"]}}],"collection":[{"href":"https:\/\/casadaescavadeira.com.br\/pt\/wp-json\/wp\/v2\/product"}],"about":[{"href":"https:\/\/casadaescavadeira.com.br\/pt\/wp-json\/wp\/v2\/types\/product"}],"replies":[{"embeddable":true,"href":"https:\/\/casadaescavadeira.com.br\/pt\/wp-json\/wp\/v2\/comments?post=17805"}],"wp:featuredmedia":[{"embeddable":true,"href":"https:\/\/casadaescavadeira.com.br\/pt\/wp-json\/wp\/v2\/media\/16201"}],"wp:attachment":[{"href":"https:\/\/casadaescavadeira.com.br\/pt\/wp-json\/wp\/v2\/media?parent=17805"}],"wp:term":[{"taxonomy":"product_brand","embeddable":true,"href":"https:\/\/casadaescavadeira.com.br\/pt\/wp-json\/wp\/v2\/product_brand?post=17805"},{"taxonomy":"product_cat","embeddable":true,"href":"https:\/\/casadaescavadeira.com.br\/pt\/wp-json\/wp\/v2\/product_cat?post=17805"},{"taxonomy":"product_tag","embeddable":true,"href":"https:\/\/casadaescavadeira.com.br\/pt\/wp-json\/wp\/v2\/product_tag?post=17805"}],"curies":[{"name":"wp","href":"https:\/\/api.w.org\/{rel}","templated":true}]}}