{"id":17804,"date":"2024-02-20T17:07:03","date_gmt":"2024-02-20T20:07:03","guid":{"rendered":"https:\/\/casadaescavadeira.com.br\/?post_type=product&#038;p=17804"},"modified":"2024-11-19T09:48:42","modified_gmt":"2024-11-19T12:48:42","slug":"cubo-giro-m5x130-03-e215b-c-cx220b-c-z19-12-furos","status":"publish","type":"product","link":"https:\/\/casadaescavadeira.com.br\/pt\/produto\/cubo-giro-m5x130-03-e215b-c-cx220b-c-z19-12-furos\/","title":{"rendered":"CUBO GIRO M5X130-03 (E215B\/C &#038; CX220B\/C) (Z=19, 12 FUROS)"},"content":{"rendered":"<p>Cubo M5X130-01 \u00e9 redutor planet\u00e1rio com rela\u00e7\u00e3o de transmiss\u00e3o de 20.01x, torque m\u00e1ximo 1050 N.m. Feito de a\u00e7o carbono fundido, usinado e temperado \u00e9 utilizado como redutor de velocidade e transmissor de torque em sistemas de giro de m\u00e1quinas autopropulsadas. S\u00e3o aplicados nos sistemas de giro das escavadeiras hidr\u00e1ulicas da marca Volvo modelo EC210 e similares.<\/p>","protected":false},"excerpt":{"rendered":"<p>Cubo M5X130-01 \u00e9 redutor planet\u00e1rio com rela\u00e7\u00e3o de transmiss\u00e3o de 20.01x, torque m\u00e1ximo 1050 N.m. Feito de a\u00e7o carbono fundido, usinado e temperado \u00e9 utilizado como redutor de velocidade e transmissor de torque em sistemas de giro de m\u00e1quinas autopropulsadas. S\u00e3o aplicados nos sistemas de giro das escavadeiras hidr\u00e1ulicas da marca Volvo modelo EC210 e similares.<\/p>","protected":false},"featured_media":16201,"comment_status":"closed","ping_status":"closed","template":"","meta":{"_acf_changed":false,"om_disable_all_campaigns":false,"_monsterinsights_skip_tracking":false,"_monsterinsights_sitenote_active":false,"_monsterinsights_sitenote_note":"","_monsterinsights_sitenote_category":0,"_uf_show_specific_survey":0,"_uf_disable_surveys":false},"product_brand":[],"product_cat":[1203,605],"product_tag":[1971,1970,2295],"class_list":{"0":"post-17804","1":"product","2":"type-product","3":"status-publish","4":"has-post-thumbnail","6":"product_cat-m5x-series-kawasaki-motoredutor-de-giro","7":"product_cat-motoredutor-de-giro","8":"product_tag-yn32w00019f1","9":"product_tag-yn32w00022f1","10":"product_tag-yn32w00025f1-yn15v00035f1","11":"pa_marca-kobelco","12":"pa_marca-new-holland","14":"first","15":"instock","16":"shipping-taxable","17":"product-type-simple"},"acf":[],"aioseo_notices":[],"_links":{"self":[{"href":"https:\/\/casadaescavadeira.com.br\/pt\/wp-json\/wp\/v2\/product\/17804","targetHints":{"allow":["GET"]}}],"collection":[{"href":"https:\/\/casadaescavadeira.com.br\/pt\/wp-json\/wp\/v2\/product"}],"about":[{"href":"https:\/\/casadaescavadeira.com.br\/pt\/wp-json\/wp\/v2\/types\/product"}],"replies":[{"embeddable":true,"href":"https:\/\/casadaescavadeira.com.br\/pt\/wp-json\/wp\/v2\/comments?post=17804"}],"wp:featuredmedia":[{"embeddable":true,"href":"https:\/\/casadaescavadeira.com.br\/pt\/wp-json\/wp\/v2\/media\/16201"}],"wp:attachment":[{"href":"https:\/\/casadaescavadeira.com.br\/pt\/wp-json\/wp\/v2\/media?parent=17804"}],"wp:term":[{"taxonomy":"product_brand","embeddable":true,"href":"https:\/\/casadaescavadeira.com.br\/pt\/wp-json\/wp\/v2\/product_brand?post=17804"},{"taxonomy":"product_cat","embeddable":true,"href":"https:\/\/casadaescavadeira.com.br\/pt\/wp-json\/wp\/v2\/product_cat?post=17804"},{"taxonomy":"product_tag","embeddable":true,"href":"https:\/\/casadaescavadeira.com.br\/pt\/wp-json\/wp\/v2\/product_tag?post=17804"}],"curies":[{"name":"wp","href":"https:\/\/api.w.org\/{rel}","templated":true}]}}