{"id":17800,"date":"2024-02-20T16:01:07","date_gmt":"2024-02-20T19:01:07","guid":{"rendered":"https:\/\/casadaescavadeira.com.br\/?post_type=product&#038;p=17800"},"modified":"2024-11-19T10:45:40","modified_gmt":"2024-11-19T13:45:40","slug":"cubo-giro-jmf151-m2x150-r210-lc7","status":"publish","type":"product","link":"https:\/\/casadaescavadeira.com.br\/pt\/produto\/cubo-giro-jmf151-m2x150-r210-lc7\/","title":{"rendered":"CUBO GIRO JMF151 (M2X150) (R210-LC7)"},"content":{"rendered":"<p>Cubo M2X150 \u00e9 redutor planet\u00e1rio. Feito de a\u00e7o carbono fundido, usinado e temperado \u00e9 utilizado como redutor de velocidade e transmissor de torque em sistemas de giro de m\u00e1quinas autopropulsadas. S\u00e3o aplicados nos sistemas de giro das escavadeiras hidr\u00e1ulicas da marca Hyundai modelo R210LC7 e similares.<\/p>","protected":false},"excerpt":{"rendered":"<p>Cubo M2X150 \u00e9 redutor planet\u00e1rio. Feito de a\u00e7o carbono fundido, usinado e temperado \u00e9 utilizado como redutor de velocidade e transmissor de torque em sistemas de giro de m\u00e1quinas autopropulsadas. S\u00e3o aplicados nos sistemas de giro das escavadeiras hidr\u00e1ulicas da marca Hyundai modelo R210LC7 e similares.<\/p>","protected":false},"featured_media":16201,"comment_status":"closed","ping_status":"closed","template":"","meta":{"_acf_changed":false,"om_disable_all_campaigns":false,"_monsterinsights_skip_tracking":false,"_monsterinsights_sitenote_active":false,"_monsterinsights_sitenote_note":"","_monsterinsights_sitenote_category":0,"_uf_show_specific_survey":0,"_uf_disable_surveys":false},"product_brand":[],"product_cat":[1205,605],"product_tag":[1963,1964],"class_list":{"0":"post-17800","1":"product","2":"type-product","3":"status-publish","4":"has-post-thumbnail","6":"product_cat-jmf-series-hyundai-motoredutor-de-giro","7":"product_cat-motoredutor-de-giro","8":"product_tag-31n6-10150","9":"product_tag-31n6-10180","10":"pa_marca-hyundai","12":"first","13":"instock","14":"shipping-taxable","15":"product-type-simple"},"acf":[],"aioseo_notices":[],"_links":{"self":[{"href":"https:\/\/casadaescavadeira.com.br\/pt\/wp-json\/wp\/v2\/product\/17800","targetHints":{"allow":["GET"]}}],"collection":[{"href":"https:\/\/casadaescavadeira.com.br\/pt\/wp-json\/wp\/v2\/product"}],"about":[{"href":"https:\/\/casadaescavadeira.com.br\/pt\/wp-json\/wp\/v2\/types\/product"}],"replies":[{"embeddable":true,"href":"https:\/\/casadaescavadeira.com.br\/pt\/wp-json\/wp\/v2\/comments?post=17800"}],"wp:featuredmedia":[{"embeddable":true,"href":"https:\/\/casadaescavadeira.com.br\/pt\/wp-json\/wp\/v2\/media\/16201"}],"wp:attachment":[{"href":"https:\/\/casadaescavadeira.com.br\/pt\/wp-json\/wp\/v2\/media?parent=17800"}],"wp:term":[{"taxonomy":"product_brand","embeddable":true,"href":"https:\/\/casadaescavadeira.com.br\/pt\/wp-json\/wp\/v2\/product_brand?post=17800"},{"taxonomy":"product_cat","embeddable":true,"href":"https:\/\/casadaescavadeira.com.br\/pt\/wp-json\/wp\/v2\/product_cat?post=17800"},{"taxonomy":"product_tag","embeddable":true,"href":"https:\/\/casadaescavadeira.com.br\/pt\/wp-json\/wp\/v2\/product_tag?post=17800"}],"curies":[{"name":"wp","href":"https:\/\/api.w.org\/{rel}","templated":true}]}}