{"id":17797,"date":"2024-02-20T11:36:21","date_gmt":"2024-02-20T14:36:21","guid":{"rendered":"https:\/\/casadaescavadeira.com.br\/?post_type=product&#038;p=17797"},"modified":"2024-02-20T11:36:21","modified_gmt":"2024-02-20T14:36:21","slug":"corpo-central-da-bomba-f3v63dt-f5v80dt-19mm","status":"publish","type":"product","link":"https:\/\/casadaescavadeira.com.br\/pt\/produto\/corpo-central-da-bomba-f3v63dt-f5v80dt-19mm\/","title":{"rendered":"CORPO CENTRAL DA BOMBA F3V63DT\/F5V80DT (19MM)"},"content":{"rendered":"<p>Corpo central da bomba \u00e9 um pe\u00e7a de a\u00e7o carbono usinada e temperada aplicada exclusivamente em bombas hidr\u00e1ulicas modelo F3V63DT\/F5V80DT (furo de 19mm) ou equivalentes.<\/p>","protected":false},"excerpt":{"rendered":"<p>Corpo central da bomba \u00e9 um pe\u00e7a de a\u00e7o carbono usinada e temperada aplicada exclusivamente em bombas hidr\u00e1ulicas modelo F3V63DT\/F5V80DT (furo de 19mm) ou equivalentes.<\/p>","protected":false},"featured_media":16201,"comment_status":"closed","ping_status":"closed","template":"","meta":{"_acf_changed":false,"_monsterinsights_skip_tracking":false,"_monsterinsights_sitenote_active":false,"_monsterinsights_sitenote_note":"","_monsterinsights_sitenote_category":0,"_uf_show_specific_survey":0,"_uf_disable_surveys":false},"product_brand":[],"product_cat":[78,71,38,39],"product_tag":[1960,1961],"class_list":{"0":"post-17797","1":"product","2":"type-product","3":"status-publish","4":"has-post-thumbnail","6":"product_cat-k3v-series-kawasaki","7":"product_cat-k5v-series-kawasaki-pecas","8":"product_cat-partes-e-pecas","9":"product_cat-bomba-hidraulica-pecas","10":"product_tag-sa-8230-08920","11":"product_tag-sa8230-08920","13":"first","14":"instock","15":"shipping-taxable","16":"product-type-simple"},"acf":[],"aioseo_notices":[],"_links":{"self":[{"href":"https:\/\/casadaescavadeira.com.br\/pt\/wp-json\/wp\/v2\/product\/17797","targetHints":{"allow":["GET"]}}],"collection":[{"href":"https:\/\/casadaescavadeira.com.br\/pt\/wp-json\/wp\/v2\/product"}],"about":[{"href":"https:\/\/casadaescavadeira.com.br\/pt\/wp-json\/wp\/v2\/types\/product"}],"replies":[{"embeddable":true,"href":"https:\/\/casadaescavadeira.com.br\/pt\/wp-json\/wp\/v2\/comments?post=17797"}],"wp:featuredmedia":[{"embeddable":true,"href":"https:\/\/casadaescavadeira.com.br\/pt\/wp-json\/wp\/v2\/media\/16201"}],"wp:attachment":[{"href":"https:\/\/casadaescavadeira.com.br\/pt\/wp-json\/wp\/v2\/media?parent=17797"}],"wp:term":[{"taxonomy":"product_brand","embeddable":true,"href":"https:\/\/casadaescavadeira.com.br\/pt\/wp-json\/wp\/v2\/product_brand?post=17797"},{"taxonomy":"product_cat","embeddable":true,"href":"https:\/\/casadaescavadeira.com.br\/pt\/wp-json\/wp\/v2\/product_cat?post=17797"},{"taxonomy":"product_tag","embeddable":true,"href":"https:\/\/casadaescavadeira.com.br\/pt\/wp-json\/wp\/v2\/product_tag?post=17797"}],"curies":[{"name":"wp","href":"https:\/\/api.w.org\/{rel}","templated":true}]}}