{"id":17796,"date":"2024-02-20T11:18:07","date_gmt":"2024-02-20T14:18:07","guid":{"rendered":"https:\/\/casadaescavadeira.com.br\/?post_type=product&#038;p=17796"},"modified":"2024-02-20T11:18:07","modified_gmt":"2024-02-20T14:18:07","slug":"corpo-central-da-bomba-f3v180-f5v200dth-estreito","status":"publish","type":"product","link":"https:\/\/casadaescavadeira.com.br\/pt\/produto\/corpo-central-da-bomba-f3v180-f5v200dth-estreito\/","title":{"rendered":"CORPO CENTRAL DA BOMBA F3V180\/F5V200DTH (ESTREITO)"},"content":{"rendered":"<p>Corpo central da bomba \u00e9 uma pe\u00e7a de a\u00e7o carbono usinada e temperada aplicada exclusivamente em bombas hidr\u00e1ulicas modelo F3V180\/F5V200DTH.<\/p>","protected":false},"excerpt":{"rendered":"<p>Corpo central da bomba \u00e9 uma pe\u00e7a de a\u00e7o carbono usinada e temperada aplicada exclusivamente em bombas hidr\u00e1ulicas modelo F3V180\/F5V200DTH.<\/p>","protected":false},"featured_media":16201,"comment_status":"closed","ping_status":"closed","template":"","meta":{"_acf_changed":false,"om_disable_all_campaigns":false,"_monsterinsights_skip_tracking":false,"_monsterinsights_sitenote_active":false,"_monsterinsights_sitenote_note":"","_monsterinsights_sitenote_category":0,"_uf_show_specific_survey":0,"_uf_disable_surveys":false},"product_brand":[],"product_cat":[78,71,38,39],"product_tag":[],"class_list":{"0":"post-17796","1":"product","2":"type-product","3":"status-publish","4":"has-post-thumbnail","6":"product_cat-k3v-series-kawasaki","7":"product_cat-k5v-series-kawasaki-pecas","8":"product_cat-partes-e-pecas","9":"product_cat-bomba-hidraulica-pecas","11":"first","12":"instock","13":"shipping-taxable","14":"product-type-simple"},"acf":[],"aioseo_notices":[],"_links":{"self":[{"href":"https:\/\/casadaescavadeira.com.br\/pt\/wp-json\/wp\/v2\/product\/17796","targetHints":{"allow":["GET"]}}],"collection":[{"href":"https:\/\/casadaescavadeira.com.br\/pt\/wp-json\/wp\/v2\/product"}],"about":[{"href":"https:\/\/casadaescavadeira.com.br\/pt\/wp-json\/wp\/v2\/types\/product"}],"replies":[{"embeddable":true,"href":"https:\/\/casadaescavadeira.com.br\/pt\/wp-json\/wp\/v2\/comments?post=17796"}],"wp:featuredmedia":[{"embeddable":true,"href":"https:\/\/casadaescavadeira.com.br\/pt\/wp-json\/wp\/v2\/media\/16201"}],"wp:attachment":[{"href":"https:\/\/casadaescavadeira.com.br\/pt\/wp-json\/wp\/v2\/media?parent=17796"}],"wp:term":[{"taxonomy":"product_brand","embeddable":true,"href":"https:\/\/casadaescavadeira.com.br\/pt\/wp-json\/wp\/v2\/product_brand?post=17796"},{"taxonomy":"product_cat","embeddable":true,"href":"https:\/\/casadaescavadeira.com.br\/pt\/wp-json\/wp\/v2\/product_cat?post=17796"},{"taxonomy":"product_tag","embeddable":true,"href":"https:\/\/casadaescavadeira.com.br\/pt\/wp-json\/wp\/v2\/product_tag?post=17796"}],"curies":[{"name":"wp","href":"https:\/\/api.w.org\/{rel}","templated":true}]}}