{"id":17765,"date":"2024-02-15T11:02:37","date_gmt":"2024-02-15T14:02:37","guid":{"rendered":"https:\/\/casadaescavadeira.com.br\/?post_type=product&#038;p=17765"},"modified":"2024-02-15T11:02:59","modified_gmt":"2024-02-15T14:02:59","slug":"disco-separador-m5x180","status":"publish","type":"product","link":"https:\/\/casadaescavadeira.com.br\/pt\/produto\/disco-separador-m5x180\/","title":{"rendered":"DISCO SEPARADOR M5X180"},"content":{"rendered":"<p>Disco separador s\u00e3o partes de a\u00e7o carbono temperadas aplicadas em motores hidr\u00e1ulicas do modelo M5X180.<\/p>","protected":false},"excerpt":{"rendered":"<p>Disco separador s\u00e3o partes de a\u00e7o carbono temperadas aplicadas em motores hidr\u00e1ulicas do modelo M5X180.<\/p>","protected":false},"featured_media":17766,"comment_status":"closed","ping_status":"closed","template":"","meta":{"_acf_changed":false,"om_disable_all_campaigns":false,"_monsterinsights_skip_tracking":false,"_monsterinsights_sitenote_active":false,"_monsterinsights_sitenote_note":"","_monsterinsights_sitenote_category":0,"_uf_show_specific_survey":0,"_uf_disable_surveys":false},"product_brand":[],"product_cat":[388,38,387],"product_tag":[1949],"class_list":{"0":"post-17765","1":"product","2":"type-product","3":"status-publish","4":"has-post-thumbnail","6":"product_cat-m5x-series-kawasaki","7":"product_cat-partes-e-pecas","8":"product_cat-motoredutor-de-giro-pecas","9":"product_tag-2441u784s743","11":"first","12":"instock","13":"shipping-taxable","14":"product-type-simple"},"acf":[],"aioseo_notices":[],"_links":{"self":[{"href":"https:\/\/casadaescavadeira.com.br\/pt\/wp-json\/wp\/v2\/product\/17765","targetHints":{"allow":["GET"]}}],"collection":[{"href":"https:\/\/casadaescavadeira.com.br\/pt\/wp-json\/wp\/v2\/product"}],"about":[{"href":"https:\/\/casadaescavadeira.com.br\/pt\/wp-json\/wp\/v2\/types\/product"}],"replies":[{"embeddable":true,"href":"https:\/\/casadaescavadeira.com.br\/pt\/wp-json\/wp\/v2\/comments?post=17765"}],"wp:featuredmedia":[{"embeddable":true,"href":"https:\/\/casadaescavadeira.com.br\/pt\/wp-json\/wp\/v2\/media\/17766"}],"wp:attachment":[{"href":"https:\/\/casadaescavadeira.com.br\/pt\/wp-json\/wp\/v2\/media?parent=17765"}],"wp:term":[{"taxonomy":"product_brand","embeddable":true,"href":"https:\/\/casadaescavadeira.com.br\/pt\/wp-json\/wp\/v2\/product_brand?post=17765"},{"taxonomy":"product_cat","embeddable":true,"href":"https:\/\/casadaescavadeira.com.br\/pt\/wp-json\/wp\/v2\/product_cat?post=17765"},{"taxonomy":"product_tag","embeddable":true,"href":"https:\/\/casadaescavadeira.com.br\/pt\/wp-json\/wp\/v2\/product_tag?post=17765"}],"curies":[{"name":"wp","href":"https:\/\/api.w.org\/{rel}","templated":true}]}}