{"id":17752,"date":"2024-02-05T13:00:01","date_gmt":"2024-02-05T16:00:01","guid":{"rendered":"https:\/\/casadaescavadeira.com.br\/?post_type=product&#038;p=17752"},"modified":"2024-02-05T13:00:01","modified_gmt":"2024-02-05T16:00:01","slug":"pino-de-articulacao-do-berco-f3v180","status":"publish","type":"product","link":"https:\/\/casadaescavadeira.com.br\/pt\/produto\/pino-de-articulacao-do-berco-f3v180\/","title":{"rendered":"PINO DE ARTICULA\u00c7\u00c3O DO BER\u00c7O F3V180"},"content":{"rendered":"<p>Pino de articula\u00e7\u00e3o do ber\u00e7o s\u00e3o pe\u00e7as feita em a\u00e7o carbono, usinada e temperada aplicada em bombas hidr\u00e1ulicas modelo K3V180 e similares.<\/p>","protected":false},"excerpt":{"rendered":"<p>Pino de articula\u00e7\u00e3o do ber\u00e7o s\u00e3o pe\u00e7as feita em a\u00e7o carbono, usinada e temperada aplicada em bombas hidr\u00e1ulicas modelo K3V180 e similares.<\/p>","protected":false},"featured_media":17753,"comment_status":"closed","ping_status":"closed","template":"","meta":{"_acf_changed":false,"om_disable_all_campaigns":false,"_monsterinsights_skip_tracking":false,"_monsterinsights_sitenote_active":false,"_monsterinsights_sitenote_note":"","_monsterinsights_sitenote_category":0,"_uf_show_specific_survey":0,"_uf_disable_surveys":false},"product_brand":[],"product_cat":[78,38,39],"product_tag":[],"class_list":{"0":"post-17752","1":"product","2":"type-product","3":"status-publish","4":"has-post-thumbnail","6":"product_cat-k3v-series-kawasaki","7":"product_cat-partes-e-pecas","8":"product_cat-bomba-hidraulica-pecas","10":"first","11":"instock","12":"shipping-taxable","13":"product-type-simple"},"acf":[],"aioseo_notices":[],"_links":{"self":[{"href":"https:\/\/casadaescavadeira.com.br\/pt\/wp-json\/wp\/v2\/product\/17752","targetHints":{"allow":["GET"]}}],"collection":[{"href":"https:\/\/casadaescavadeira.com.br\/pt\/wp-json\/wp\/v2\/product"}],"about":[{"href":"https:\/\/casadaescavadeira.com.br\/pt\/wp-json\/wp\/v2\/types\/product"}],"replies":[{"embeddable":true,"href":"https:\/\/casadaescavadeira.com.br\/pt\/wp-json\/wp\/v2\/comments?post=17752"}],"wp:featuredmedia":[{"embeddable":true,"href":"https:\/\/casadaescavadeira.com.br\/pt\/wp-json\/wp\/v2\/media\/17753"}],"wp:attachment":[{"href":"https:\/\/casadaescavadeira.com.br\/pt\/wp-json\/wp\/v2\/media?parent=17752"}],"wp:term":[{"taxonomy":"product_brand","embeddable":true,"href":"https:\/\/casadaescavadeira.com.br\/pt\/wp-json\/wp\/v2\/product_brand?post=17752"},{"taxonomy":"product_cat","embeddable":true,"href":"https:\/\/casadaescavadeira.com.br\/pt\/wp-json\/wp\/v2\/product_cat?post=17752"},{"taxonomy":"product_tag","embeddable":true,"href":"https:\/\/casadaescavadeira.com.br\/pt\/wp-json\/wp\/v2\/product_tag?post=17752"}],"curies":[{"name":"wp","href":"https:\/\/api.w.org\/{rel}","templated":true}]}}