{"id":17721,"date":"2024-01-10T15:34:59","date_gmt":"2024-01-10T18:34:59","guid":{"rendered":"https:\/\/casadaescavadeira.com.br\/?post_type=product&#038;p=17721"},"modified":"2024-01-10T15:34:59","modified_gmt":"2024-01-10T18:34:59","slug":"valvula-de-alivio-do-giro-m2x150-170","status":"publish","type":"product","link":"https:\/\/casadaescavadeira.com.br\/pt\/produto\/valvula-de-alivio-do-giro-m2x150-170\/","title":{"rendered":"V\u00c1LVULA DE AL\u00cdVIO DO GIRO M2X150\/170"},"content":{"rendered":"<p>V\u00e1lvulas de al\u00edvio fabricadas em a\u00e7o carbono, s\u00e3o aplicadas em comandos hidr\u00e1ulicos de escavadeiras de diversos modelos. Tem a fun\u00e7\u00e3o de limitar a press\u00e3o de trabalho de acordo com a regulagem especificada at\u00e9 em 350 Bar.<\/p>","protected":false},"excerpt":{"rendered":"<p>V\u00e1lvulas de al\u00edvio fabricadas em a\u00e7o carbono, s\u00e3o aplicadas em comandos hidr\u00e1ulicos de escavadeiras de diversos modelos. Tem a fun\u00e7\u00e3o de limitar a press\u00e3o de trabalho de acordo com a regulagem especificada at\u00e9 em 350 Bar.<\/p>","protected":false},"featured_media":17722,"comment_status":"closed","ping_status":"closed","template":"","meta":{"_acf_changed":false,"om_disable_all_campaigns":false,"_monsterinsights_skip_tracking":false,"_monsterinsights_sitenote_active":false,"_monsterinsights_sitenote_note":"","_monsterinsights_sitenote_category":0,"_uf_show_specific_survey":0,"_uf_disable_surveys":false},"product_brand":[],"product_cat":[1190,38,387],"product_tag":[],"class_list":{"0":"post-17721","1":"product","2":"type-product","3":"status-publish","4":"has-post-thumbnail","6":"product_cat-m2x-series-kawasaki","7":"product_cat-partes-e-pecas","8":"product_cat-motoredutor-de-giro-pecas","10":"first","11":"instock","12":"shipping-taxable","13":"product-type-simple"},"acf":[],"aioseo_notices":[],"_links":{"self":[{"href":"https:\/\/casadaescavadeira.com.br\/pt\/wp-json\/wp\/v2\/product\/17721","targetHints":{"allow":["GET"]}}],"collection":[{"href":"https:\/\/casadaescavadeira.com.br\/pt\/wp-json\/wp\/v2\/product"}],"about":[{"href":"https:\/\/casadaescavadeira.com.br\/pt\/wp-json\/wp\/v2\/types\/product"}],"replies":[{"embeddable":true,"href":"https:\/\/casadaescavadeira.com.br\/pt\/wp-json\/wp\/v2\/comments?post=17721"}],"wp:featuredmedia":[{"embeddable":true,"href":"https:\/\/casadaescavadeira.com.br\/pt\/wp-json\/wp\/v2\/media\/17722"}],"wp:attachment":[{"href":"https:\/\/casadaescavadeira.com.br\/pt\/wp-json\/wp\/v2\/media?parent=17721"}],"wp:term":[{"taxonomy":"product_brand","embeddable":true,"href":"https:\/\/casadaescavadeira.com.br\/pt\/wp-json\/wp\/v2\/product_brand?post=17721"},{"taxonomy":"product_cat","embeddable":true,"href":"https:\/\/casadaescavadeira.com.br\/pt\/wp-json\/wp\/v2\/product_cat?post=17721"},{"taxonomy":"product_tag","embeddable":true,"href":"https:\/\/casadaescavadeira.com.br\/pt\/wp-json\/wp\/v2\/product_tag?post=17721"}],"curies":[{"name":"wp","href":"https:\/\/api.w.org\/{rel}","templated":true}]}}