{"id":17698,"date":"2023-12-22T15:32:25","date_gmt":"2023-12-22T18:32:25","guid":{"rendered":"https:\/\/casadaescavadeira.com.br\/?post_type=product&#038;p=17698"},"modified":"2025-09-26T14:40:06","modified_gmt":"2025-09-26T17:40:06","slug":"conjunto-9-pistoes-mag85-gmy18-msf85","status":"publish","type":"product","link":"https:\/\/casadaescavadeira.com.br\/pt\/produto\/conjunto-9-pistoes-mag85-gmy18-msf85\/","title":{"rendered":"CONJUNTO 9 PIST\u00d5ES MAG85\/GMY18\/MSF85"},"content":{"rendered":"<p>Pist\u00f5es s\u00e3o partes de a\u00e7o carbono e bronze exclusivas para motores hidr\u00e1ulicas do modelo MAG85 ou equivalentes.<\/p>","protected":false},"excerpt":{"rendered":"<p>Pist\u00f5es s\u00e3o partes de a\u00e7o carbono e bronze exclusivas para motores hidr\u00e1ulicas do modelo MAG85 ou equivalentes.<\/p>","protected":false},"featured_media":16201,"comment_status":"closed","ping_status":"closed","template":"","meta":{"_acf_changed":false,"om_disable_all_campaigns":false,"_monsterinsights_skip_tracking":false,"_monsterinsights_sitenote_active":false,"_monsterinsights_sitenote_note":"","_monsterinsights_sitenote_category":0,"_uf_show_specific_survey":0,"_uf_disable_surveys":false},"product_brand":[],"product_cat":[1186,38,1162],"product_tag":[1944,1742,2611,623],"class_list":{"0":"post-17698","1":"product","2":"type-product","3":"status-publish","4":"has-post-thumbnail","6":"product_cat-mag-series-bonfiglioli","7":"product_cat-partes-e-pecas","8":"product_cat-pecas-motoredutores-hidraulicos-translacao","9":"product_tag-411402-b","10":"product_tag-sa-8230-28900","11":"product_tag-sa-8230-32390","12":"product_tag-sa8230-28900","14":"first","15":"instock","16":"shipping-taxable","17":"product-type-simple"},"acf":[],"aioseo_notices":[],"_links":{"self":[{"href":"https:\/\/casadaescavadeira.com.br\/pt\/wp-json\/wp\/v2\/product\/17698","targetHints":{"allow":["GET"]}}],"collection":[{"href":"https:\/\/casadaescavadeira.com.br\/pt\/wp-json\/wp\/v2\/product"}],"about":[{"href":"https:\/\/casadaescavadeira.com.br\/pt\/wp-json\/wp\/v2\/types\/product"}],"replies":[{"embeddable":true,"href":"https:\/\/casadaescavadeira.com.br\/pt\/wp-json\/wp\/v2\/comments?post=17698"}],"wp:featuredmedia":[{"embeddable":true,"href":"https:\/\/casadaescavadeira.com.br\/pt\/wp-json\/wp\/v2\/media\/16201"}],"wp:attachment":[{"href":"https:\/\/casadaescavadeira.com.br\/pt\/wp-json\/wp\/v2\/media?parent=17698"}],"wp:term":[{"taxonomy":"product_brand","embeddable":true,"href":"https:\/\/casadaescavadeira.com.br\/pt\/wp-json\/wp\/v2\/product_brand?post=17698"},{"taxonomy":"product_cat","embeddable":true,"href":"https:\/\/casadaescavadeira.com.br\/pt\/wp-json\/wp\/v2\/product_cat?post=17698"},{"taxonomy":"product_tag","embeddable":true,"href":"https:\/\/casadaescavadeira.com.br\/pt\/wp-json\/wp\/v2\/product_tag?post=17698"}],"curies":[{"name":"wp","href":"https:\/\/api.w.org\/{rel}","templated":true}]}}