{"id":17690,"date":"2023-12-22T14:52:01","date_gmt":"2023-12-22T17:52:01","guid":{"rendered":"https:\/\/casadaescavadeira.com.br\/?post_type=product&#038;p=17690"},"modified":"2023-12-22T14:52:01","modified_gmt":"2023-12-22T17:52:01","slug":"conjunto-9-pistoes-f5v140","status":"publish","type":"product","link":"https:\/\/casadaescavadeira.com.br\/pt\/produto\/conjunto-9-pistoes-f5v140\/","title":{"rendered":"CONJUNTO 9 PIST\u00d5ES F5V140"},"content":{"rendered":"<p>Pist\u00f5es s\u00e3o partes de a\u00e7o carbono e bronze exclusivas para bombas hidr\u00e1ulicas volum\u00e9tricas rotativas do modelo K5V140 ou equivalentes.<\/p>","protected":false},"excerpt":{"rendered":"<p>Pist\u00f5es s\u00e3o partes de a\u00e7o carbono e bronze exclusivas para bombas hidr\u00e1ulicas volum\u00e9tricas rotativas do modelo K5V140 ou equivalentes.<\/p>","protected":false},"featured_media":17691,"comment_status":"closed","ping_status":"closed","template":"","meta":{"_acf_changed":false,"om_disable_all_campaigns":false,"_monsterinsights_skip_tracking":false,"_monsterinsights_sitenote_active":false,"_monsterinsights_sitenote_note":"","_monsterinsights_sitenote_category":0,"_uf_show_specific_survey":0,"_uf_disable_surveys":false},"product_brand":[],"product_cat":[71,38,39],"product_tag":[1940,1941],"class_list":{"0":"post-17690","1":"product","2":"type-product","3":"status-publish","4":"has-post-thumbnail","6":"product_cat-k5v-series-kawasaki-pecas","7":"product_cat-partes-e-pecas","8":"product_cat-bomba-hidraulica-pecas","9":"product_tag-voe-14603707","10":"product_tag-voe14603707","12":"first","13":"instock","14":"shipping-taxable","15":"product-type-simple"},"acf":[],"aioseo_notices":[],"_links":{"self":[{"href":"https:\/\/casadaescavadeira.com.br\/pt\/wp-json\/wp\/v2\/product\/17690","targetHints":{"allow":["GET"]}}],"collection":[{"href":"https:\/\/casadaescavadeira.com.br\/pt\/wp-json\/wp\/v2\/product"}],"about":[{"href":"https:\/\/casadaescavadeira.com.br\/pt\/wp-json\/wp\/v2\/types\/product"}],"replies":[{"embeddable":true,"href":"https:\/\/casadaescavadeira.com.br\/pt\/wp-json\/wp\/v2\/comments?post=17690"}],"wp:featuredmedia":[{"embeddable":true,"href":"https:\/\/casadaescavadeira.com.br\/pt\/wp-json\/wp\/v2\/media\/17691"}],"wp:attachment":[{"href":"https:\/\/casadaescavadeira.com.br\/pt\/wp-json\/wp\/v2\/media?parent=17690"}],"wp:term":[{"taxonomy":"product_brand","embeddable":true,"href":"https:\/\/casadaescavadeira.com.br\/pt\/wp-json\/wp\/v2\/product_brand?post=17690"},{"taxonomy":"product_cat","embeddable":true,"href":"https:\/\/casadaescavadeira.com.br\/pt\/wp-json\/wp\/v2\/product_cat?post=17690"},{"taxonomy":"product_tag","embeddable":true,"href":"https:\/\/casadaescavadeira.com.br\/pt\/wp-json\/wp\/v2\/product_tag?post=17690"}],"curies":[{"name":"wp","href":"https:\/\/api.w.org\/{rel}","templated":true}]}}