{"id":17671,"date":"2023-12-22T10:06:07","date_gmt":"2023-12-22T13:06:07","guid":{"rendered":"https:\/\/casadaescavadeira.com.br\/?post_type=product&#038;p=17671"},"modified":"2023-12-22T10:06:07","modified_gmt":"2023-12-22T13:06:07","slug":"conjunto-10-molas-do-rotor-k7sp36","status":"publish","type":"product","link":"https:\/\/casadaescavadeira.com.br\/pt\/produto\/conjunto-10-molas-do-rotor-k7sp36\/","title":{"rendered":"CONJUNTO 10 MOLAS DO ROTOR K7SP36"},"content":{"rendered":"<p>Molas cil\u00edndricas helicoidais de a\u00e7o para uso em bombas hidr\u00e1ulicas F3V112 ou equivalentes.<\/p>","protected":false},"excerpt":{"rendered":"<p>Molas cil\u00edndricas helicoidais de a\u00e7o para uso em bombas hidr\u00e1ulicas F3V112 ou equivalentes.<\/p>","protected":false},"featured_media":16201,"comment_status":"closed","ping_status":"closed","template":"","meta":{"_acf_changed":false,"om_disable_all_campaigns":false,"_monsterinsights_skip_tracking":false,"_monsterinsights_sitenote_active":false,"_monsterinsights_sitenote_note":"","_monsterinsights_sitenote_category":0,"_uf_show_specific_survey":0,"_uf_disable_surveys":false},"product_brand":[],"product_cat":[1175,38,39],"product_tag":[1932],"class_list":{"0":"post-17671","1":"product","2":"type-product","3":"status-publish","4":"has-post-thumbnail","6":"product_cat-k7sp-series-kawasaki-bomba-hidraulica-pecas","7":"product_cat-partes-e-pecas","8":"product_cat-bomba-hidraulica-pecas","9":"product_tag-172b11-70090","11":"first","12":"instock","13":"shipping-taxable","14":"product-type-simple"},"acf":[],"aioseo_notices":[],"_links":{"self":[{"href":"https:\/\/casadaescavadeira.com.br\/pt\/wp-json\/wp\/v2\/product\/17671","targetHints":{"allow":["GET"]}}],"collection":[{"href":"https:\/\/casadaescavadeira.com.br\/pt\/wp-json\/wp\/v2\/product"}],"about":[{"href":"https:\/\/casadaescavadeira.com.br\/pt\/wp-json\/wp\/v2\/types\/product"}],"replies":[{"embeddable":true,"href":"https:\/\/casadaescavadeira.com.br\/pt\/wp-json\/wp\/v2\/comments?post=17671"}],"wp:featuredmedia":[{"embeddable":true,"href":"https:\/\/casadaescavadeira.com.br\/pt\/wp-json\/wp\/v2\/media\/16201"}],"wp:attachment":[{"href":"https:\/\/casadaescavadeira.com.br\/pt\/wp-json\/wp\/v2\/media?parent=17671"}],"wp:term":[{"taxonomy":"product_brand","embeddable":true,"href":"https:\/\/casadaescavadeira.com.br\/pt\/wp-json\/wp\/v2\/product_brand?post=17671"},{"taxonomy":"product_cat","embeddable":true,"href":"https:\/\/casadaescavadeira.com.br\/pt\/wp-json\/wp\/v2\/product_cat?post=17671"},{"taxonomy":"product_tag","embeddable":true,"href":"https:\/\/casadaescavadeira.com.br\/pt\/wp-json\/wp\/v2\/product_tag?post=17671"}],"curies":[{"name":"wp","href":"https:\/\/api.w.org\/{rel}","templated":true}]}}