{"id":17638,"date":"2023-12-21T10:19:28","date_gmt":"2023-12-21T13:19:28","guid":{"rendered":"https:\/\/casadaescavadeira.com.br\/?post_type=product&#038;p=17638"},"modified":"2024-11-14T09:28:06","modified_gmt":"2024-11-14T12:28:06","slug":"bomba-hidraulica-pvd-2b-40p-16g5-4191b","status":"publish","type":"product","link":"https:\/\/casadaescavadeira.com.br\/pt\/produto\/bomba-hidraulica-pvd-2b-40p-16g5-4191b\/","title":{"rendered":"BOMBA HIDR\u00c1ULICA PVD-2B-40P-16G5-4191B"},"content":{"rendered":"<p>PVD-2B-40P s\u00e3o bombas hidr\u00e1ulicas volum\u00e9tricas rotativas de pist\u00f5es axiais, fluxo vari\u00e1vel para acionamento hidrost\u00e1tico em circuito aberto, com\u00a0 40+16+4.5cm\u00b3\/rev,\u00a0 m\u00e1ximo de 2400 rpm, com vaz\u00e3o aproximada de 96,0+38,4+10,8l\/min, press\u00e3o de trabalho m\u00e1xima 23+20.6+3.9mpa ou 230+206+39bar. Aplicadas em escavadeiras da Wacker Neuson, modelo WN3503.<\/p>","protected":false},"excerpt":{"rendered":"<p>PVD-2B-40P s\u00e3o bombas hidr\u00e1ulicas volum\u00e9tricas rotativas de pist\u00f5es axiais, fluxo vari\u00e1vel para acionamento hidrost\u00e1tico em circuito aberto, com\u00a0 40+16+4.5cm\u00b3\/rev,\u00a0 m\u00e1ximo de 2400 rpm, com vaz\u00e3o aproximada de 96,0+38,4+10,8l\/min, press\u00e3o de trabalho m\u00e1xima 23+20.6+3.9mpa ou 230+206+39bar. Aplicadas em escavadeiras da Wacker Neuson, modelo WN3503.<\/p>","protected":false},"featured_media":17639,"comment_status":"closed","ping_status":"closed","template":"","meta":{"_acf_changed":false,"om_disable_all_campaigns":false,"_monsterinsights_skip_tracking":false,"_monsterinsights_sitenote_active":false,"_monsterinsights_sitenote_note":"","_monsterinsights_sitenote_category":0,"_uf_show_specific_survey":0,"_uf_disable_surveys":false},"product_brand":[],"product_cat":[19,1173],"product_tag":[2266],"class_list":{"0":"post-17638","1":"product","2":"type-product","3":"status-publish","4":"has-post-thumbnail","6":"product_cat-bombas-hidraulicas","7":"product_cat-pvd-series-nachi","8":"product_tag-y673-0000","9":"pa_marca-wacker-neuson","11":"first","12":"instock","13":"shipping-taxable","14":"product-type-simple"},"acf":[],"aioseo_notices":[],"_links":{"self":[{"href":"https:\/\/casadaescavadeira.com.br\/pt\/wp-json\/wp\/v2\/product\/17638","targetHints":{"allow":["GET"]}}],"collection":[{"href":"https:\/\/casadaescavadeira.com.br\/pt\/wp-json\/wp\/v2\/product"}],"about":[{"href":"https:\/\/casadaescavadeira.com.br\/pt\/wp-json\/wp\/v2\/types\/product"}],"replies":[{"embeddable":true,"href":"https:\/\/casadaescavadeira.com.br\/pt\/wp-json\/wp\/v2\/comments?post=17638"}],"wp:featuredmedia":[{"embeddable":true,"href":"https:\/\/casadaescavadeira.com.br\/pt\/wp-json\/wp\/v2\/media\/17639"}],"wp:attachment":[{"href":"https:\/\/casadaescavadeira.com.br\/pt\/wp-json\/wp\/v2\/media?parent=17638"}],"wp:term":[{"taxonomy":"product_brand","embeddable":true,"href":"https:\/\/casadaescavadeira.com.br\/pt\/wp-json\/wp\/v2\/product_brand?post=17638"},{"taxonomy":"product_cat","embeddable":true,"href":"https:\/\/casadaescavadeira.com.br\/pt\/wp-json\/wp\/v2\/product_cat?post=17638"},{"taxonomy":"product_tag","embeddable":true,"href":"https:\/\/casadaescavadeira.com.br\/pt\/wp-json\/wp\/v2\/product_tag?post=17638"}],"curies":[{"name":"wp","href":"https:\/\/api.w.org\/{rel}","templated":true}]}}