{"id":17636,"date":"2023-12-20T17:18:35","date_gmt":"2023-12-20T20:18:35","guid":{"rendered":"https:\/\/casadaescavadeira.com.br\/?post_type=product&#038;p=17636"},"modified":"2024-11-14T09:36:18","modified_gmt":"2024-11-14T12:36:18","slug":"bomba-hidraulica-pvd-1b-32p","status":"publish","type":"product","link":"https:\/\/casadaescavadeira.com.br\/pt\/produto\/bomba-hidraulica-pvd-1b-32p\/","title":{"rendered":"BOMBA HIDR\u00c1ULICA PVD-1B-32P"},"content":{"rendered":"<p>PVD-1B-32P s\u00e3o bombas hidr\u00e1ulicas volum\u00e9tricas rotativas de pist\u00f5es axiais, fluxo vari\u00e1vel para acionamento hidrost\u00e1tico em circuito aberto, com\u00a0 34+18+4,5cm\u00b3\/rev,\u00a0 m\u00e1ximo de 2700 rpm, com vaz\u00e3o aproximada de 91,8+48,6+12,2l\/min, press\u00e3o de trabalho m\u00e1xima 24.5+20.6+3.9mpa ou 245+206+39bar. Aplicadas em escavadeiras da marca Case modelo CX27B e similares.<\/p>","protected":false},"excerpt":{"rendered":"<p>PVD-1B-32P s\u00e3o bombas hidr\u00e1ulicas volum\u00e9tricas rotativas de pist\u00f5es axiais, fluxo vari\u00e1vel para acionamento hidrost\u00e1tico em circuito aberto, com\u00a0 34+18+4,5cm\u00b3\/rev,\u00a0 m\u00e1ximo de 2700 rpm, com vaz\u00e3o aproximada de 91,8+48,6+12,2l\/min, press\u00e3o de trabalho m\u00e1xima 24.5+20.6+3.9mpa ou 245+206+39bar. Aplicadas em escavadeiras da marca Case modelo CX27B e similares.<\/p>","protected":false},"featured_media":17637,"comment_status":"closed","ping_status":"closed","template":"","meta":{"_acf_changed":false,"om_disable_all_campaigns":false,"_monsterinsights_skip_tracking":false,"_monsterinsights_sitenote_active":false,"_monsterinsights_sitenote_note":"","_monsterinsights_sitenote_category":0,"_uf_show_specific_survey":0,"_uf_disable_surveys":false},"product_brand":[],"product_cat":[19,1173],"product_tag":[],"class_list":{"0":"post-17636","1":"product","2":"type-product","3":"status-publish","4":"has-post-thumbnail","6":"product_cat-bombas-hidraulicas","7":"product_cat-pvd-series-nachi","8":"pa_marca-caterpillar","10":"first","11":"instock","12":"shipping-taxable","13":"product-type-simple"},"acf":[],"aioseo_notices":[],"_links":{"self":[{"href":"https:\/\/casadaescavadeira.com.br\/pt\/wp-json\/wp\/v2\/product\/17636","targetHints":{"allow":["GET"]}}],"collection":[{"href":"https:\/\/casadaescavadeira.com.br\/pt\/wp-json\/wp\/v2\/product"}],"about":[{"href":"https:\/\/casadaescavadeira.com.br\/pt\/wp-json\/wp\/v2\/types\/product"}],"replies":[{"embeddable":true,"href":"https:\/\/casadaescavadeira.com.br\/pt\/wp-json\/wp\/v2\/comments?post=17636"}],"wp:featuredmedia":[{"embeddable":true,"href":"https:\/\/casadaescavadeira.com.br\/pt\/wp-json\/wp\/v2\/media\/17637"}],"wp:attachment":[{"href":"https:\/\/casadaescavadeira.com.br\/pt\/wp-json\/wp\/v2\/media?parent=17636"}],"wp:term":[{"taxonomy":"product_brand","embeddable":true,"href":"https:\/\/casadaescavadeira.com.br\/pt\/wp-json\/wp\/v2\/product_brand?post=17636"},{"taxonomy":"product_cat","embeddable":true,"href":"https:\/\/casadaescavadeira.com.br\/pt\/wp-json\/wp\/v2\/product_cat?post=17636"},{"taxonomy":"product_tag","embeddable":true,"href":"https:\/\/casadaescavadeira.com.br\/pt\/wp-json\/wp\/v2\/product_tag?post=17636"}],"curies":[{"name":"wp","href":"https:\/\/api.w.org\/{rel}","templated":true}]}}