{"id":17634,"date":"2023-12-20T16:57:10","date_gmt":"2023-12-20T19:57:10","guid":{"rendered":"https:\/\/casadaescavadeira.com.br\/?post_type=product&#038;p=17634"},"modified":"2024-11-14T09:43:58","modified_gmt":"2024-11-14T12:43:58","slug":"bomba-hidraulica-psvl42cg-4-0-1","status":"publish","type":"product","link":"https:\/\/casadaescavadeira.com.br\/pt\/produto\/bomba-hidraulica-psvl42cg-4-0-1\/","title":{"rendered":"BOMBA HIDR\u00c1ULICA PSVL42CG-4.0-1"},"content":{"rendered":"<p>PSVL42CG-4.0-1 s\u00e3o bombas hidr\u00e1ulicas volum\u00e9tricas rotativas de pist\u00f5es axiais, fluxo vari\u00e1vel para acionamento hidrost\u00e1tico em circuito aberto, com\u00a0 42+4.0cm\u00b3\/rev,\u00a0 m\u00e1ximo de 2500 rpm, com vaz\u00e3o aproximada de 105+10l\/min, press\u00e3o de trabalho m\u00e1xima 24+4mpa ou 240+40bar. Aplicadas em escavadeiras da marca Bobcat\u00a0 modelo E32\/E35 e similares.<\/p>","protected":false},"excerpt":{"rendered":"<p>PSVL42CG-4.0-1 s\u00e3o bombas hidr\u00e1ulicas volum\u00e9tricas rotativas de pist\u00f5es axiais, fluxo vari\u00e1vel para acionamento hidrost\u00e1tico em circuito aberto, com\u00a0 42+4.0cm\u00b3\/rev,\u00a0 m\u00e1ximo de 2500 rpm, com vaz\u00e3o aproximada de 105+10l\/min, press\u00e3o de trabalho m\u00e1xima 24+4mpa ou 240+40bar. Aplicadas em escavadeiras da marca Bobcat\u00a0 modelo E32\/E35 e similares.<\/p>","protected":false},"featured_media":16201,"comment_status":"closed","ping_status":"closed","template":"","meta":{"_acf_changed":false,"om_disable_all_campaigns":false,"_monsterinsights_skip_tracking":false,"_monsterinsights_sitenote_active":false,"_monsterinsights_sitenote_note":"","_monsterinsights_sitenote_category":0,"_uf_show_specific_survey":0,"_uf_disable_surveys":false},"product_brand":[],"product_cat":[19,1922],"product_tag":[1926],"class_list":{"0":"post-17634","1":"product","2":"type-product","3":"status-publish","4":"has-post-thumbnail","6":"product_cat-bombas-hidraulicas","7":"product_cat-psvl","8":"product_tag-1926","9":"pa_marca-bobcat","11":"first","12":"instock","13":"shipping-taxable","14":"product-type-simple"},"acf":[],"aioseo_notices":[],"_links":{"self":[{"href":"https:\/\/casadaescavadeira.com.br\/pt\/wp-json\/wp\/v2\/product\/17634","targetHints":{"allow":["GET"]}}],"collection":[{"href":"https:\/\/casadaescavadeira.com.br\/pt\/wp-json\/wp\/v2\/product"}],"about":[{"href":"https:\/\/casadaescavadeira.com.br\/pt\/wp-json\/wp\/v2\/types\/product"}],"replies":[{"embeddable":true,"href":"https:\/\/casadaescavadeira.com.br\/pt\/wp-json\/wp\/v2\/comments?post=17634"}],"wp:featuredmedia":[{"embeddable":true,"href":"https:\/\/casadaescavadeira.com.br\/pt\/wp-json\/wp\/v2\/media\/16201"}],"wp:attachment":[{"href":"https:\/\/casadaescavadeira.com.br\/pt\/wp-json\/wp\/v2\/media?parent=17634"}],"wp:term":[{"taxonomy":"product_brand","embeddable":true,"href":"https:\/\/casadaescavadeira.com.br\/pt\/wp-json\/wp\/v2\/product_brand?post=17634"},{"taxonomy":"product_cat","embeddable":true,"href":"https:\/\/casadaescavadeira.com.br\/pt\/wp-json\/wp\/v2\/product_cat?post=17634"},{"taxonomy":"product_tag","embeddable":true,"href":"https:\/\/casadaescavadeira.com.br\/pt\/wp-json\/wp\/v2\/product_tag?post=17634"}],"curies":[{"name":"wp","href":"https:\/\/api.w.org\/{rel}","templated":true}]}}