{"id":17632,"date":"2023-12-20T16:21:11","date_gmt":"2023-12-20T19:21:11","guid":{"rendered":"https:\/\/casadaescavadeira.com.br\/?post_type=product&#038;p=17632"},"modified":"2024-11-14T11:38:32","modified_gmt":"2024-11-14T14:38:32","slug":"bomba-hidraulica-k3vl80-b-10r","status":"publish","type":"product","link":"https:\/\/casadaescavadeira.com.br\/pt\/produto\/bomba-hidraulica-k3vl80-b-10r\/","title":{"rendered":"BOMBA HIDR\u00c1ULICA K3VL80\/B-10R"},"content":{"rendered":"<p>F3VL80\/B-10R s\u00e3o bombas hidr\u00e1ulicas volum\u00e9tricas rotativas de pist\u00f5es axiais, fluxo vari\u00e1vel para acionamento hidrost\u00e1tico em circuito fechado com 80cm\u00b3\/rev, m\u00e1ximo de 300rpm, com vaz\u00e3o aproximada de 240l\/min, press\u00e3o de trabalho 28mpa ou 280bar e press\u00e3o m\u00e1xima de 30 mpa ou 300bar. Aplicadas em escavadeiras da marca Sany\u00a0 modelos SY75 e similares<\/p>","protected":false},"excerpt":{"rendered":"<p>F3VL80\/B-10R s\u00e3o bombas hidr\u00e1ulicas volum\u00e9tricas rotativas de pist\u00f5es axiais, fluxo vari\u00e1vel para acionamento hidrost\u00e1tico em circuito fechado com 80cm\u00b3\/rev, m\u00e1ximo de 300rpm, com vaz\u00e3o aproximada de 240l\/min, press\u00e3o de trabalho 28mpa ou 280bar e press\u00e3o m\u00e1xima de 30 mpa ou 300bar. Aplicadas em escavadeiras da marca Sany\u00a0 modelos SY75 e similares<\/p>","protected":false},"featured_media":17633,"comment_status":"closed","ping_status":"closed","template":"","meta":{"_acf_changed":false,"_monsterinsights_skip_tracking":false,"_monsterinsights_sitenote_active":false,"_monsterinsights_sitenote_note":"","_monsterinsights_sitenote_category":0,"_uf_show_specific_survey":0,"_uf_disable_surveys":false},"product_brand":[],"product_cat":[19,1166],"product_tag":[564],"class_list":{"0":"post-17632","1":"product","2":"type-product","3":"status-publish","4":"has-post-thumbnail","6":"product_cat-bombas-hidraulicas","7":"product_cat-k3vl-series-kawasaki","8":"product_tag-564","9":"pa_marca-sany","11":"first","12":"instock","13":"shipping-taxable","14":"product-type-simple"},"acf":[],"aioseo_notices":[],"_links":{"self":[{"href":"https:\/\/casadaescavadeira.com.br\/pt\/wp-json\/wp\/v2\/product\/17632","targetHints":{"allow":["GET"]}}],"collection":[{"href":"https:\/\/casadaescavadeira.com.br\/pt\/wp-json\/wp\/v2\/product"}],"about":[{"href":"https:\/\/casadaescavadeira.com.br\/pt\/wp-json\/wp\/v2\/types\/product"}],"replies":[{"embeddable":true,"href":"https:\/\/casadaescavadeira.com.br\/pt\/wp-json\/wp\/v2\/comments?post=17632"}],"wp:featuredmedia":[{"embeddable":true,"href":"https:\/\/casadaescavadeira.com.br\/pt\/wp-json\/wp\/v2\/media\/17633"}],"wp:attachment":[{"href":"https:\/\/casadaescavadeira.com.br\/pt\/wp-json\/wp\/v2\/media?parent=17632"}],"wp:term":[{"taxonomy":"product_brand","embeddable":true,"href":"https:\/\/casadaescavadeira.com.br\/pt\/wp-json\/wp\/v2\/product_brand?post=17632"},{"taxonomy":"product_cat","embeddable":true,"href":"https:\/\/casadaescavadeira.com.br\/pt\/wp-json\/wp\/v2\/product_cat?post=17632"},{"taxonomy":"product_tag","embeddable":true,"href":"https:\/\/casadaescavadeira.com.br\/pt\/wp-json\/wp\/v2\/product_tag?post=17632"}],"curies":[{"name":"wp","href":"https:\/\/api.w.org\/{rel}","templated":true}]}}