{"id":17629,"date":"2023-12-20T15:18:57","date_gmt":"2023-12-20T18:18:57","guid":{"rendered":"https:\/\/casadaescavadeira.com.br\/?post_type=product&#038;p=17629"},"modified":"2024-11-14T12:11:53","modified_gmt":"2024-11-14T15:11:53","slug":"bomba-hidraulica-hpv118jw-com-caixa-de-reducao-acoplada","status":"publish","type":"product","link":"https:\/\/casadaescavadeira.com.br\/pt\/produto\/bomba-hidraulica-hpv118jw-com-caixa-de-reducao-acoplada\/","title":{"rendered":"BOMBA HIDR\u00c1ULICA HPV118JW COM CAIXA DE REDU\u00c7\u00c3O ACOPLADA"},"content":{"rendered":"<p>HPV118JW s\u00e3o bombas hidr\u00e1ulicas volum\u00e9tricas rotativas de pist\u00f5es axiais e fluxo vari\u00e1vel, para acionamento hidrost\u00e1tico em circuitos fechados, de dupla a\u00e7\u00e3o com 236cm\u00b3\/rev, m\u00e1ximo de 2500 rpm, com vaz\u00e3o aproximada de 590l\/min,\u00a0 press\u00e3o de trabalho 28mpa ou 280 bar e press\u00e3o m\u00e1xima de 30 mpa ou 300ar. Aplicadas em escavadeiras da marca John Deere JD210G e similares.<\/p>","protected":false},"excerpt":{"rendered":"<p>HPV118JW s\u00e3o bombas hidr\u00e1ulicas volum\u00e9tricas rotativas de pist\u00f5es axiais e fluxo vari\u00e1vel, para acionamento hidrost\u00e1tico em circuitos fechados, de dupla a\u00e7\u00e3o com 236cm\u00b3\/rev, m\u00e1ximo de 2500 rpm, com vaz\u00e3o aproximada de 590l\/min,\u00a0 press\u00e3o de trabalho 28mpa ou 280 bar e press\u00e3o m\u00e1xima de 30 mpa ou 300ar. Aplicadas em escavadeiras da marca John Deere JD210G e similares.<\/p>","protected":false},"featured_media":17628,"comment_status":"closed","ping_status":"closed","template":"","meta":{"_acf_changed":false,"om_disable_all_campaigns":false,"_monsterinsights_skip_tracking":false,"_monsterinsights_sitenote_active":false,"_monsterinsights_sitenote_note":"","_monsterinsights_sitenote_category":0,"_uf_show_specific_survey":0,"_uf_disable_surveys":false},"product_brand":[],"product_cat":[19,1170],"product_tag":[1921],"class_list":{"0":"post-17629","1":"product","2":"type-product","3":"status-publish","4":"has-post-thumbnail","6":"product_cat-bombas-hidraulicas","7":"product_cat-hpv-series-hitachi","8":"product_tag-yb60001363","9":"pa_marca-john-deere","11":"first","12":"instock","13":"shipping-taxable","14":"product-type-simple"},"acf":[],"aioseo_notices":[],"_links":{"self":[{"href":"https:\/\/casadaescavadeira.com.br\/pt\/wp-json\/wp\/v2\/product\/17629","targetHints":{"allow":["GET"]}}],"collection":[{"href":"https:\/\/casadaescavadeira.com.br\/pt\/wp-json\/wp\/v2\/product"}],"about":[{"href":"https:\/\/casadaescavadeira.com.br\/pt\/wp-json\/wp\/v2\/types\/product"}],"replies":[{"embeddable":true,"href":"https:\/\/casadaescavadeira.com.br\/pt\/wp-json\/wp\/v2\/comments?post=17629"}],"wp:featuredmedia":[{"embeddable":true,"href":"https:\/\/casadaescavadeira.com.br\/pt\/wp-json\/wp\/v2\/media\/17628"}],"wp:attachment":[{"href":"https:\/\/casadaescavadeira.com.br\/pt\/wp-json\/wp\/v2\/media?parent=17629"}],"wp:term":[{"taxonomy":"product_brand","embeddable":true,"href":"https:\/\/casadaescavadeira.com.br\/pt\/wp-json\/wp\/v2\/product_brand?post=17629"},{"taxonomy":"product_cat","embeddable":true,"href":"https:\/\/casadaescavadeira.com.br\/pt\/wp-json\/wp\/v2\/product_cat?post=17629"},{"taxonomy":"product_tag","embeddable":true,"href":"https:\/\/casadaescavadeira.com.br\/pt\/wp-json\/wp\/v2\/product_tag?post=17629"}],"curies":[{"name":"wp","href":"https:\/\/api.w.org\/{rel}","templated":true}]}}