{"id":17616,"date":"2023-12-14T17:12:04","date_gmt":"2023-12-14T20:12:04","guid":{"rendered":"https:\/\/casadaescavadeira.com.br\/?post_type=product&#038;p=17616"},"modified":"2023-12-14T17:12:04","modified_gmt":"2023-12-14T20:12:04","slug":"bronzina-do-suporte-f3v280dth-l","status":"publish","type":"product","link":"https:\/\/casadaescavadeira.com.br\/pt\/produto\/bronzina-do-suporte-f3v280dth-l\/","title":{"rendered":"BRONZINA DO SUPORTE  F3V280DTH (L)"},"content":{"rendered":"<p>Bronzina do ber\u00e7o s\u00e3o partes feitas de bronze aplicadas em bombas hidr\u00e1ulicas volum\u00e9tricas rotativas do modelo F3V280DTH.<\/p>","protected":false},"excerpt":{"rendered":"<p>Bronzina do ber\u00e7o s\u00e3o partes feitas de bronze aplicadas em bombas hidr\u00e1ulicas volum\u00e9tricas rotativas do modelo F3V280DTH.<\/p>","protected":false},"featured_media":16201,"comment_status":"closed","ping_status":"closed","template":"","meta":{"_acf_changed":false,"om_disable_all_campaigns":false,"_monsterinsights_skip_tracking":false,"_monsterinsights_sitenote_active":false,"_monsterinsights_sitenote_note":"","_monsterinsights_sitenote_category":0,"_uf_show_specific_survey":0,"_uf_disable_surveys":false},"product_brand":[],"product_cat":[78,38,39],"product_tag":[],"class_list":{"0":"post-17616","1":"product","2":"type-product","3":"status-publish","4":"has-post-thumbnail","6":"product_cat-k3v-series-kawasaki","7":"product_cat-partes-e-pecas","8":"product_cat-bomba-hidraulica-pecas","10":"first","11":"instock","12":"shipping-taxable","13":"product-type-simple"},"acf":[],"aioseo_notices":[],"_links":{"self":[{"href":"https:\/\/casadaescavadeira.com.br\/pt\/wp-json\/wp\/v2\/product\/17616","targetHints":{"allow":["GET"]}}],"collection":[{"href":"https:\/\/casadaescavadeira.com.br\/pt\/wp-json\/wp\/v2\/product"}],"about":[{"href":"https:\/\/casadaescavadeira.com.br\/pt\/wp-json\/wp\/v2\/types\/product"}],"replies":[{"embeddable":true,"href":"https:\/\/casadaescavadeira.com.br\/pt\/wp-json\/wp\/v2\/comments?post=17616"}],"wp:featuredmedia":[{"embeddable":true,"href":"https:\/\/casadaescavadeira.com.br\/pt\/wp-json\/wp\/v2\/media\/16201"}],"wp:attachment":[{"href":"https:\/\/casadaescavadeira.com.br\/pt\/wp-json\/wp\/v2\/media?parent=17616"}],"wp:term":[{"taxonomy":"product_brand","embeddable":true,"href":"https:\/\/casadaescavadeira.com.br\/pt\/wp-json\/wp\/v2\/product_brand?post=17616"},{"taxonomy":"product_cat","embeddable":true,"href":"https:\/\/casadaescavadeira.com.br\/pt\/wp-json\/wp\/v2\/product_cat?post=17616"},{"taxonomy":"product_tag","embeddable":true,"href":"https:\/\/casadaescavadeira.com.br\/pt\/wp-json\/wp\/v2\/product_tag?post=17616"}],"curies":[{"name":"wp","href":"https:\/\/api.w.org\/{rel}","templated":true}]}}