{"id":17609,"date":"2023-12-14T11:08:47","date_gmt":"2023-12-14T14:08:47","guid":{"rendered":"https:\/\/casadaescavadeira.com.br\/?post_type=product&#038;p=17609"},"modified":"2023-12-14T11:10:18","modified_gmt":"2023-12-14T14:10:18","slug":"bomba-piloto-k7v63-4p-z13-10g-1-dreno-duplo-z-2-saidas-y-z","status":"publish","type":"product","link":"https:\/\/casadaescavadeira.com.br\/pt\/produto\/bomba-piloto-k7v63-4p-z13-10g-1-dreno-duplo-z-2-saidas-y-z\/","title":{"rendered":"BOMBA PILOTO K7V63 4P Z13 10G 1 DRENO DUPLO -Z 2 SAIDAS Y -Z"},"content":{"rendered":"<p>Bombas volum\u00e9tricas rotativas de engrenagem s\u00e3o componentes de alum\u00ednio com capacidade de 10cm\u00b3 de aplica\u00e7\u00e3o exclusiva em bombas hidr\u00e1ulicas volum\u00e9tricas rotativa K7V63 ou equivalentes aplicadas em escavadeiras hidr\u00e1ulicas da marca e modelo New Holland E175, E175B, e Case CX160, CX160B e equivalentes.<\/p>","protected":false},"excerpt":{"rendered":"<p>Bombas volum\u00e9tricas rotativas de engrenagem s\u00e3o componentes de alum\u00ednio com capacidade de 10cm\u00b3 de aplica\u00e7\u00e3o exclusiva em bombas hidr\u00e1ulicas volum\u00e9tricas rotativa K7V63 ou equivalentes aplicadas em escavadeiras hidr\u00e1ulicas da marca e modelo New Holland E175, E175B, e Case CX160, CX160B e equivalentes.<\/p>","protected":false},"featured_media":17610,"comment_status":"closed","ping_status":"closed","template":"","meta":{"_acf_changed":false,"om_disable_all_campaigns":false,"_monsterinsights_skip_tracking":false,"_monsterinsights_sitenote_active":false,"_monsterinsights_sitenote_note":"","_monsterinsights_sitenote_category":0,"_uf_show_specific_survey":0,"_uf_disable_surveys":false},"product_brand":[],"product_cat":[768,38,39],"product_tag":[],"class_list":{"0":"post-17609","1":"product","2":"type-product","3":"status-publish","4":"has-post-thumbnail","6":"product_cat-k7v-series-kawasaki-pecas","7":"product_cat-partes-e-pecas","8":"product_cat-bomba-hidraulica-pecas","10":"first","11":"instock","12":"shipping-taxable","13":"product-type-simple"},"acf":[],"aioseo_notices":[],"_links":{"self":[{"href":"https:\/\/casadaescavadeira.com.br\/pt\/wp-json\/wp\/v2\/product\/17609","targetHints":{"allow":["GET"]}}],"collection":[{"href":"https:\/\/casadaescavadeira.com.br\/pt\/wp-json\/wp\/v2\/product"}],"about":[{"href":"https:\/\/casadaescavadeira.com.br\/pt\/wp-json\/wp\/v2\/types\/product"}],"replies":[{"embeddable":true,"href":"https:\/\/casadaescavadeira.com.br\/pt\/wp-json\/wp\/v2\/comments?post=17609"}],"wp:featuredmedia":[{"embeddable":true,"href":"https:\/\/casadaescavadeira.com.br\/pt\/wp-json\/wp\/v2\/media\/17610"}],"wp:attachment":[{"href":"https:\/\/casadaescavadeira.com.br\/pt\/wp-json\/wp\/v2\/media?parent=17609"}],"wp:term":[{"taxonomy":"product_brand","embeddable":true,"href":"https:\/\/casadaescavadeira.com.br\/pt\/wp-json\/wp\/v2\/product_brand?post=17609"},{"taxonomy":"product_cat","embeddable":true,"href":"https:\/\/casadaescavadeira.com.br\/pt\/wp-json\/wp\/v2\/product_cat?post=17609"},{"taxonomy":"product_tag","embeddable":true,"href":"https:\/\/casadaescavadeira.com.br\/pt\/wp-json\/wp\/v2\/product_tag?post=17609"}],"curies":[{"name":"wp","href":"https:\/\/api.w.org\/{rel}","templated":true}]}}