{"id":17591,"date":"2023-12-13T16:36:47","date_gmt":"2023-12-13T19:36:47","guid":{"rendered":"https:\/\/casadaescavadeira.com.br\/?post_type=product&#038;p=17591"},"modified":"2023-12-13T16:36:47","modified_gmt":"2023-12-13T19:36:47","slug":"bomba-piloto-k3v63-4p-z13-15g-dreno-externo-z-2-saidas-y-z","status":"publish","type":"product","link":"https:\/\/casadaescavadeira.com.br\/pt\/produto\/bomba-piloto-k3v63-4p-z13-15g-dreno-externo-z-2-saidas-y-z\/","title":{"rendered":"BOMBA PILOTO K3V63 4P Z13 15G DRENO EXTERNO -Z 2 SAIDAS Y-Z"},"content":{"rendered":"<p>Bombas volum\u00e9tricas rotativas de engrenagem s\u00e3o componentes de alum\u00ednio com capacidade de 15 GAL\u00d5ES\/MINUTO com 4 parafusos de fixa\u00e7\u00e3o, 1 dreno interno e 2 sa\u00eddas de press\u00e3o. Para aplica\u00e7\u00e3o exclusiva em bombas hidr\u00e1ulicas volum\u00e9tricas rotativa K3V63 ou equivalentes.<\/p>","protected":false},"excerpt":{"rendered":"<p>Bombas volum\u00e9tricas rotativas de engrenagem s\u00e3o componentes de alum\u00ednio com capacidade de 15 GAL\u00d5ES\/MINUTO com 4 parafusos de fixa\u00e7\u00e3o, 1 dreno interno e 2 sa\u00eddas de press\u00e3o. Para aplica\u00e7\u00e3o exclusiva em bombas hidr\u00e1ulicas volum\u00e9tricas rotativa K3V63 ou equivalentes.<\/p>","protected":false},"featured_media":17592,"comment_status":"closed","ping_status":"closed","template":"","meta":{"_acf_changed":false,"om_disable_all_campaigns":false,"_monsterinsights_skip_tracking":false,"_monsterinsights_sitenote_active":false,"_monsterinsights_sitenote_note":"","_monsterinsights_sitenote_category":0,"_uf_show_specific_survey":0,"_uf_disable_surveys":false},"product_brand":[],"product_cat":[78,38,39],"product_tag":[],"class_list":{"0":"post-17591","1":"product","2":"type-product","3":"status-publish","4":"has-post-thumbnail","6":"product_cat-k3v-series-kawasaki","7":"product_cat-partes-e-pecas","8":"product_cat-bomba-hidraulica-pecas","10":"first","11":"instock","12":"shipping-taxable","13":"product-type-simple"},"acf":[],"aioseo_notices":[],"_links":{"self":[{"href":"https:\/\/casadaescavadeira.com.br\/pt\/wp-json\/wp\/v2\/product\/17591","targetHints":{"allow":["GET"]}}],"collection":[{"href":"https:\/\/casadaescavadeira.com.br\/pt\/wp-json\/wp\/v2\/product"}],"about":[{"href":"https:\/\/casadaescavadeira.com.br\/pt\/wp-json\/wp\/v2\/types\/product"}],"replies":[{"embeddable":true,"href":"https:\/\/casadaescavadeira.com.br\/pt\/wp-json\/wp\/v2\/comments?post=17591"}],"wp:featuredmedia":[{"embeddable":true,"href":"https:\/\/casadaescavadeira.com.br\/pt\/wp-json\/wp\/v2\/media\/17592"}],"wp:attachment":[{"href":"https:\/\/casadaescavadeira.com.br\/pt\/wp-json\/wp\/v2\/media?parent=17591"}],"wp:term":[{"taxonomy":"product_brand","embeddable":true,"href":"https:\/\/casadaescavadeira.com.br\/pt\/wp-json\/wp\/v2\/product_brand?post=17591"},{"taxonomy":"product_cat","embeddable":true,"href":"https:\/\/casadaescavadeira.com.br\/pt\/wp-json\/wp\/v2\/product_cat?post=17591"},{"taxonomy":"product_tag","embeddable":true,"href":"https:\/\/casadaescavadeira.com.br\/pt\/wp-json\/wp\/v2\/product_tag?post=17591"}],"curies":[{"name":"wp","href":"https:\/\/api.w.org\/{rel}","templated":true}]}}