{"id":17584,"date":"2023-12-13T15:10:50","date_gmt":"2023-12-13T18:10:50","guid":{"rendered":"https:\/\/casadaescavadeira.com.br\/?post_type=product&#038;p=17584"},"modified":"2023-12-13T15:10:50","modified_gmt":"2023-12-13T18:10:50","slug":"bomba-piloto-ap2d28","status":"publish","type":"product","link":"https:\/\/casadaescavadeira.com.br\/pt\/produto\/bomba-piloto-ap2d28\/","title":{"rendered":"BOMBA PILOTO AP2D28"},"content":{"rendered":"<p>Bomba piloto conjugada dupla s\u00e3o componentes de alum\u00ednio com capacidade de 16 e 6,5cm\u00b3 respectivamente. Com 2 parafusos de fixa\u00e7\u00e3o, 1 dreno interno e 2 sa\u00eddas de press\u00e3o. Para aplica\u00e7\u00e3o exclusiva em bombas hidr\u00e1ulicas volum\u00e9tricas rotativas modelo F5VP2D28 ou equivalentes.<\/p>","protected":false},"excerpt":{"rendered":"<p>Bomba piloto conjugada dupla s\u00e3o componentes de alum\u00ednio com capacidade de 16 e 6,5cm\u00b3 respectivamente. Com 2 parafusos de fixa\u00e7\u00e3o, 1 dreno interno e 2 sa\u00eddas de press\u00e3o. Para aplica\u00e7\u00e3o exclusiva em bombas hidr\u00e1ulicas volum\u00e9tricas rotativas modelo F5VP2D28 ou equivalentes.<\/p>","protected":false},"featured_media":16201,"comment_status":"closed","ping_status":"closed","template":"","meta":{"_acf_changed":false,"om_disable_all_campaigns":false,"_monsterinsights_skip_tracking":false,"_monsterinsights_sitenote_active":false,"_monsterinsights_sitenote_note":"","_monsterinsights_sitenote_category":0,"_uf_show_specific_survey":0,"_uf_disable_surveys":false},"product_brand":[],"product_cat":[1177,38,39],"product_tag":[],"class_list":{"0":"post-17584","1":"product","2":"type-product","3":"status-publish","4":"has-post-thumbnail","6":"product_cat-ap2d-series-uchida-bomba-hidraulica-pecas","7":"product_cat-partes-e-pecas","8":"product_cat-bomba-hidraulica-pecas","10":"first","11":"instock","12":"shipping-taxable","13":"product-type-simple"},"acf":[],"aioseo_notices":[],"_links":{"self":[{"href":"https:\/\/casadaescavadeira.com.br\/pt\/wp-json\/wp\/v2\/product\/17584","targetHints":{"allow":["GET"]}}],"collection":[{"href":"https:\/\/casadaescavadeira.com.br\/pt\/wp-json\/wp\/v2\/product"}],"about":[{"href":"https:\/\/casadaescavadeira.com.br\/pt\/wp-json\/wp\/v2\/types\/product"}],"replies":[{"embeddable":true,"href":"https:\/\/casadaescavadeira.com.br\/pt\/wp-json\/wp\/v2\/comments?post=17584"}],"wp:featuredmedia":[{"embeddable":true,"href":"https:\/\/casadaescavadeira.com.br\/pt\/wp-json\/wp\/v2\/media\/16201"}],"wp:attachment":[{"href":"https:\/\/casadaescavadeira.com.br\/pt\/wp-json\/wp\/v2\/media?parent=17584"}],"wp:term":[{"taxonomy":"product_brand","embeddable":true,"href":"https:\/\/casadaescavadeira.com.br\/pt\/wp-json\/wp\/v2\/product_brand?post=17584"},{"taxonomy":"product_cat","embeddable":true,"href":"https:\/\/casadaescavadeira.com.br\/pt\/wp-json\/wp\/v2\/product_cat?post=17584"},{"taxonomy":"product_tag","embeddable":true,"href":"https:\/\/casadaescavadeira.com.br\/pt\/wp-json\/wp\/v2\/product_tag?post=17584"}],"curies":[{"name":"wp","href":"https:\/\/api.w.org\/{rel}","templated":true}]}}