{"id":17568,"date":"2023-12-11T15:26:38","date_gmt":"2023-12-11T18:26:38","guid":{"rendered":"https:\/\/casadaescavadeira.com.br\/?post_type=product&#038;p=17568"},"modified":"2025-11-13T15:25:55","modified_gmt":"2025-11-13T18:25:55","slug":"bronzina-tipo-1-a28vo130","status":"publish","type":"product","link":"https:\/\/casadaescavadeira.com.br\/pt\/produto\/bronzina-tipo-1-a28vo130\/","title":{"rendered":"BRONZINA TIPO 1 A28VO130\/V90N130"},"content":{"rendered":"<p>Bronzina do ber\u00e7o s\u00e3o partes feitas de bronze aplicadas em bombas hidr\u00e1ulicas volum\u00e9tricas rotativas do modelo A28VO130.<\/p>","protected":false},"excerpt":{"rendered":"<p>Bronzina do ber\u00e7o s\u00e3o partes feitas de bronze aplicadas em bombas hidr\u00e1ulicas volum\u00e9tricas rotativas do modelo A28VO130.<\/p>","protected":false},"featured_media":17569,"comment_status":"closed","ping_status":"closed","template":"","meta":{"_acf_changed":false,"om_disable_all_campaigns":false,"_monsterinsights_skip_tracking":false,"_monsterinsights_sitenote_active":false,"_monsterinsights_sitenote_note":"","_monsterinsights_sitenote_category":0,"_uf_show_specific_survey":0,"_uf_disable_surveys":false},"product_brand":[],"product_cat":[1908,38,39],"product_tag":[2659,2660],"class_list":{"0":"post-17568","1":"product","2":"type-product","3":"status-publish","4":"has-post-thumbnail","6":"product_cat-a28v-bomba-hidraulica-pecas","7":"product_cat-partes-e-pecas","8":"product_cat-bomba-hidraulica-pecas","9":"product_tag-543-3717","10":"product_tag-2660","11":"pa_marca-caterpillar","13":"first","14":"instock","15":"shipping-taxable","16":"product-type-simple"},"acf":[],"aioseo_notices":[],"_links":{"self":[{"href":"https:\/\/casadaescavadeira.com.br\/pt\/wp-json\/wp\/v2\/product\/17568","targetHints":{"allow":["GET"]}}],"collection":[{"href":"https:\/\/casadaescavadeira.com.br\/pt\/wp-json\/wp\/v2\/product"}],"about":[{"href":"https:\/\/casadaescavadeira.com.br\/pt\/wp-json\/wp\/v2\/types\/product"}],"replies":[{"embeddable":true,"href":"https:\/\/casadaescavadeira.com.br\/pt\/wp-json\/wp\/v2\/comments?post=17568"}],"wp:featuredmedia":[{"embeddable":true,"href":"https:\/\/casadaescavadeira.com.br\/pt\/wp-json\/wp\/v2\/media\/17569"}],"wp:attachment":[{"href":"https:\/\/casadaescavadeira.com.br\/pt\/wp-json\/wp\/v2\/media?parent=17568"}],"wp:term":[{"taxonomy":"product_brand","embeddable":true,"href":"https:\/\/casadaescavadeira.com.br\/pt\/wp-json\/wp\/v2\/product_brand?post=17568"},{"taxonomy":"product_cat","embeddable":true,"href":"https:\/\/casadaescavadeira.com.br\/pt\/wp-json\/wp\/v2\/product_cat?post=17568"},{"taxonomy":"product_tag","embeddable":true,"href":"https:\/\/casadaescavadeira.com.br\/pt\/wp-json\/wp\/v2\/product_tag?post=17568"}],"curies":[{"name":"wp","href":"https:\/\/api.w.org\/{rel}","templated":true}]}}