{"id":17558,"date":"2023-12-11T12:59:46","date_gmt":"2023-12-11T15:59:46","guid":{"rendered":"https:\/\/casadaescavadeira.com.br\/?post_type=product&#038;p=17558"},"modified":"2023-12-11T12:59:46","modified_gmt":"2023-12-11T15:59:46","slug":"eixo-traseiro-a28vo130","status":"publish","type":"product","link":"https:\/\/casadaescavadeira.com.br\/pt\/produto\/eixo-traseiro-a28vo130\/","title":{"rendered":"EIXO TRASEIRO A28VO130"},"content":{"rendered":"<p>Eixo curto ou eixo conduzido s\u00e3o partes de a\u00e7o carbono temperadas exclusiva para bombas hidr\u00e1ulicas volum\u00e9tricas rotativas do modelo A28VO130 ou equivalentes<\/p>","protected":false},"excerpt":{"rendered":"<p>Eixo curto ou eixo conduzido s\u00e3o partes de a\u00e7o carbono temperadas exclusiva para bombas hidr\u00e1ulicas volum\u00e9tricas rotativas do modelo A28VO130 ou equivalentes<\/p>","protected":false},"featured_media":17559,"comment_status":"closed","ping_status":"closed","template":"","meta":{"_acf_changed":false,"om_disable_all_campaigns":false,"_monsterinsights_skip_tracking":false,"_monsterinsights_sitenote_active":false,"_monsterinsights_sitenote_note":"","_monsterinsights_sitenote_category":0,"_uf_show_specific_survey":0,"_uf_disable_surveys":false},"product_brand":[],"product_cat":[1908,38,39],"product_tag":[],"class_list":{"0":"post-17558","1":"product","2":"type-product","3":"status-publish","4":"has-post-thumbnail","6":"product_cat-a28v-bomba-hidraulica-pecas","7":"product_cat-partes-e-pecas","8":"product_cat-bomba-hidraulica-pecas","10":"first","11":"instock","12":"shipping-taxable","13":"product-type-simple"},"acf":[],"aioseo_notices":[],"_links":{"self":[{"href":"https:\/\/casadaescavadeira.com.br\/pt\/wp-json\/wp\/v2\/product\/17558","targetHints":{"allow":["GET"]}}],"collection":[{"href":"https:\/\/casadaescavadeira.com.br\/pt\/wp-json\/wp\/v2\/product"}],"about":[{"href":"https:\/\/casadaescavadeira.com.br\/pt\/wp-json\/wp\/v2\/types\/product"}],"replies":[{"embeddable":true,"href":"https:\/\/casadaescavadeira.com.br\/pt\/wp-json\/wp\/v2\/comments?post=17558"}],"wp:featuredmedia":[{"embeddable":true,"href":"https:\/\/casadaescavadeira.com.br\/pt\/wp-json\/wp\/v2\/media\/17559"}],"wp:attachment":[{"href":"https:\/\/casadaescavadeira.com.br\/pt\/wp-json\/wp\/v2\/media?parent=17558"}],"wp:term":[{"taxonomy":"product_brand","embeddable":true,"href":"https:\/\/casadaescavadeira.com.br\/pt\/wp-json\/wp\/v2\/product_brand?post=17558"},{"taxonomy":"product_cat","embeddable":true,"href":"https:\/\/casadaescavadeira.com.br\/pt\/wp-json\/wp\/v2\/product_cat?post=17558"},{"taxonomy":"product_tag","embeddable":true,"href":"https:\/\/casadaescavadeira.com.br\/pt\/wp-json\/wp\/v2\/product_tag?post=17558"}],"curies":[{"name":"wp","href":"https:\/\/api.w.org\/{rel}","templated":true}]}}