{"id":17526,"date":"2023-12-05T16:11:34","date_gmt":"2023-12-05T19:11:34","guid":{"rendered":"https:\/\/casadaescavadeira.com.br\/?post_type=product&#038;p=17526"},"modified":"2024-11-14T14:27:11","modified_gmt":"2024-11-14T17:27:11","slug":"bomba-hidraulica-f5v140dtp-yt6k","status":"publish","type":"product","link":"https:\/\/casadaescavadeira.com.br\/pt\/produto\/bomba-hidraulica-f5v140dtp-yt6k\/","title":{"rendered":"BOMBA HIDR\u00c1ULICA F5V140DTP-YT6K"},"content":{"rendered":"<p>F5V140DTP-YT6K\u00a0 s\u00e3o bombas hidr\u00e1ulicas volum\u00e9tricas rotativas de pist\u00f5es axiais e fluxo vari\u00e1vel, para acionamento hidrost\u00e1tico em circuitos fechados, de dupla a\u00e7\u00e3o com 280cm\u00b3\/rev, m\u00e1ximo de 2160 rpm,\u00a0 com vaz\u00e3o aproximada de 605\/min,\u00a0 press\u00e3o de trabalho 34.3mpa ou 343bar e press\u00e3o m\u00e1xima de 39.2 mpa ou 392bar. Aplicadas em escavadeiras da marca New Holland modelos E385 e similares.<\/p>","protected":false},"excerpt":{"rendered":"<p>F5V140DTP-YT6K\u00a0 s\u00e3o bombas hidr\u00e1ulicas volum\u00e9tricas rotativas de pist\u00f5es axiais e fluxo vari\u00e1vel, para acionamento hidrost\u00e1tico em circuitos fechados, de dupla a\u00e7\u00e3o com 280cm\u00b3\/rev, m\u00e1ximo de 2160 rpm,\u00a0 com vaz\u00e3o aproximada de 605\/min,\u00a0 press\u00e3o de trabalho 34.3mpa ou 343bar e press\u00e3o m\u00e1xima de 39.2 mpa ou 392bar. Aplicadas em escavadeiras da marca New Holland modelos E385 [&hellip;]<\/p>\n","protected":false},"featured_media":16201,"comment_status":"closed","ping_status":"closed","template":"","meta":{"_acf_changed":false,"om_disable_all_campaigns":false,"_monsterinsights_skip_tracking":false,"_monsterinsights_sitenote_active":false,"_monsterinsights_sitenote_note":"","_monsterinsights_sitenote_category":0,"_uf_show_specific_survey":0,"_uf_disable_surveys":false},"product_brand":[],"product_cat":[19,1050],"product_tag":[1888,1889],"class_list":{"0":"post-17526","1":"product","2":"type-product","3":"status-publish","4":"has-post-thumbnail","6":"product_cat-bombas-hidraulicas","7":"product_cat-k5v-series-kawasaki","8":"product_tag-lc10v00014f1","9":"product_tag-lc10v00029f2","10":"pa_marca-kobelco","11":"pa_marca-new-holland","13":"first","14":"instock","15":"shipping-taxable","16":"product-type-simple"},"acf":[],"aioseo_notices":[],"_links":{"self":[{"href":"https:\/\/casadaescavadeira.com.br\/pt\/wp-json\/wp\/v2\/product\/17526","targetHints":{"allow":["GET"]}}],"collection":[{"href":"https:\/\/casadaescavadeira.com.br\/pt\/wp-json\/wp\/v2\/product"}],"about":[{"href":"https:\/\/casadaescavadeira.com.br\/pt\/wp-json\/wp\/v2\/types\/product"}],"replies":[{"embeddable":true,"href":"https:\/\/casadaescavadeira.com.br\/pt\/wp-json\/wp\/v2\/comments?post=17526"}],"wp:featuredmedia":[{"embeddable":true,"href":"https:\/\/casadaescavadeira.com.br\/pt\/wp-json\/wp\/v2\/media\/16201"}],"wp:attachment":[{"href":"https:\/\/casadaescavadeira.com.br\/pt\/wp-json\/wp\/v2\/media?parent=17526"}],"wp:term":[{"taxonomy":"product_brand","embeddable":true,"href":"https:\/\/casadaescavadeira.com.br\/pt\/wp-json\/wp\/v2\/product_brand?post=17526"},{"taxonomy":"product_cat","embeddable":true,"href":"https:\/\/casadaescavadeira.com.br\/pt\/wp-json\/wp\/v2\/product_cat?post=17526"},{"taxonomy":"product_tag","embeddable":true,"href":"https:\/\/casadaescavadeira.com.br\/pt\/wp-json\/wp\/v2\/product_tag?post=17526"}],"curies":[{"name":"wp","href":"https:\/\/api.w.org\/{rel}","templated":true}]}}