{"id":17511,"date":"2023-12-05T10:03:55","date_gmt":"2023-12-05T13:03:55","guid":{"rendered":"https:\/\/casadaescavadeira.com.br\/?post_type=product&#038;p=17511"},"modified":"2024-11-14T17:31:18","modified_gmt":"2024-11-14T20:31:18","slug":"bomba-hidraulica-f3v112dtp-9c32","status":"publish","type":"product","link":"https:\/\/casadaescavadeira.com.br\/pt\/produto\/bomba-hidraulica-f3v112dtp-9c32\/","title":{"rendered":"BOMBA HIDR\u00c1ULICA F3V112DTP-9C32"},"content":{"rendered":"<p>F3V112DTP-9C32 s\u00e3o bombas hidr\u00e1ulicas volum\u00e9tricas rotativas de pist\u00f5es axiais e fluxo vari\u00e1vel, para acionamento hidrost\u00e1tico em circuitos fechados, de dupla a\u00e7\u00e3o com 224cm\u00b3\/rev,\u00a0 m\u00e1ximo de 2360 rpm, com vaz\u00e3o aproximada de 528l\/min, press\u00e3o de trabalho 34.3mpa ou 343bar e press\u00e3o m\u00e1xima de 39.2 mpa ou 392bar. Aplicadas em escavadeiras da marca JCB modelo JS200 e similares.<\/p>","protected":false},"excerpt":{"rendered":"<p>F3V112DTP-9C32 s\u00e3o bombas hidr\u00e1ulicas volum\u00e9tricas rotativas de pist\u00f5es axiais e fluxo vari\u00e1vel, para acionamento hidrost\u00e1tico em circuitos fechados, de dupla a\u00e7\u00e3o com 224cm\u00b3\/rev,\u00a0 m\u00e1ximo de 2360 rpm, com vaz\u00e3o aproximada de 528l\/min, press\u00e3o de trabalho 34.3mpa ou 343bar e press\u00e3o m\u00e1xima de 39.2 mpa ou 392bar. Aplicadas em escavadeiras da marca JCB modelo JS200 e similares.<\/p>","protected":false},"featured_media":16201,"comment_status":"closed","ping_status":"closed","template":"","meta":{"_acf_changed":false,"om_disable_all_campaigns":false,"_monsterinsights_skip_tracking":false,"_monsterinsights_sitenote_active":false,"_monsterinsights_sitenote_note":"","_monsterinsights_sitenote_category":0,"_uf_show_specific_survey":0,"_uf_disable_surveys":false},"product_brand":[],"product_cat":[19,1052],"product_tag":[1873],"class_list":{"0":"post-17511","1":"product","2":"type-product","3":"status-publish","4":"has-post-thumbnail","6":"product_cat-bombas-hidraulicas","7":"product_cat-k3v-series-kawasaki-bombas-hidraulicas","8":"product_tag-krj4573","9":"pa_marca-jcb","11":"first","12":"instock","13":"shipping-taxable","14":"product-type-simple"},"acf":[],"aioseo_notices":[],"_links":{"self":[{"href":"https:\/\/casadaescavadeira.com.br\/pt\/wp-json\/wp\/v2\/product\/17511","targetHints":{"allow":["GET"]}}],"collection":[{"href":"https:\/\/casadaescavadeira.com.br\/pt\/wp-json\/wp\/v2\/product"}],"about":[{"href":"https:\/\/casadaescavadeira.com.br\/pt\/wp-json\/wp\/v2\/types\/product"}],"replies":[{"embeddable":true,"href":"https:\/\/casadaescavadeira.com.br\/pt\/wp-json\/wp\/v2\/comments?post=17511"}],"wp:featuredmedia":[{"embeddable":true,"href":"https:\/\/casadaescavadeira.com.br\/pt\/wp-json\/wp\/v2\/media\/16201"}],"wp:attachment":[{"href":"https:\/\/casadaescavadeira.com.br\/pt\/wp-json\/wp\/v2\/media?parent=17511"}],"wp:term":[{"taxonomy":"product_brand","embeddable":true,"href":"https:\/\/casadaescavadeira.com.br\/pt\/wp-json\/wp\/v2\/product_brand?post=17511"},{"taxonomy":"product_cat","embeddable":true,"href":"https:\/\/casadaescavadeira.com.br\/pt\/wp-json\/wp\/v2\/product_cat?post=17511"},{"taxonomy":"product_tag","embeddable":true,"href":"https:\/\/casadaescavadeira.com.br\/pt\/wp-json\/wp\/v2\/product_tag?post=17511"}],"curies":[{"name":"wp","href":"https:\/\/api.w.org\/{rel}","templated":true}]}}