{"id":17499,"date":"2023-12-01T11:42:56","date_gmt":"2023-12-01T14:42:56","guid":{"rendered":"https:\/\/casadaescavadeira.com.br\/?post_type=product&#038;p=17499"},"modified":"2024-11-18T09:02:10","modified_gmt":"2024-11-18T12:02:10","slug":"bomba-hidraulica-ap2d18-g2sp-10-5-5-0-sr","status":"publish","type":"product","link":"https:\/\/casadaescavadeira.com.br\/pt\/produto\/bomba-hidraulica-ap2d18-g2sp-10-5-5-0-sr\/","title":{"rendered":"BOMBA HIDR\u00c1ULICA AP2D18-G2SP-10.5\/5.0-SR"},"content":{"rendered":"<p>AP2D12-G2SP-6.5\/5.0-SR s\u00e3o bombas hidr\u00e1ulicas volum\u00e9tricas rotativas de pist\u00f5es axiais, fluxo vari\u00e1vel para acionamento hidrost\u00e1tico em circuito aberto, com\u00a0 36+10,5+5,1cm\u00b3\/rev,\u00a0 m\u00e1ximo de 2300 rpm, com vaz\u00e3o aproximada de 82,8+24,2+11,7l\/min, press\u00e3o de trabalho m\u00e1xima 23+23+3mpa ou 230+230+30bar. Aplicadas em escavadeiras da marca case\u00a0 modelo CX36B\u00a0 e similares.<\/p>","protected":false},"excerpt":{"rendered":"<p>AP2D12-G2SP-6.5\/5.0-SR s\u00e3o bombas hidr\u00e1ulicas volum\u00e9tricas rotativas de pist\u00f5es axiais, fluxo vari\u00e1vel para acionamento hidrost\u00e1tico em circuito aberto, com\u00a0 36+10,5+5,1cm\u00b3\/rev,\u00a0 m\u00e1ximo de 2300 rpm, com vaz\u00e3o aproximada de 82,8+24,2+11,7l\/min, press\u00e3o de trabalho m\u00e1xima 23+23+3mpa ou 230+230+30bar. Aplicadas em escavadeiras da marca case\u00a0 modelo CX36B\u00a0 e similares.<\/p>","protected":false},"featured_media":17500,"comment_status":"closed","ping_status":"closed","template":"","meta":{"_acf_changed":false,"om_disable_all_campaigns":false,"_monsterinsights_skip_tracking":false,"_monsterinsights_sitenote_active":false,"_monsterinsights_sitenote_note":"","_monsterinsights_sitenote_category":0,"_uf_show_specific_survey":0,"_uf_disable_surveys":false},"product_brand":[],"product_cat":[19,1050],"product_tag":[1867,1866],"class_list":{"0":"post-17499","1":"product","2":"type-product","3":"status-publish","4":"has-post-thumbnail","6":"product_cat-bombas-hidraulicas","7":"product_cat-k5v-series-kawasaki","8":"product_tag-px10v00012f1","9":"product_tag-px10v00023f1","10":"pa_marca-case","12":"first","13":"instock","14":"shipping-taxable","15":"product-type-simple"},"acf":[],"aioseo_notices":[],"_links":{"self":[{"href":"https:\/\/casadaescavadeira.com.br\/pt\/wp-json\/wp\/v2\/product\/17499","targetHints":{"allow":["GET"]}}],"collection":[{"href":"https:\/\/casadaescavadeira.com.br\/pt\/wp-json\/wp\/v2\/product"}],"about":[{"href":"https:\/\/casadaescavadeira.com.br\/pt\/wp-json\/wp\/v2\/types\/product"}],"replies":[{"embeddable":true,"href":"https:\/\/casadaescavadeira.com.br\/pt\/wp-json\/wp\/v2\/comments?post=17499"}],"wp:featuredmedia":[{"embeddable":true,"href":"https:\/\/casadaescavadeira.com.br\/pt\/wp-json\/wp\/v2\/media\/17500"}],"wp:attachment":[{"href":"https:\/\/casadaescavadeira.com.br\/pt\/wp-json\/wp\/v2\/media?parent=17499"}],"wp:term":[{"taxonomy":"product_brand","embeddable":true,"href":"https:\/\/casadaescavadeira.com.br\/pt\/wp-json\/wp\/v2\/product_brand?post=17499"},{"taxonomy":"product_cat","embeddable":true,"href":"https:\/\/casadaescavadeira.com.br\/pt\/wp-json\/wp\/v2\/product_cat?post=17499"},{"taxonomy":"product_tag","embeddable":true,"href":"https:\/\/casadaescavadeira.com.br\/pt\/wp-json\/wp\/v2\/product_tag?post=17499"}],"curies":[{"name":"wp","href":"https:\/\/api.w.org\/{rel}","templated":true}]}}