{"id":17453,"date":"2023-11-29T11:23:52","date_gmt":"2023-11-29T14:23:52","guid":{"rendered":"https:\/\/casadaescavadeira.com.br\/?post_type=product&#038;p=17453"},"modified":"2023-11-29T11:24:56","modified_gmt":"2023-11-29T14:24:56","slug":"bloco-corpo-central-sem-valvula-eletrica-f5p2d-ap2d","status":"publish","type":"product","link":"https:\/\/casadaescavadeira.com.br\/pt\/produto\/bloco-corpo-central-sem-valvula-eletrica-f5p2d-ap2d\/","title":{"rendered":"BLOCO CORPO CENTRAL SEM V\u00c1LVULA EL\u00c9TRICA F5P2D\/AP2D"},"content":{"rendered":"<p>Bloco de a\u00e7o carbono temperado exclusivo para bombas hidr\u00e1ulicas volum\u00e9tricas rotativas modelo F5P2D\/AP2D. Aplicadas em escavadeiras de diversas marcas.<\/p>","protected":false},"excerpt":{"rendered":"<p>Bloco de a\u00e7o carbono temperado exclusivo para bombas hidr\u00e1ulicas volum\u00e9tricas rotativas modelo F5P2D\/AP2D. Aplicadas em escavadeiras de diversas marcas.<\/p>","protected":false},"featured_media":16201,"comment_status":"closed","ping_status":"closed","template":"","meta":{"_acf_changed":false,"om_disable_all_campaigns":false,"_monsterinsights_skip_tracking":false,"_monsterinsights_sitenote_active":false,"_monsterinsights_sitenote_note":"","_monsterinsights_sitenote_category":0,"_uf_show_specific_survey":0,"_uf_disable_surveys":false},"product_brand":[],"product_cat":[1177,38,39],"product_tag":[],"class_list":{"0":"post-17453","1":"product","2":"type-product","3":"status-publish","4":"has-post-thumbnail","6":"product_cat-ap2d-series-uchida-bomba-hidraulica-pecas","7":"product_cat-partes-e-pecas","8":"product_cat-bomba-hidraulica-pecas","10":"first","11":"instock","12":"shipping-taxable","13":"product-type-simple"},"acf":[],"aioseo_notices":[],"_links":{"self":[{"href":"https:\/\/casadaescavadeira.com.br\/pt\/wp-json\/wp\/v2\/product\/17453","targetHints":{"allow":["GET"]}}],"collection":[{"href":"https:\/\/casadaescavadeira.com.br\/pt\/wp-json\/wp\/v2\/product"}],"about":[{"href":"https:\/\/casadaescavadeira.com.br\/pt\/wp-json\/wp\/v2\/types\/product"}],"replies":[{"embeddable":true,"href":"https:\/\/casadaescavadeira.com.br\/pt\/wp-json\/wp\/v2\/comments?post=17453"}],"wp:featuredmedia":[{"embeddable":true,"href":"https:\/\/casadaescavadeira.com.br\/pt\/wp-json\/wp\/v2\/media\/16201"}],"wp:attachment":[{"href":"https:\/\/casadaescavadeira.com.br\/pt\/wp-json\/wp\/v2\/media?parent=17453"}],"wp:term":[{"taxonomy":"product_brand","embeddable":true,"href":"https:\/\/casadaescavadeira.com.br\/pt\/wp-json\/wp\/v2\/product_brand?post=17453"},{"taxonomy":"product_cat","embeddable":true,"href":"https:\/\/casadaescavadeira.com.br\/pt\/wp-json\/wp\/v2\/product_cat?post=17453"},{"taxonomy":"product_tag","embeddable":true,"href":"https:\/\/casadaescavadeira.com.br\/pt\/wp-json\/wp\/v2\/product_tag?post=17453"}],"curies":[{"name":"wp","href":"https:\/\/api.w.org\/{rel}","templated":true}]}}