{"id":17450,"date":"2023-11-29T10:25:20","date_gmt":"2023-11-29T13:25:20","guid":{"rendered":"https:\/\/casadaescavadeira.com.br\/?post_type=product&#038;p=17450"},"modified":"2023-11-29T10:26:55","modified_gmt":"2023-11-29T13:26:55","slug":"bloco-corpo-central-kdrde5k-20-40co7-109-sem-valvula-eletrica","status":"publish","type":"product","link":"https:\/\/casadaescavadeira.com.br\/pt\/produto\/bloco-corpo-central-kdrde5k-20-40co7-109-sem-valvula-eletrica\/","title":{"rendered":"BLOCO CORPO CENTRAL KDRDE5K-20\/40CO7-109 SEM V\u00c1LVULA EL\u00c9TRICA"},"content":{"rendered":"<p>Bloco de a\u00e7o carbono temperado exclusivo para bombas hidr\u00e1ulicas volum\u00e9tricas rotativas modelo F3V63. Aplicadas em escavadeiras da marca Hyundai modelos R140\/R160 e equivalentes.<\/p>","protected":false},"excerpt":{"rendered":"<p>Bloco de a\u00e7o carbono temperado exclusivo para bombas hidr\u00e1ulicas volum\u00e9tricas rotativas modelo F3V63. Aplicadas em escavadeiras da marca Hyundai modelos R140\/R160 e equivalentes.<\/p>","protected":false},"featured_media":16201,"comment_status":"closed","ping_status":"closed","template":"","meta":{"_acf_changed":false,"om_disable_all_campaigns":false,"_monsterinsights_skip_tracking":false,"_monsterinsights_sitenote_active":false,"_monsterinsights_sitenote_note":"","_monsterinsights_sitenote_category":0,"_uf_show_specific_survey":0,"_uf_disable_surveys":false},"product_brand":[],"product_cat":[78,38,39],"product_tag":[],"class_list":{"0":"post-17450","1":"product","2":"type-product","3":"status-publish","4":"has-post-thumbnail","6":"product_cat-k3v-series-kawasaki","7":"product_cat-partes-e-pecas","8":"product_cat-bomba-hidraulica-pecas","10":"first","11":"instock","12":"shipping-taxable","13":"product-type-simple"},"acf":[],"aioseo_notices":[],"_links":{"self":[{"href":"https:\/\/casadaescavadeira.com.br\/pt\/wp-json\/wp\/v2\/product\/17450","targetHints":{"allow":["GET"]}}],"collection":[{"href":"https:\/\/casadaescavadeira.com.br\/pt\/wp-json\/wp\/v2\/product"}],"about":[{"href":"https:\/\/casadaescavadeira.com.br\/pt\/wp-json\/wp\/v2\/types\/product"}],"replies":[{"embeddable":true,"href":"https:\/\/casadaescavadeira.com.br\/pt\/wp-json\/wp\/v2\/comments?post=17450"}],"wp:featuredmedia":[{"embeddable":true,"href":"https:\/\/casadaescavadeira.com.br\/pt\/wp-json\/wp\/v2\/media\/16201"}],"wp:attachment":[{"href":"https:\/\/casadaescavadeira.com.br\/pt\/wp-json\/wp\/v2\/media?parent=17450"}],"wp:term":[{"taxonomy":"product_brand","embeddable":true,"href":"https:\/\/casadaescavadeira.com.br\/pt\/wp-json\/wp\/v2\/product_brand?post=17450"},{"taxonomy":"product_cat","embeddable":true,"href":"https:\/\/casadaescavadeira.com.br\/pt\/wp-json\/wp\/v2\/product_cat?post=17450"},{"taxonomy":"product_tag","embeddable":true,"href":"https:\/\/casadaescavadeira.com.br\/pt\/wp-json\/wp\/v2\/product_tag?post=17450"}],"curies":[{"name":"wp","href":"https:\/\/api.w.org\/{rel}","templated":true}]}}