{"id":17442,"date":"2023-11-28T17:09:36","date_gmt":"2023-11-28T20:09:36","guid":{"rendered":"https:\/\/casadaescavadeira.com.br\/?post_type=product&#038;p=17442"},"modified":"2023-11-28T17:09:36","modified_gmt":"2023-11-28T20:09:36","slug":"berco-hpv95-pc200-6","status":"publish","type":"product","link":"https:\/\/casadaescavadeira.com.br\/pt\/produto\/berco-hpv95-pc200-6\/","title":{"rendered":"BER\u00c7O HPV95 PC200-6"},"content":{"rendered":"<p>Ber\u00e7o das bombas hidr\u00e1ulicas do modelo HPV95 s\u00e3o aplicadas em escavadeiras hidr\u00e1ulicas da marca Komatsu PC120, PC200 e similares.<\/p>","protected":false},"excerpt":{"rendered":"<p>Ber\u00e7o das bombas hidr\u00e1ulicas do modelo HPV95 s\u00e3o aplicadas em escavadeiras hidr\u00e1ulicas da marca Komatsu PC120, PC200 e similares.<\/p>","protected":false},"featured_media":17443,"comment_status":"closed","ping_status":"closed","template":"","meta":{"_acf_changed":false,"om_disable_all_campaigns":false,"_monsterinsights_skip_tracking":false,"_monsterinsights_sitenote_active":false,"_monsterinsights_sitenote_note":"","_monsterinsights_sitenote_category":0,"_uf_show_specific_survey":0,"_uf_disable_surveys":false},"product_brand":[],"product_cat":[1179,38,39],"product_tag":[1845],"class_list":{"0":"post-17442","1":"product","2":"type-product","3":"status-publish","4":"has-post-thumbnail","6":"product_cat-hpv-series-hitachi-bomba-hidraulica-pecas","7":"product_cat-partes-e-pecas","8":"product_cat-bomba-hidraulica-pecas","9":"product_tag-708-2l-04061","11":"first","12":"instock","13":"shipping-taxable","14":"product-type-simple"},"acf":[],"aioseo_notices":[],"_links":{"self":[{"href":"https:\/\/casadaescavadeira.com.br\/pt\/wp-json\/wp\/v2\/product\/17442","targetHints":{"allow":["GET"]}}],"collection":[{"href":"https:\/\/casadaescavadeira.com.br\/pt\/wp-json\/wp\/v2\/product"}],"about":[{"href":"https:\/\/casadaescavadeira.com.br\/pt\/wp-json\/wp\/v2\/types\/product"}],"replies":[{"embeddable":true,"href":"https:\/\/casadaescavadeira.com.br\/pt\/wp-json\/wp\/v2\/comments?post=17442"}],"wp:featuredmedia":[{"embeddable":true,"href":"https:\/\/casadaescavadeira.com.br\/pt\/wp-json\/wp\/v2\/media\/17443"}],"wp:attachment":[{"href":"https:\/\/casadaescavadeira.com.br\/pt\/wp-json\/wp\/v2\/media?parent=17442"}],"wp:term":[{"taxonomy":"product_brand","embeddable":true,"href":"https:\/\/casadaescavadeira.com.br\/pt\/wp-json\/wp\/v2\/product_brand?post=17442"},{"taxonomy":"product_cat","embeddable":true,"href":"https:\/\/casadaescavadeira.com.br\/pt\/wp-json\/wp\/v2\/product_cat?post=17442"},{"taxonomy":"product_tag","embeddable":true,"href":"https:\/\/casadaescavadeira.com.br\/pt\/wp-json\/wp\/v2\/product_tag?post=17442"}],"curies":[{"name":"wp","href":"https:\/\/api.w.org\/{rel}","templated":true}]}}