{"id":17441,"date":"2023-11-28T16:51:40","date_gmt":"2023-11-28T19:51:40","guid":{"rendered":"https:\/\/casadaescavadeira.com.br\/?post_type=product&#038;p=17441"},"modified":"2023-11-28T16:51:41","modified_gmt":"2023-11-28T19:51:41","slug":"berco-ap2d36","status":"publish","type":"product","link":"https:\/\/casadaescavadeira.com.br\/pt\/produto\/berco-ap2d36\/","title":{"rendered":"BER\u00c7O AP2D36"},"content":{"rendered":"<p>Balancim s\u00e3o partes de a\u00e7o carbono exclusivas para bombas hidr\u00e1ulicas volum\u00e9tricas rotativas modelos F5VP2D36 ou equivalentes<\/p>","protected":false},"excerpt":{"rendered":"<p>Balancim s\u00e3o partes de a\u00e7o carbono exclusivas para bombas hidr\u00e1ulicas volum\u00e9tricas rotativas modelos F5VP2D36 ou equivalentes<\/p>","protected":false},"featured_media":16201,"comment_status":"closed","ping_status":"closed","template":"","meta":{"_acf_changed":false,"om_disable_all_campaigns":false,"_monsterinsights_skip_tracking":false,"_monsterinsights_sitenote_active":false,"_monsterinsights_sitenote_note":"","_monsterinsights_sitenote_category":0,"_uf_show_specific_survey":0,"_uf_disable_surveys":false},"product_brand":[],"product_cat":[1177,38,39],"product_tag":[42,1844],"class_list":{"0":"post-17441","1":"product","2":"type-product","3":"status-publish","4":"has-post-thumbnail","6":"product_cat-ap2d-series-uchida-bomba-hidraulica-pecas","7":"product_cat-partes-e-pecas","8":"product_cat-bomba-hidraulica-pecas","9":"product_tag-42","10":"product_tag-xjdd-00003","12":"first","13":"instock","14":"shipping-taxable","15":"product-type-simple"},"acf":[],"aioseo_notices":[],"_links":{"self":[{"href":"https:\/\/casadaescavadeira.com.br\/pt\/wp-json\/wp\/v2\/product\/17441","targetHints":{"allow":["GET"]}}],"collection":[{"href":"https:\/\/casadaescavadeira.com.br\/pt\/wp-json\/wp\/v2\/product"}],"about":[{"href":"https:\/\/casadaescavadeira.com.br\/pt\/wp-json\/wp\/v2\/types\/product"}],"replies":[{"embeddable":true,"href":"https:\/\/casadaescavadeira.com.br\/pt\/wp-json\/wp\/v2\/comments?post=17441"}],"wp:featuredmedia":[{"embeddable":true,"href":"https:\/\/casadaescavadeira.com.br\/pt\/wp-json\/wp\/v2\/media\/16201"}],"wp:attachment":[{"href":"https:\/\/casadaescavadeira.com.br\/pt\/wp-json\/wp\/v2\/media?parent=17441"}],"wp:term":[{"taxonomy":"product_brand","embeddable":true,"href":"https:\/\/casadaescavadeira.com.br\/pt\/wp-json\/wp\/v2\/product_brand?post=17441"},{"taxonomy":"product_cat","embeddable":true,"href":"https:\/\/casadaescavadeira.com.br\/pt\/wp-json\/wp\/v2\/product_cat?post=17441"},{"taxonomy":"product_tag","embeddable":true,"href":"https:\/\/casadaescavadeira.com.br\/pt\/wp-json\/wp\/v2\/product_tag?post=17441"}],"curies":[{"name":"wp","href":"https:\/\/api.w.org\/{rel}","templated":true}]}}