{"id":17439,"date":"2023-11-28T16:34:00","date_gmt":"2023-11-28T19:34:00","guid":{"rendered":"https:\/\/casadaescavadeira.com.br\/?post_type=product&#038;p=17439"},"modified":"2023-11-28T16:34:00","modified_gmt":"2023-11-28T19:34:00","slug":"berco-ap2d28","status":"publish","type":"product","link":"https:\/\/casadaescavadeira.com.br\/pt\/produto\/berco-ap2d28\/","title":{"rendered":"BER\u00c7O AP2D28"},"content":{"rendered":"<p>Balancim s\u00e3o partes de a\u00e7o carbono exclusivas para bombas hidr\u00e1ulicas volum\u00e9tricas rotativas modelos F5VP2D28 ou equivalentes<\/p>","protected":false},"excerpt":{"rendered":"<p>Balancim s\u00e3o partes de a\u00e7o carbono exclusivas para bombas hidr\u00e1ulicas volum\u00e9tricas rotativas modelos F5VP2D28 ou equivalentes<\/p>","protected":false},"featured_media":17440,"comment_status":"closed","ping_status":"closed","template":"","meta":{"_acf_changed":false,"om_disable_all_campaigns":false,"_monsterinsights_skip_tracking":false,"_monsterinsights_sitenote_active":false,"_monsterinsights_sitenote_note":"","_monsterinsights_sitenote_category":0,"_uf_show_specific_survey":0,"_uf_disable_surveys":false},"product_brand":[],"product_cat":[1177,38,39],"product_tag":[1843],"class_list":{"0":"post-17439","1":"product","2":"type-product","3":"status-publish","4":"has-post-thumbnail","6":"product_cat-ap2d-series-uchida-bomba-hidraulica-pecas","7":"product_cat-partes-e-pecas","8":"product_cat-bomba-hidraulica-pecas","9":"product_tag-xjdd-01023","11":"first","12":"instock","13":"shipping-taxable","14":"product-type-simple"},"acf":[],"aioseo_notices":[],"_links":{"self":[{"href":"https:\/\/casadaescavadeira.com.br\/pt\/wp-json\/wp\/v2\/product\/17439","targetHints":{"allow":["GET"]}}],"collection":[{"href":"https:\/\/casadaescavadeira.com.br\/pt\/wp-json\/wp\/v2\/product"}],"about":[{"href":"https:\/\/casadaescavadeira.com.br\/pt\/wp-json\/wp\/v2\/types\/product"}],"replies":[{"embeddable":true,"href":"https:\/\/casadaescavadeira.com.br\/pt\/wp-json\/wp\/v2\/comments?post=17439"}],"wp:featuredmedia":[{"embeddable":true,"href":"https:\/\/casadaescavadeira.com.br\/pt\/wp-json\/wp\/v2\/media\/17440"}],"wp:attachment":[{"href":"https:\/\/casadaescavadeira.com.br\/pt\/wp-json\/wp\/v2\/media?parent=17439"}],"wp:term":[{"taxonomy":"product_brand","embeddable":true,"href":"https:\/\/casadaescavadeira.com.br\/pt\/wp-json\/wp\/v2\/product_brand?post=17439"},{"taxonomy":"product_cat","embeddable":true,"href":"https:\/\/casadaescavadeira.com.br\/pt\/wp-json\/wp\/v2\/product_cat?post=17439"},{"taxonomy":"product_tag","embeddable":true,"href":"https:\/\/casadaescavadeira.com.br\/pt\/wp-json\/wp\/v2\/product_tag?post=17439"}],"curies":[{"name":"wp","href":"https:\/\/api.w.org\/{rel}","templated":true}]}}